{"id":100,"date":"2024-06-18T08:57:42","date_gmt":"2024-06-18T08:57:42","guid":{"rendered":"https:\/\/helsinki-tallinn.com\/de\/?page_id=100"},"modified":"2026-02-24T08:23:37","modified_gmt":"2026-02-24T08:23:37","slug":"tallink-silja-terminal","status":"publish","type":"page","link":"https:\/\/helsinki-tallinn.com\/de\/helsinki-hafen\/tallink-silja-terminal\/","title":{"rendered":"Tallink Silja: Terminal Helsinki"},"content":{"rendered":"\n<p>Im Hafen von Helsinki befindet sich das Tallink Silja-Terminal am Terminal 2. Achten Sie darauf, rechtzeitig am Terminal einzuchecken, damit Sie p\u00fcnktlich an Bord der F\u00e4hre gehen k\u00f6nnen. Auf dieser Seite finden Sie die notwendigen Informationen, einschlie\u00dflich der Adressdaten und des Check-ins.<\/p>\n\n\n\n<h2 class=\"wp-block-heading\">Adressdaten des Terminals<\/h2>\n\n\n\n<p>Sehen Sie sich unten die Adressdetails des Terminals von <a href=\"https:\/\/helsinki-tallinn.com\/de\/tallink-silja\/\">Tallink Silja<\/a> im Hafen von Helsinki an:<\/p>\n\n\n\n<ul class=\"wp-block-list\">\n<li>Helsinki West Harbor Terminal 2<\/li>\n\n\n\n<li>Tyynenmernkatu 14<\/li>\n\n\n\n<li>00220 Helsinki<\/li>\n<\/ul>\n\n\n\n<p>Mithilfe der untenstehenden Karte k\u00f6nnen Sie ganz einfach zum Terminal navigieren.<\/p>\n\n\n\n\n\n<p><\/p>\n\n\n\n<h2 class=\"wp-block-heading\">Check-in am Terminal in Helsinki<\/h2>\n\n\n\n<p>Der Check-in im Tallink Silja schlie\u00dft 30 Minuten vor Abflug f\u00fcr Passagiere ohne Fahrzeug und 60 Minuten vor Abflug f\u00fcr Passagiere mit Fahrzeug. Etwa 40 Minuten vor der Abfahrt k\u00f6nnen Sie an Bord der F\u00e4hre (<a href=\"https:\/\/helsinki-tallinn.com\/de\/megastar\/\">Megastar <\/a>oder <a href=\"https:\/\/helsinki-tallinn.com\/de\/mystar\/\">MyStar<\/a>) gehen. Dies wird am Hafen deutlich angek\u00fcndigt. Bitte beachten Sie: Das Boarding schlie\u00dft 20 Minuten vor Abflug. Seien Sie also p\u00fcnktlich.<\/p>\n\n\n\n<h3 class=\"wp-block-heading\">Tallink Silja Fahrplan Helsinki<\/h3>\n\n\n\n<p>Sehen Sie sich unten den Standardfahrplan von Tallink Silja vom Hafen Helsinki zum <a href=\"https:\/\/helsinki-tallinn.com\/de\/tallinn-hafen\/\">Hafen Tallinn<\/a> an.<\/p>\n\n\n\n<figure class=\"wp-block-table is-style-stripes has-small-font-size\"><table><thead><tr><th class=\"has-text-align-left\" data-align=\"left\">Abfahrt<\/th><th class=\"has-text-align-left\" data-align=\"left\">Ankunft<\/th><th class=\"has-text-align-left\" data-align=\"left\">Abreisetage<\/th><th class=\"has-text-align-left\" data-align=\"left\">F\u00e4hre<\/th><\/tr><\/thead><tbody><tr><td class=\"has-text-align-left\" data-align=\"left\">07:30<\/td><td class=\"has-text-align-left\" data-align=\"left\">09:30<\/td><td class=\"has-text-align-left\" data-align=\"left\">T\u00e4glich<\/td><td class=\"has-text-align-left\" data-align=\"left\">MyStar<\/td><\/tr><tr><td class=\"has-text-align-left\" data-align=\"left\">10:30<\/td><td class=\"has-text-align-left\" data-align=\"left\">12:30<\/td><td class=\"has-text-align-left\" data-align=\"left\">T\u00e4glich<\/td><td class=\"has-text-align-left\" data-align=\"left\">Megastar<\/td><\/tr><tr><td class=\"has-text-align-left\" data-align=\"left\">13:30<\/td><td class=\"has-text-align-left\" data-align=\"left\">15:30<\/td><td class=\"has-text-align-left\" data-align=\"left\">T\u00e4glich<\/td><td class=\"has-text-align-left\" data-align=\"left\">MyStar<\/td><\/tr><tr><td class=\"has-text-align-left\" data-align=\"left\">16:30<\/td><td class=\"has-text-align-left\" data-align=\"left\">18:30<\/td><td class=\"has-text-align-left\" data-align=\"left\">T\u00e4glich<\/td><td class=\"has-text-align-left\" data-align=\"left\">Megastar<\/td><\/tr><tr><td class=\"has-text-align-left\" data-align=\"left\">19:30<\/td><td class=\"has-text-align-left\" data-align=\"left\">21:30<\/td><td class=\"has-text-align-left\" data-align=\"left\">T\u00e4glich<\/td><td class=\"has-text-align-left\" data-align=\"left\">MyStar<\/td><\/tr><tr><td class=\"has-text-align-left\" data-align=\"left\">22:30<\/td><td class=\"has-text-align-left\" data-align=\"left\">00:30<\/td><td class=\"has-text-align-left\" data-align=\"left\">T\u00e4glich<\/td><td class=\"has-text-align-left\" data-align=\"left\">Megastar<\/td><\/tr><\/tbody><\/table><\/figure>\n\n\n\n<p>Es wird dringend empfohlen, den aktuellen Fahrplan auf der <a href=\"https:\/\/en.tallink.com\/helsinki-tallinn-timetables\" target=\"_blank\" rel=\"noreferrer noopener\">Tallink-Website<\/a> selbst zu pr\u00fcfen. Es kann vorkommen, dass kurzfristige \u00c4nderungen vorgenommen werden. Passt der Segelplan von Tallink nicht zu Ihren Reisepl\u00e4nen? Dann schauen Sie sich den <a href=\"https:\/\/helsinki-tallinn.com\/de\/fahrplan\/\">vollst\u00e4ndigen Fahrplan<\/a> f\u00fcr m\u00f6gliche Alternativ\u00fcberfahrten an.<\/p>\n\n\n\n<h2 class=\"wp-block-heading\">Einrichtungen am Terminal<\/h2>\n\n\n\n<p>Am Tallink Silja-Terminal finden Sie folgende Einrichtungen:<\/p>\n\n\n\n<ul class=\"wp-block-list\">\n<li>Toiletten<\/li>\n\n\n\n<li>Gratis Wifi<\/li>\n\n\n\n<li>Erfrischungsgetr\u00e4nke- und Snackautomaten<\/li>\n\n\n\n<li>Geldautomaten<\/li>\n\n\n\n<li>Wartebereich mit St\u00fchlen<\/li>\n<\/ul>\n\n\n\n<h2 class=\"wp-block-heading\">Der Hafen von Helsinki<\/h2>\n\n\n\n<p>M\u00f6chten Sie mehr \u00fcber den Hafen selbst erfahren? Dann werfen Sie einen Blick auf die informative Seite des <a href=\"https:\/\/helsinki-tallinn.com\/de\/helsinki-hafen\/\">Hafens von Helsinki<\/a>. Hier erfahren Sie die allgemeinen Einrichtungen und weitere Informationen zum Parken Ihres Fahrzeugs. Es lohnt sich auch, einen Blick auf das <a href=\"https:\/\/helsinki-tallinn.com\/de\/tallinn-hafen\/tallink-silja-terminal\/\">Tallink Silja-Terminal in Tallinn<\/a> zu werfen.<\/p>\n","protected":false},"excerpt":{"rendered":"<p>Im Hafen von Helsinki befindet sich das Tallink Silja-Terminal am Terminal 2. Achten Sie darauf, rechtzeitig am Terminal einzuchecken, damit [&hellip;]<\/p>\n","protected":false},"author":1,"featured_media":132,"parent":63,"menu_order":0,"comment_status":"closed","ping_status":"closed","template":"","meta":{"_acf_changed":false,"inline_featured_image":false,"site-sidebar-layout":"default","site-content-layout":"","ast-site-content-layout":"default","site-content-style":"default","site-sidebar-style":"default","ast-global-header-display":"","ast-banner-title-visibility":"","ast-main-header-display":"","ast-hfb-above-header-display":"","ast-hfb-below-header-display":"","ast-hfb-mobile-header-display":"","site-post-title":"","ast-breadcrumbs-content":"","ast-featured-img":"","footer-sml-layout":"","ast-disable-related-posts":"","theme-transparent-header-meta":"","adv-header-id-meta":"","stick-header-meta":"","header-above-stick-meta":"","header-main-stick-meta":"","header-below-stick-meta":"","astra-migrate-meta-layouts":"default","ast-page-background-enabled":"default","ast-page-background-meta":{"desktop":{"background-color":"var(--ast-global-color-4)","background-image":"","background-repeat":"repeat","background-position":"center center","background-size":"auto","background-attachment":"scroll","background-type":"","background-media":"","overlay-type":"","overlay-color":"","overlay-opacity":"","overlay-gradient":""},"tablet":{"background-color":"","background-image":"","background-repeat":"repeat","background-position":"center center","background-size":"auto","background-attachment":"scroll","background-type":"","background-media":"","overlay-type":"","overlay-color":"","overlay-opacity":"","overlay-gradient":""},"mobile":{"background-color":"","background-image":"","background-repeat":"repeat","background-position":"center center","background-size":"auto","background-attachment":"scroll","background-type":"","background-media":"","overlay-type":"","overlay-color":"","overlay-opacity":"","overlay-gradient":""}},"ast-content-background-meta":{"desktop":{"background-color":"var(--ast-global-color-5)","background-image":"","background-repeat":"repeat","background-position":"center center","background-size":"auto","background-attachment":"scroll","background-type":"","background-media":"","overlay-type":"","overlay-color":"","overlay-opacity":"","overlay-gradient":""},"tablet":{"background-color":"var(--ast-global-color-5)","background-image":"","background-repeat":"repeat","background-position":"center center","background-size":"auto","background-attachment":"scroll","background-type":"","background-media":"","overlay-type":"","overlay-color":"","overlay-opacity":"","overlay-gradient":""},"mobile":{"background-color":"var(--ast-global-color-5)","background-image":"","background-repeat":"repeat","background-position":"center center","background-size":"auto","background-attachment":"scroll","background-type":"","background-media":"","overlay-type":"","overlay-color":"","overlay-opacity":"","overlay-gradient":""}},"footnotes":""},"class_list":["post-100","page","type-page","status-publish","has-post-thumbnail","hentry"],"acf":[],"yoast_head":"<!-- This site is optimized with the Yoast SEO plugin v27.2 - https:\/\/yoast.com\/product\/yoast-seo-wordpress\/ -->\n<title>Tallink Silja: Terminal Helsinki - Helsinki Tallinn F\u00e4hre<\/title>\n<meta name=\"description\" content=\"Erfahren Sie wichtige Informationen zum Tallink Silja-Terminal im Hafen von Helsinki: Fahrplan und Check-in.\" \/>\n<meta name=\"robots\" content=\"index, follow, max-snippet:-1, max-image-preview:large, max-video-preview:-1\" \/>\n<link rel=\"canonical\" href=\"https:\/\/helsinki-tallinn.com\/de\/helsinki-hafen\/tallink-silja-terminal\/\" \/>\n<meta property=\"og:locale\" content=\"de_DE\" \/>\n<meta property=\"og:type\" content=\"article\" \/>\n<meta property=\"og:title\" content=\"Tallink Silja: Terminal Helsinki - Helsinki Tallinn F\u00e4hre\" \/>\n<meta property=\"og:description\" content=\"Erfahren Sie wichtige Informationen zum Tallink Silja-Terminal im Hafen von Helsinki: Fahrplan und Check-in.\" \/>\n<meta property=\"og:url\" content=\"https:\/\/helsinki-tallinn.com\/de\/helsinki-hafen\/tallink-silja-terminal\/\" \/>\n<meta property=\"og:site_name\" content=\"Helsinki Tallinn F\u00e4hre\" \/>\n<meta property=\"article:modified_time\" content=\"2026-02-24T08:23:37+00:00\" \/>\n<meta property=\"og:image\" content=\"https:\/\/helsinki-tallinn.com\/de\/wp-content\/uploads\/sites\/2\/2024\/06\/tallink-silja-fahre.jpg\" \/>\n\t<meta property=\"og:image:width\" content=\"1200\" \/>\n\t<meta property=\"og:image:height\" content=\"800\" \/>\n\t<meta property=\"og:image:type\" content=\"image\/jpeg\" \/>\n<meta name=\"twitter:card\" content=\"summary_large_image\" \/>\n<meta name=\"twitter:label1\" content=\"Gesch\u00e4tzte Lesezeit\" \/>\n\t<meta name=\"twitter:data1\" content=\"2\u00a0Minuten\" \/>\n<script type=\"application\/ld+json\" class=\"yoast-schema-graph\">{\"@context\":\"https:\/\/schema.org\",\"@graph\":[{\"@type\":\"WebPage\",\"@id\":\"https:\/\/helsinki-tallinn.com\/de\/helsinki-hafen\/tallink-silja-terminal\/\",\"url\":\"https:\/\/helsinki-tallinn.com\/de\/helsinki-hafen\/tallink-silja-terminal\/\",\"name\":\"Tallink Silja: Terminal Helsinki - Helsinki Tallinn F\u00e4hre\",\"isPartOf\":{\"@id\":\"https:\/\/helsinki-tallinn.com\/de\/#website\"},\"primaryImageOfPage\":{\"@id\":\"https:\/\/helsinki-tallinn.com\/de\/helsinki-hafen\/tallink-silja-terminal\/#primaryimage\"},\"image\":{\"@id\":\"https:\/\/helsinki-tallinn.com\/de\/helsinki-hafen\/tallink-silja-terminal\/#primaryimage\"},\"thumbnailUrl\":\"https:\/\/helsinki-tallinn.com\/de\/wp-content\/uploads\/sites\/2\/2024\/06\/tallink-silja-fahre.jpg\",\"datePublished\":\"2024-06-18T08:57:42+00:00\",\"dateModified\":\"2026-02-24T08:23:37+00:00\",\"description\":\"Erfahren Sie wichtige Informationen zum Tallink Silja-Terminal im Hafen von Helsinki: Fahrplan und Check-in.\",\"breadcrumb\":{\"@id\":\"https:\/\/helsinki-tallinn.com\/de\/helsinki-hafen\/tallink-silja-terminal\/#breadcrumb\"},\"inLanguage\":\"de\",\"potentialAction\":[{\"@type\":\"ReadAction\",\"target\":[\"https:\/\/helsinki-tallinn.com\/de\/helsinki-hafen\/tallink-silja-terminal\/\"]}]},{\"@type\":\"ImageObject\",\"inLanguage\":\"de\",\"@id\":\"https:\/\/helsinki-tallinn.com\/de\/helsinki-hafen\/tallink-silja-terminal\/#primaryimage\",\"url\":\"https:\/\/helsinki-tallinn.com\/de\/wp-content\/uploads\/sites\/2\/2024\/06\/tallink-silja-fahre.jpg\",\"contentUrl\":\"https:\/\/helsinki-tallinn.com\/de\/wp-content\/uploads\/sites\/2\/2024\/06\/tallink-silja-fahre.jpg\",\"width\":1200,\"height\":800,\"caption\":\"tallink silja fahre\"},{\"@type\":\"BreadcrumbList\",\"@id\":\"https:\/\/helsinki-tallinn.com\/de\/helsinki-hafen\/tallink-silja-terminal\/#breadcrumb\",\"itemListElement\":[{\"@type\":\"ListItem\",\"position\":1,\"name\":\"Helsinki Tallinn\",\"item\":\"https:\/\/helsinki-tallinn.com\/de\/\"},{\"@type\":\"ListItem\",\"position\":2,\"name\":\"Hafen von Helsinki\",\"item\":\"https:\/\/helsinki-tallinn.com\/de\/helsinki-hafen\/\"},{\"@type\":\"ListItem\",\"position\":3,\"name\":\"Tallink Silja: Terminal Helsinki\"}]},{\"@type\":\"WebSite\",\"@id\":\"https:\/\/helsinki-tallinn.com\/de\/#website\",\"url\":\"https:\/\/helsinki-tallinn.com\/de\/\",\"name\":\"Helsinki Tallinn F\u00e4hre\",\"description\":\"\",\"publisher\":{\"@id\":\"https:\/\/helsinki-tallinn.com\/de\/#organization\"},\"potentialAction\":[{\"@type\":\"SearchAction\",\"target\":{\"@type\":\"EntryPoint\",\"urlTemplate\":\"https:\/\/helsinki-tallinn.com\/de\/?s={search_term_string}\"},\"query-input\":{\"@type\":\"PropertyValueSpecification\",\"valueRequired\":true,\"valueName\":\"search_term_string\"}}],\"inLanguage\":\"de\"},{\"@type\":\"Organization\",\"@id\":\"https:\/\/helsinki-tallinn.com\/de\/#organization\",\"name\":\"Helsinki Tallinn F\u00e4hre\",\"url\":\"https:\/\/helsinki-tallinn.com\/de\/\",\"logo\":{\"@type\":\"ImageObject\",\"inLanguage\":\"de\",\"@id\":\"https:\/\/helsinki-tallinn.com\/de\/#\/schema\/logo\/image\/\",\"url\":\"https:\/\/helsinki-tallinn.com\/de\/wp-content\/uploads\/sites\/2\/2026\/02\/Helsinki-Talinn-powered.png\",\"contentUrl\":\"https:\/\/helsinki-tallinn.com\/de\/wp-content\/uploads\/sites\/2\/2026\/02\/Helsinki-Talinn-powered.png\",\"width\":700,\"height\":200,\"caption\":\"Helsinki Tallinn F\u00e4hre\"},\"image\":{\"@id\":\"https:\/\/helsinki-tallinn.com\/de\/#\/schema\/logo\/image\/\"}}]}<\/script>\n<!-- \/ Yoast SEO plugin. -->","yoast_head_json":{"title":"Tallink Silja: Terminal Helsinki - Helsinki Tallinn F\u00e4hre","description":"Erfahren Sie wichtige Informationen zum Tallink Silja-Terminal im Hafen von Helsinki: Fahrplan und Check-in.","robots":{"index":"index","follow":"follow","max-snippet":"max-snippet:-1","max-image-preview":"max-image-preview:large","max-video-preview":"max-video-preview:-1"},"canonical":"https:\/\/helsinki-tallinn.com\/de\/helsinki-hafen\/tallink-silja-terminal\/","og_locale":"de_DE","og_type":"article","og_title":"Tallink Silja: Terminal Helsinki - Helsinki Tallinn F\u00e4hre","og_description":"Erfahren Sie wichtige Informationen zum Tallink Silja-Terminal im Hafen von Helsinki: Fahrplan und Check-in.","og_url":"https:\/\/helsinki-tallinn.com\/de\/helsinki-hafen\/tallink-silja-terminal\/","og_site_name":"Helsinki Tallinn F\u00e4hre","article_modified_time":"2026-02-24T08:23:37+00:00","og_image":[{"width":1200,"height":800,"url":"https:\/\/helsinki-tallinn.com\/de\/wp-content\/uploads\/sites\/2\/2024\/06\/tallink-silja-fahre.jpg","type":"image\/jpeg"}],"twitter_card":"summary_large_image","twitter_misc":{"Gesch\u00e4tzte Lesezeit":"2\u00a0Minuten"},"schema":{"@context":"https:\/\/schema.org","@graph":[{"@type":"WebPage","@id":"https:\/\/helsinki-tallinn.com\/de\/helsinki-hafen\/tallink-silja-terminal\/","url":"https:\/\/helsinki-tallinn.com\/de\/helsinki-hafen\/tallink-silja-terminal\/","name":"Tallink Silja: Terminal Helsinki - Helsinki Tallinn F\u00e4hre","isPartOf":{"@id":"https:\/\/helsinki-tallinn.com\/de\/#website"},"primaryImageOfPage":{"@id":"https:\/\/helsinki-tallinn.com\/de\/helsinki-hafen\/tallink-silja-terminal\/#primaryimage"},"image":{"@id":"https:\/\/helsinki-tallinn.com\/de\/helsinki-hafen\/tallink-silja-terminal\/#primaryimage"},"thumbnailUrl":"https:\/\/helsinki-tallinn.com\/de\/wp-content\/uploads\/sites\/2\/2024\/06\/tallink-silja-fahre.jpg","datePublished":"2024-06-18T08:57:42+00:00","dateModified":"2026-02-24T08:23:37+00:00","description":"Erfahren Sie wichtige Informationen zum Tallink Silja-Terminal im Hafen von Helsinki: Fahrplan und Check-in.","breadcrumb":{"@id":"https:\/\/helsinki-tallinn.com\/de\/helsinki-hafen\/tallink-silja-terminal\/#breadcrumb"},"inLanguage":"de","potentialAction":[{"@type":"ReadAction","target":["https:\/\/helsinki-tallinn.com\/de\/helsinki-hafen\/tallink-silja-terminal\/"]}]},{"@type":"ImageObject","inLanguage":"de","@id":"https:\/\/helsinki-tallinn.com\/de\/helsinki-hafen\/tallink-silja-terminal\/#primaryimage","url":"https:\/\/helsinki-tallinn.com\/de\/wp-content\/uploads\/sites\/2\/2024\/06\/tallink-silja-fahre.jpg","contentUrl":"https:\/\/helsinki-tallinn.com\/de\/wp-content\/uploads\/sites\/2\/2024\/06\/tallink-silja-fahre.jpg","width":1200,"height":800,"caption":"tallink silja fahre"},{"@type":"BreadcrumbList","@id":"https:\/\/helsinki-tallinn.com\/de\/helsinki-hafen\/tallink-silja-terminal\/#breadcrumb","itemListElement":[{"@type":"ListItem","position":1,"name":"Helsinki Tallinn","item":"https:\/\/helsinki-tallinn.com\/de\/"},{"@type":"ListItem","position":2,"name":"Hafen von Helsinki","item":"https:\/\/helsinki-tallinn.com\/de\/helsinki-hafen\/"},{"@type":"ListItem","position":3,"name":"Tallink Silja: Terminal Helsinki"}]},{"@type":"WebSite","@id":"https:\/\/helsinki-tallinn.com\/de\/#website","url":"https:\/\/helsinki-tallinn.com\/de\/","name":"Helsinki Tallinn F\u00e4hre","description":"","publisher":{"@id":"https:\/\/helsinki-tallinn.com\/de\/#organization"},"potentialAction":[{"@type":"SearchAction","target":{"@type":"EntryPoint","urlTemplate":"https:\/\/helsinki-tallinn.com\/de\/?s={search_term_string}"},"query-input":{"@type":"PropertyValueSpecification","valueRequired":true,"valueName":"search_term_string"}}],"inLanguage":"de"},{"@type":"Organization","@id":"https:\/\/helsinki-tallinn.com\/de\/#organization","name":"Helsinki Tallinn F\u00e4hre","url":"https:\/\/helsinki-tallinn.com\/de\/","logo":{"@type":"ImageObject","inLanguage":"de","@id":"https:\/\/helsinki-tallinn.com\/de\/#\/schema\/logo\/image\/","url":"https:\/\/helsinki-tallinn.com\/de\/wp-content\/uploads\/sites\/2\/2026\/02\/Helsinki-Talinn-powered.png","contentUrl":"https:\/\/helsinki-tallinn.com\/de\/wp-content\/uploads\/sites\/2\/2026\/02\/Helsinki-Talinn-powered.png","width":700,"height":200,"caption":"Helsinki Tallinn F\u00e4hre"},"image":{"@id":"https:\/\/helsinki-tallinn.com\/de\/#\/schema\/logo\/image\/"}}]}},"_links":{"self":[{"href":"https:\/\/helsinki-tallinn.com\/de\/wp-json\/wp\/v2\/pages\/100","targetHints":{"allow":["GET"]}}],"collection":[{"href":"https:\/\/helsinki-tallinn.com\/de\/wp-json\/wp\/v2\/pages"}],"about":[{"href":"https:\/\/helsinki-tallinn.com\/de\/wp-json\/wp\/v2\/types\/page"}],"author":[{"embeddable":true,"href":"https:\/\/helsinki-tallinn.com\/de\/wp-json\/wp\/v2\/users\/1"}],"replies":[{"embeddable":true,"href":"https:\/\/helsinki-tallinn.com\/de\/wp-json\/wp\/v2\/comments?post=100"}],"version-history":[{"count":7,"href":"https:\/\/helsinki-tallinn.com\/de\/wp-json\/wp\/v2\/pages\/100\/revisions"}],"predecessor-version":[{"id":249,"href":"https:\/\/helsinki-tallinn.com\/de\/wp-json\/wp\/v2\/pages\/100\/revisions\/249"}],"up":[{"embeddable":true,"href":"https:\/\/helsinki-tallinn.com\/de\/wp-json\/wp\/v2\/pages\/63"}],"wp:featuredmedia":[{"embeddable":true,"href":"https:\/\/helsinki-tallinn.com\/de\/wp-json\/wp\/v2\/media\/132"}],"wp:attachment":[{"href":"https:\/\/helsinki-tallinn.com\/de\/wp-json\/wp\/v2\/media?parent=100"}],"curies":[{"name":"wp","href":"https:\/\/api.w.org\/{rel}","templated":true}]}}