{"id":105,"date":"2024-06-18T09:03:20","date_gmt":"2024-06-18T09:03:20","guid":{"rendered":"https:\/\/helsinki-tallinn.com\/de\/?page_id=105"},"modified":"2026-02-24T08:26:40","modified_gmt":"2026-02-24T08:26:40","slug":"eckero-line-terminal","status":"publish","type":"page","link":"https:\/\/helsinki-tallinn.com\/de\/helsinki-hafen\/eckero-line-terminal\/","title":{"rendered":"Terminal der Ecker\u00f6 Line Helsinki"},"content":{"rendered":"\n<p>Im Hafen von Helsinki befindet sich das Terminal der Ecker\u00f6 Line am \u201eWest Terminal 2\u201c. Es ist wichtig, dass Sie zum Einchecken und Einsteigen p\u00fcnktlich am Terminal ankommen. Auf dieser Seite liste ich die wichtigsten Informationen zum Terminal auf, darunter Fahrplan, Check-in und den genauen Standort.<\/p>\n\n\n\n<h2 class=\"wp-block-heading\">Standort des Terminals im Hafen<\/h2>\n\n\n\n<p>Sehen Sie sich unten den genauen Standort des Terminals der <a href=\"https:\/\/helsinki-tallinn.com\/de\/eckero-line\/\">Ecker\u00f6 Line<\/a> im Hafen von Helsinki an:<\/p>\n\n\n\n<ul class=\"wp-block-list\">\n<li>Helsinki West Terminal 2 <\/li>\n\n\n\n<li>Tynnenmerenkatu 14<\/li>\n\n\n\n<li>00220 Helsinki<\/li>\n<\/ul>\n\n\n\n<h2 class=\"wp-block-heading\">Check-in an der Ecker\u00f6-Linie in Helsinki<\/h2>\n\n\n\n<p>Bei der Ecker\u00f6-Linie beginnt der Check-in zwei Stunden vor Abfahrt und endet etwa 45 Minuten vor Abfahrt. Ab diesem Zeitpunkt ist das Einchecken und damit das Ein- und Aussteigen in die <a href=\"https:\/\/helsinki-tallinn.com\/de\/finlandia\/\">Finlandia <\/a>nicht mehr m\u00f6glich. Das Boarding beginnt etwa 40 Minuten vor Abflug; dies wird im Hafen deutlich angek\u00fcndigt.<\/p>\n\n\n\n<h3 class=\"wp-block-heading\">Fahrplan ab Helsinki<\/h3>\n\n\n\n<p>Sehen Sie sich unten den Standardfahrplan der Ecker\u00f6-Linie vom Hafen von Helsinki zum <a href=\"https:\/\/helsinki-tallinn.com\/de\/tallinn-hafen\/\">Hafen von Tallinn<\/a> an.<\/p>\n\n\n\n<figure class=\"wp-block-table is-style-stripes has-small-font-size\"><table><thead><tr><th class=\"has-text-align-left\" data-align=\"left\">Abfahrt<\/th><th class=\"has-text-align-left\" data-align=\"left\">Ankunft<\/th><th class=\"has-text-align-left\" data-align=\"left\">Abreisetage<\/th><th class=\"has-text-align-left\" data-align=\"left\">F\u00e4hre<\/th><\/tr><\/thead><tbody><tr><td class=\"has-text-align-left\" data-align=\"left\">09:00<\/td><td class=\"has-text-align-left\" data-align=\"left\">11:15<\/td><td class=\"has-text-align-left\" data-align=\"left\">T\u00e4glich<\/td><td class=\"has-text-align-left\" data-align=\"left\">Finlandia<\/td><\/tr><tr><td class=\"has-text-align-left\" data-align=\"left\">15:15<\/td><td class=\"has-text-align-left\" data-align=\"left\">17:30<\/td><td class=\"has-text-align-left\" data-align=\"left\">T\u00e4glich<\/td><td class=\"has-text-align-left\" data-align=\"left\">Finlandia<\/td><\/tr><tr><td class=\"has-text-align-left\" data-align=\"left\">21:40<\/td><td class=\"has-text-align-left\" data-align=\"left\">00:10<\/td><td class=\"has-text-align-left\" data-align=\"left\">Sonntag-Freitag<\/td><td class=\"has-text-align-left\" data-align=\"left\">Finlandia<\/td><\/tr><\/tbody><\/table><\/figure>\n\n\n\n<p>Da sich der Fahrplan hin und wieder \u00e4ndern kann, beispielsweise aufgrund von Versp\u00e4tungen, wird dringend empfohlen, den aktuellen Fahrplan zu pr\u00fcfen. Dies kann \u00fcber die <a href=\"https:\/\/www.eckeroline.com\/timetable\" target=\"_blank\" rel=\"noreferrer noopener\">Ecker\u00f6 Line-Website<\/a> selbst erfolgen. Es ist auch sinnvoll, einen Blick auf die vollst\u00e4ndigen <a href=\"https:\/\/helsinki-tallinn.com\/de\/fahrplan\/\">F\u00e4hrfahrpl\u00e4ne <\/a>aller Betreiber f\u00fcr alternative \u00dcberfahrten zu werfen.<\/p>\n\n\n\n<h2 class=\"wp-block-heading\">Einrichtungen am Terminal in Helsinki<\/h2>\n\n\n\n<p>Das Terminal der Ecker\u00f6-Linie befindet sich am Westterminal 2 im Hafen von Helsinki. In der N\u00e4he dieses Terminals finden Sie folgende Einrichtungen:<\/p>\n\n\n\n<ul class=\"wp-block-list\">\n<li>Toiletten<\/li>\n\n\n\n<li>Gratis Wifi<\/li>\n\n\n\n<li>Wartebereich (mit St\u00fchlen)<\/li>\n\n\n\n<li>Getr\u00e4nkeautomaten<\/li>\n\n\n\n<li>Caf\u00e9-Restaurant<\/li>\n<\/ul>\n\n\n\n<h2 class=\"wp-block-heading\">Mehr \u00fcber den Hafen von Helsinki<\/h2>\n\n\n\n<p>M\u00f6chten Sie mehr \u00fcber den <a href=\"https:\/\/helsinki-tallinn.com\/de\/helsinki-hafen\/\">Hafen in Helsinki<\/a> erfahren? Dann werfen Sie einen Blick auf den Hafenf\u00fchrer von Helsinki. Empfehlenswert ist auch ein Blick auf das <a href=\"https:\/\/helsinki-tallinn.com\/de\/tallinn-hafen\/eckero-line-terminal\/\">Terminal der Ecker\u00f6 Line in Tallinn<\/a>.<\/p>\n","protected":false},"excerpt":{"rendered":"<p>Im Hafen von Helsinki befindet sich das Terminal der Ecker\u00f6 Line am \u201eWest Terminal 2\u201c. Es ist wichtig, dass Sie [&hellip;]<\/p>\n","protected":false},"author":1,"featured_media":132,"parent":63,"menu_order":0,"comment_status":"closed","ping_status":"closed","template":"","meta":{"_acf_changed":false,"inline_featured_image":false,"site-sidebar-layout":"default","site-content-layout":"","ast-site-content-layout":"default","site-content-style":"default","site-sidebar-style":"default","ast-global-header-display":"","ast-banner-title-visibility":"","ast-main-header-display":"","ast-hfb-above-header-display":"","ast-hfb-below-header-display":"","ast-hfb-mobile-header-display":"","site-post-title":"","ast-breadcrumbs-content":"","ast-featured-img":"","footer-sml-layout":"","ast-disable-related-posts":"","theme-transparent-header-meta":"","adv-header-id-meta":"","stick-header-meta":"","header-above-stick-meta":"","header-main-stick-meta":"","header-below-stick-meta":"","astra-migrate-meta-layouts":"default","ast-page-background-enabled":"default","ast-page-background-meta":{"desktop":{"background-color":"var(--ast-global-color-4)","background-image":"","background-repeat":"repeat","background-position":"center center","background-size":"auto","background-attachment":"scroll","background-type":"","background-media":"","overlay-type":"","overlay-color":"","overlay-opacity":"","overlay-gradient":""},"tablet":{"background-color":"","background-image":"","background-repeat":"repeat","background-position":"center center","background-size":"auto","background-attachment":"scroll","background-type":"","background-media":"","overlay-type":"","overlay-color":"","overlay-opacity":"","overlay-gradient":""},"mobile":{"background-color":"","background-image":"","background-repeat":"repeat","background-position":"center center","background-size":"auto","background-attachment":"scroll","background-type":"","background-media":"","overlay-type":"","overlay-color":"","overlay-opacity":"","overlay-gradient":""}},"ast-content-background-meta":{"desktop":{"background-color":"var(--ast-global-color-5)","background-image":"","background-repeat":"repeat","background-position":"center center","background-size":"auto","background-attachment":"scroll","background-type":"","background-media":"","overlay-type":"","overlay-color":"","overlay-opacity":"","overlay-gradient":""},"tablet":{"background-color":"var(--ast-global-color-5)","background-image":"","background-repeat":"repeat","background-position":"center center","background-size":"auto","background-attachment":"scroll","background-type":"","background-media":"","overlay-type":"","overlay-color":"","overlay-opacity":"","overlay-gradient":""},"mobile":{"background-color":"var(--ast-global-color-5)","background-image":"","background-repeat":"repeat","background-position":"center center","background-size":"auto","background-attachment":"scroll","background-type":"","background-media":"","overlay-type":"","overlay-color":"","overlay-opacity":"","overlay-gradient":""}},"footnotes":""},"class_list":["post-105","page","type-page","status-publish","has-post-thumbnail","hentry"],"acf":[],"yoast_head":"<!-- This site is optimized with the Yoast SEO plugin v27.2 - https:\/\/yoast.com\/product\/yoast-seo-wordpress\/ -->\n<title>Terminal der Ecker\u00f6 Line Helsinki - Helsinki Tallinn F\u00e4hre<\/title>\n<meta name=\"description\" content=\"Das Terminal der Ecker\u00f6-Linie befindet sich im Hafen von Helsinki. \u00dcberpr\u00fcfen Sie den Fahrplan und die Check-in-Zeiten.\" \/>\n<meta name=\"robots\" content=\"index, follow, max-snippet:-1, max-image-preview:large, max-video-preview:-1\" \/>\n<link rel=\"canonical\" href=\"https:\/\/helsinki-tallinn.com\/de\/helsinki-hafen\/eckero-line-terminal\/\" \/>\n<meta property=\"og:locale\" content=\"de_DE\" \/>\n<meta property=\"og:type\" content=\"article\" \/>\n<meta property=\"og:title\" content=\"Terminal der Ecker\u00f6 Line Helsinki - Helsinki Tallinn F\u00e4hre\" \/>\n<meta property=\"og:description\" content=\"Das Terminal der Ecker\u00f6-Linie befindet sich im Hafen von Helsinki. \u00dcberpr\u00fcfen Sie den Fahrplan und die Check-in-Zeiten.\" \/>\n<meta property=\"og:url\" content=\"https:\/\/helsinki-tallinn.com\/de\/helsinki-hafen\/eckero-line-terminal\/\" \/>\n<meta property=\"og:site_name\" content=\"Helsinki Tallinn F\u00e4hre\" \/>\n<meta property=\"article:modified_time\" content=\"2026-02-24T08:26:40+00:00\" \/>\n<meta property=\"og:image\" content=\"https:\/\/helsinki-tallinn.com\/de\/wp-content\/uploads\/sites\/2\/2024\/06\/tallink-silja-fahre.jpg\" \/>\n\t<meta property=\"og:image:width\" content=\"1200\" \/>\n\t<meta property=\"og:image:height\" content=\"800\" \/>\n\t<meta property=\"og:image:type\" content=\"image\/jpeg\" \/>\n<meta name=\"twitter:card\" content=\"summary_large_image\" \/>\n<meta name=\"twitter:label1\" content=\"Gesch\u00e4tzte Lesezeit\" \/>\n\t<meta name=\"twitter:data1\" content=\"2\u00a0Minuten\" \/>\n<script type=\"application\/ld+json\" class=\"yoast-schema-graph\">{\"@context\":\"https:\/\/schema.org\",\"@graph\":[{\"@type\":\"WebPage\",\"@id\":\"https:\/\/helsinki-tallinn.com\/de\/helsinki-hafen\/eckero-line-terminal\/\",\"url\":\"https:\/\/helsinki-tallinn.com\/de\/helsinki-hafen\/eckero-line-terminal\/\",\"name\":\"Terminal der Ecker\u00f6 Line Helsinki - Helsinki Tallinn F\u00e4hre\",\"isPartOf\":{\"@id\":\"https:\/\/helsinki-tallinn.com\/de\/#website\"},\"primaryImageOfPage\":{\"@id\":\"https:\/\/helsinki-tallinn.com\/de\/helsinki-hafen\/eckero-line-terminal\/#primaryimage\"},\"image\":{\"@id\":\"https:\/\/helsinki-tallinn.com\/de\/helsinki-hafen\/eckero-line-terminal\/#primaryimage\"},\"thumbnailUrl\":\"https:\/\/helsinki-tallinn.com\/de\/wp-content\/uploads\/sites\/2\/2024\/06\/tallink-silja-fahre.jpg\",\"datePublished\":\"2024-06-18T09:03:20+00:00\",\"dateModified\":\"2026-02-24T08:26:40+00:00\",\"description\":\"Das Terminal der Ecker\u00f6-Linie befindet sich im Hafen von Helsinki. \u00dcberpr\u00fcfen Sie den Fahrplan und die Check-in-Zeiten.\",\"breadcrumb\":{\"@id\":\"https:\/\/helsinki-tallinn.com\/de\/helsinki-hafen\/eckero-line-terminal\/#breadcrumb\"},\"inLanguage\":\"de\",\"potentialAction\":[{\"@type\":\"ReadAction\",\"target\":[\"https:\/\/helsinki-tallinn.com\/de\/helsinki-hafen\/eckero-line-terminal\/\"]}]},{\"@type\":\"ImageObject\",\"inLanguage\":\"de\",\"@id\":\"https:\/\/helsinki-tallinn.com\/de\/helsinki-hafen\/eckero-line-terminal\/#primaryimage\",\"url\":\"https:\/\/helsinki-tallinn.com\/de\/wp-content\/uploads\/sites\/2\/2024\/06\/tallink-silja-fahre.jpg\",\"contentUrl\":\"https:\/\/helsinki-tallinn.com\/de\/wp-content\/uploads\/sites\/2\/2024\/06\/tallink-silja-fahre.jpg\",\"width\":1200,\"height\":800,\"caption\":\"tallink silja fahre\"},{\"@type\":\"BreadcrumbList\",\"@id\":\"https:\/\/helsinki-tallinn.com\/de\/helsinki-hafen\/eckero-line-terminal\/#breadcrumb\",\"itemListElement\":[{\"@type\":\"ListItem\",\"position\":1,\"name\":\"Helsinki Tallinn\",\"item\":\"https:\/\/helsinki-tallinn.com\/de\/\"},{\"@type\":\"ListItem\",\"position\":2,\"name\":\"Hafen von Helsinki\",\"item\":\"https:\/\/helsinki-tallinn.com\/de\/helsinki-hafen\/\"},{\"@type\":\"ListItem\",\"position\":3,\"name\":\"Terminal der Ecker\u00f6 Line Helsinki\"}]},{\"@type\":\"WebSite\",\"@id\":\"https:\/\/helsinki-tallinn.com\/de\/#website\",\"url\":\"https:\/\/helsinki-tallinn.com\/de\/\",\"name\":\"Helsinki Tallinn F\u00e4hre\",\"description\":\"\",\"publisher\":{\"@id\":\"https:\/\/helsinki-tallinn.com\/de\/#organization\"},\"potentialAction\":[{\"@type\":\"SearchAction\",\"target\":{\"@type\":\"EntryPoint\",\"urlTemplate\":\"https:\/\/helsinki-tallinn.com\/de\/?s={search_term_string}\"},\"query-input\":{\"@type\":\"PropertyValueSpecification\",\"valueRequired\":true,\"valueName\":\"search_term_string\"}}],\"inLanguage\":\"de\"},{\"@type\":\"Organization\",\"@id\":\"https:\/\/helsinki-tallinn.com\/de\/#organization\",\"name\":\"Helsinki Tallinn F\u00e4hre\",\"url\":\"https:\/\/helsinki-tallinn.com\/de\/\",\"logo\":{\"@type\":\"ImageObject\",\"inLanguage\":\"de\",\"@id\":\"https:\/\/helsinki-tallinn.com\/de\/#\/schema\/logo\/image\/\",\"url\":\"https:\/\/helsinki-tallinn.com\/de\/wp-content\/uploads\/sites\/2\/2026\/02\/Helsinki-Talinn-powered.png\",\"contentUrl\":\"https:\/\/helsinki-tallinn.com\/de\/wp-content\/uploads\/sites\/2\/2026\/02\/Helsinki-Talinn-powered.png\",\"width\":700,\"height\":200,\"caption\":\"Helsinki Tallinn F\u00e4hre\"},\"image\":{\"@id\":\"https:\/\/helsinki-tallinn.com\/de\/#\/schema\/logo\/image\/\"}}]}<\/script>\n<!-- \/ Yoast SEO plugin. -->","yoast_head_json":{"title":"Terminal der Ecker\u00f6 Line Helsinki - Helsinki Tallinn F\u00e4hre","description":"Das Terminal der Ecker\u00f6-Linie befindet sich im Hafen von Helsinki. \u00dcberpr\u00fcfen Sie den Fahrplan und die Check-in-Zeiten.","robots":{"index":"index","follow":"follow","max-snippet":"max-snippet:-1","max-image-preview":"max-image-preview:large","max-video-preview":"max-video-preview:-1"},"canonical":"https:\/\/helsinki-tallinn.com\/de\/helsinki-hafen\/eckero-line-terminal\/","og_locale":"de_DE","og_type":"article","og_title":"Terminal der Ecker\u00f6 Line Helsinki - Helsinki Tallinn F\u00e4hre","og_description":"Das Terminal der Ecker\u00f6-Linie befindet sich im Hafen von Helsinki. \u00dcberpr\u00fcfen Sie den Fahrplan und die Check-in-Zeiten.","og_url":"https:\/\/helsinki-tallinn.com\/de\/helsinki-hafen\/eckero-line-terminal\/","og_site_name":"Helsinki Tallinn F\u00e4hre","article_modified_time":"2026-02-24T08:26:40+00:00","og_image":[{"width":1200,"height":800,"url":"https:\/\/helsinki-tallinn.com\/de\/wp-content\/uploads\/sites\/2\/2024\/06\/tallink-silja-fahre.jpg","type":"image\/jpeg"}],"twitter_card":"summary_large_image","twitter_misc":{"Gesch\u00e4tzte Lesezeit":"2\u00a0Minuten"},"schema":{"@context":"https:\/\/schema.org","@graph":[{"@type":"WebPage","@id":"https:\/\/helsinki-tallinn.com\/de\/helsinki-hafen\/eckero-line-terminal\/","url":"https:\/\/helsinki-tallinn.com\/de\/helsinki-hafen\/eckero-line-terminal\/","name":"Terminal der Ecker\u00f6 Line Helsinki - Helsinki Tallinn F\u00e4hre","isPartOf":{"@id":"https:\/\/helsinki-tallinn.com\/de\/#website"},"primaryImageOfPage":{"@id":"https:\/\/helsinki-tallinn.com\/de\/helsinki-hafen\/eckero-line-terminal\/#primaryimage"},"image":{"@id":"https:\/\/helsinki-tallinn.com\/de\/helsinki-hafen\/eckero-line-terminal\/#primaryimage"},"thumbnailUrl":"https:\/\/helsinki-tallinn.com\/de\/wp-content\/uploads\/sites\/2\/2024\/06\/tallink-silja-fahre.jpg","datePublished":"2024-06-18T09:03:20+00:00","dateModified":"2026-02-24T08:26:40+00:00","description":"Das Terminal der Ecker\u00f6-Linie befindet sich im Hafen von Helsinki. \u00dcberpr\u00fcfen Sie den Fahrplan und die Check-in-Zeiten.","breadcrumb":{"@id":"https:\/\/helsinki-tallinn.com\/de\/helsinki-hafen\/eckero-line-terminal\/#breadcrumb"},"inLanguage":"de","potentialAction":[{"@type":"ReadAction","target":["https:\/\/helsinki-tallinn.com\/de\/helsinki-hafen\/eckero-line-terminal\/"]}]},{"@type":"ImageObject","inLanguage":"de","@id":"https:\/\/helsinki-tallinn.com\/de\/helsinki-hafen\/eckero-line-terminal\/#primaryimage","url":"https:\/\/helsinki-tallinn.com\/de\/wp-content\/uploads\/sites\/2\/2024\/06\/tallink-silja-fahre.jpg","contentUrl":"https:\/\/helsinki-tallinn.com\/de\/wp-content\/uploads\/sites\/2\/2024\/06\/tallink-silja-fahre.jpg","width":1200,"height":800,"caption":"tallink silja fahre"},{"@type":"BreadcrumbList","@id":"https:\/\/helsinki-tallinn.com\/de\/helsinki-hafen\/eckero-line-terminal\/#breadcrumb","itemListElement":[{"@type":"ListItem","position":1,"name":"Helsinki Tallinn","item":"https:\/\/helsinki-tallinn.com\/de\/"},{"@type":"ListItem","position":2,"name":"Hafen von Helsinki","item":"https:\/\/helsinki-tallinn.com\/de\/helsinki-hafen\/"},{"@type":"ListItem","position":3,"name":"Terminal der Ecker\u00f6 Line Helsinki"}]},{"@type":"WebSite","@id":"https:\/\/helsinki-tallinn.com\/de\/#website","url":"https:\/\/helsinki-tallinn.com\/de\/","name":"Helsinki Tallinn F\u00e4hre","description":"","publisher":{"@id":"https:\/\/helsinki-tallinn.com\/de\/#organization"},"potentialAction":[{"@type":"SearchAction","target":{"@type":"EntryPoint","urlTemplate":"https:\/\/helsinki-tallinn.com\/de\/?s={search_term_string}"},"query-input":{"@type":"PropertyValueSpecification","valueRequired":true,"valueName":"search_term_string"}}],"inLanguage":"de"},{"@type":"Organization","@id":"https:\/\/helsinki-tallinn.com\/de\/#organization","name":"Helsinki Tallinn F\u00e4hre","url":"https:\/\/helsinki-tallinn.com\/de\/","logo":{"@type":"ImageObject","inLanguage":"de","@id":"https:\/\/helsinki-tallinn.com\/de\/#\/schema\/logo\/image\/","url":"https:\/\/helsinki-tallinn.com\/de\/wp-content\/uploads\/sites\/2\/2026\/02\/Helsinki-Talinn-powered.png","contentUrl":"https:\/\/helsinki-tallinn.com\/de\/wp-content\/uploads\/sites\/2\/2026\/02\/Helsinki-Talinn-powered.png","width":700,"height":200,"caption":"Helsinki Tallinn F\u00e4hre"},"image":{"@id":"https:\/\/helsinki-tallinn.com\/de\/#\/schema\/logo\/image\/"}}]}},"_links":{"self":[{"href":"https:\/\/helsinki-tallinn.com\/de\/wp-json\/wp\/v2\/pages\/105","targetHints":{"allow":["GET"]}}],"collection":[{"href":"https:\/\/helsinki-tallinn.com\/de\/wp-json\/wp\/v2\/pages"}],"about":[{"href":"https:\/\/helsinki-tallinn.com\/de\/wp-json\/wp\/v2\/types\/page"}],"author":[{"embeddable":true,"href":"https:\/\/helsinki-tallinn.com\/de\/wp-json\/wp\/v2\/users\/1"}],"replies":[{"embeddable":true,"href":"https:\/\/helsinki-tallinn.com\/de\/wp-json\/wp\/v2\/comments?post=105"}],"version-history":[{"count":7,"href":"https:\/\/helsinki-tallinn.com\/de\/wp-json\/wp\/v2\/pages\/105\/revisions"}],"predecessor-version":[{"id":255,"href":"https:\/\/helsinki-tallinn.com\/de\/wp-json\/wp\/v2\/pages\/105\/revisions\/255"}],"up":[{"embeddable":true,"href":"https:\/\/helsinki-tallinn.com\/de\/wp-json\/wp\/v2\/pages\/63"}],"wp:featuredmedia":[{"embeddable":true,"href":"https:\/\/helsinki-tallinn.com\/de\/wp-json\/wp\/v2\/media\/132"}],"wp:attachment":[{"href":"https:\/\/helsinki-tallinn.com\/de\/wp-json\/wp\/v2\/media?parent=105"}],"curies":[{"name":"wp","href":"https:\/\/api.w.org\/{rel}","templated":true}]}}