{"id":108,"date":"2024-06-18T10:01:48","date_gmt":"2024-06-18T10:01:48","guid":{"rendered":"https:\/\/helsinki-tallinn.com\/de\/?page_id=108"},"modified":"2026-02-24T08:43:46","modified_gmt":"2026-02-24T08:43:46","slug":"viking-line-terminal","status":"publish","type":"page","link":"https:\/\/helsinki-tallinn.com\/de\/tallinn-hafen\/viking-line-terminal\/","title":{"rendered":"Viking Line Terminal in Tallinn"},"content":{"rendered":"\n<p>Im Hafen von Tallinn gibt es ein Viking Line-Terminal. Sie m\u00fcssen hier einchecken, danach k\u00f6nnen Sie an Bord des Viking XPRS fahren. Auf dieser Seite erfahren Sie wichtige Informationen zum Terminal, darunter auch dessen genaue Lage im Hafen.<\/p>\n\n\n\n<h2 class=\"wp-block-heading\">Adresse und Kontaktdaten von Viking Line in Tallinn<\/h2>\n\n\n\n<p>\u00dcberpr\u00fcfen Sie unten den genauen Standort des <a href=\"https:\/\/helsinki-tallinn.com\/de\/viking-line\/\">Viking Line<\/a> Terminals im Hafen von Tallinn:<\/p>\n\n\n\n<ul class=\"wp-block-list\">\n<li><strong>Terminal A<\/strong><\/li>\n\n\n\n<li>Sadama 25<\/li>\n\n\n\n<li>15051 Tallinn<\/li>\n\n\n\n<li>Estland<\/li>\n<\/ul>\n\n\n\n<p>Zum Terminal navigieren? Dann k\u00f6nnen Sie den folgenden Ordner verwenden:<\/p>\n\n\n\n\n\n<p><\/p>\n\n\n\n<h2 class=\"wp-block-heading\">Check-in am Viking Line-Terminal<\/h2>\n\n\n\n<p>Bei Viking Line schlie\u00dfen Check-in und Boarding 20 Minuten vor Abflug. Es empfiehlt sich daher, rechtzeitig einzuchecken: Dies ist ab etwa anderthalb Stunden vor der Abfahrt der <a href=\"https:\/\/helsinki-tallinn.com\/de\/viking-xprs-ferry\/\">Viking XPRS<\/a> m\u00f6glich. Bitte beachten Sie, dass es im Hafen von Tallinn etwas voll sein kann. \u00dcberpr\u00fcfen Sie vor der Abfahrt den Fahrplan (der Standardfahrplan kann unten eingesehen werden).<\/p>\n\n\n\n<h3 class=\"wp-block-heading\">Fahrplan der Viking Line in Tallinn<\/h3>\n\n\n\n<p>Sehen Sie sich unten den Standardfahrplan von Viking Line ab dem Hafen von Tallinn an.<\/p>\n\n\n\n<figure class=\"wp-block-table is-style-stripes has-small-font-size\"><table><thead><tr><th class=\"has-text-align-left\" data-align=\"left\">Abfahrt<\/th><th class=\"has-text-align-left\" data-align=\"left\">Ankunft<\/th><th class=\"has-text-align-left\" data-align=\"left\">Abreisetage<\/th><th class=\"has-text-align-left\" data-align=\"left\">F\u00e4hre<\/th><\/tr><\/thead><tbody><tr><td class=\"has-text-align-left\" data-align=\"left\">07:00<\/td><td class=\"has-text-align-left\" data-align=\"left\">09:30<\/td><td class=\"has-text-align-left\" data-align=\"left\">Montag &#8211; Donnerstag<br>Samstag &#8211; Sonntag<\/td><td class=\"has-text-align-left\" data-align=\"left\"><br>Viking XPRS<\/td><\/tr><tr><td class=\"has-text-align-left\" data-align=\"left\">10:45<\/td><td class=\"has-text-align-left\" data-align=\"left\">13:15<\/td><td class=\"has-text-align-left\" data-align=\"left\">Freitag<\/td><td class=\"has-text-align-left\" data-align=\"left\"><br>Viking XPRS<\/td><\/tr><tr><td class=\"has-text-align-left\" data-align=\"left\">15:30<\/td><td class=\"has-text-align-left\" data-align=\"left\">18:00<\/td><td class=\"has-text-align-left\" data-align=\"left\">Zondag<\/td><td class=\"has-text-align-left\" data-align=\"left\"><br>Viking XPRS<\/td><\/tr><tr><td class=\"has-text-align-left\" data-align=\"left\">17:00<\/td><td class=\"has-text-align-left\" data-align=\"left\">19:30<\/td><td class=\"has-text-align-left\" data-align=\"left\"><br>Montag &#8211; Donnerstag<br>Samstag<\/td><td class=\"has-text-align-left\" data-align=\"left\"><br>Viking XPRS<\/td><\/tr><tr><td class=\"has-text-align-left\" data-align=\"left\">17:30<\/td><td class=\"has-text-align-left\" data-align=\"left\">20:00<\/td><td class=\"has-text-align-left\" data-align=\"left\">Freitag<\/td><td class=\"has-text-align-left\" data-align=\"left\"><br>Viking XPRS<\/td><\/tr><tr><td class=\"has-text-align-left\" data-align=\"left\">22:15<\/td><td class=\"has-text-align-left\" data-align=\"left\">00:30<\/td><td class=\"has-text-align-left\" data-align=\"left\">Sonntag<\/td><td class=\"has-text-align-left\" data-align=\"left\"><br>Viking XPRS<\/td><\/tr><\/tbody><\/table><\/figure>\n\n\n\n<p>Bitte beachten Sie: Es kann regelm\u00e4\u00dfig zu \u00c4nderungen im Fahrplan kommen. Den aktuellen Fahrplan finden Sie auf der Website von Viking Line (<a href=\"https:\/\/www.vikingline.com\/viking-line-cargo\/routes-timetables\/helsinki-tallinn\/\" target=\"_blank\" rel=\"noreferrer noopener\">hier ansehen<\/a>). Passen die Zeiten nicht zu Ihrem Reiseplan? Dann pr\u00fcfen Sie die <a href=\"https:\/\/helsinki-tallinn.com\/de\/fahrplan\/\">vollst\u00e4ndigen Fahrpl\u00e4ne<\/a> aller Betreiber auf alternative \u00dcberfahrtszeiten.<\/p>\n\n\n\n<h2 class=\"wp-block-heading\">Einrichtungen am Terminal<\/h2>\n\n\n\n<p>Checken Sie zu fr\u00fch ein? Oder sind Sie neugierig, ob man irgendwo mit Karte bezahlen kann? Dann \u00fcberpr\u00fcfen Sie alle Einrichtungen am folgenden Terminal:<\/p>\n\n\n\n<ul class=\"wp-block-list\">\n<li>Geldautomaten<\/li>\n\n\n\n<li>Caf\u00e9-Restaurant<\/li>\n\n\n\n<li>W-lan<\/li>\n\n\n\n<li>Toiletten<\/li>\n\n\n\n<li>Informationspunkt<\/li>\n<\/ul>\n\n\n\n<h2 class=\"wp-block-heading\">Hafen von Tallinn<\/h2>\n\n\n\n<p>Sehen Sie sich auch die allgemeine Informationsseite zum <a href=\"https:\/\/helsinki-tallinn.com\/de\/tallinn-hafen\/\">Hafen von Tallinn<\/a> an, um alle Einrichtungen und Annehmlichkeiten im Hafen selbst zu erfahren. Reisen Sie auch mit Viking Line von Helsinki nach Tallinn zur\u00fcck? Dann werfen Sie einen Blick auf das <a href=\"https:\/\/helsinki-tallinn.com\/de\/helsinki-hafen\/viking-line-terminal\/\">Viking Line-Terminal in Helsinki<\/a>.<\/p>\n","protected":false},"excerpt":{"rendered":"<p>Im Hafen von Tallinn gibt es ein Viking Line-Terminal. Sie m\u00fcssen hier einchecken, danach k\u00f6nnen Sie an Bord des Viking [&hellip;]<\/p>\n","protected":false},"author":1,"featured_media":265,"parent":66,"menu_order":0,"comment_status":"closed","ping_status":"closed","template":"","meta":{"_acf_changed":false,"inline_featured_image":false,"site-sidebar-layout":"default","site-content-layout":"","ast-site-content-layout":"default","site-content-style":"default","site-sidebar-style":"default","ast-global-header-display":"","ast-banner-title-visibility":"","ast-main-header-display":"","ast-hfb-above-header-display":"","ast-hfb-below-header-display":"","ast-hfb-mobile-header-display":"","site-post-title":"","ast-breadcrumbs-content":"","ast-featured-img":"","footer-sml-layout":"","ast-disable-related-posts":"","theme-transparent-header-meta":"","adv-header-id-meta":"","stick-header-meta":"","header-above-stick-meta":"","header-main-stick-meta":"","header-below-stick-meta":"","astra-migrate-meta-layouts":"default","ast-page-background-enabled":"default","ast-page-background-meta":{"desktop":{"background-color":"var(--ast-global-color-4)","background-image":"","background-repeat":"repeat","background-position":"center center","background-size":"auto","background-attachment":"scroll","background-type":"","background-media":"","overlay-type":"","overlay-color":"","overlay-opacity":"","overlay-gradient":""},"tablet":{"background-color":"","background-image":"","background-repeat":"repeat","background-position":"center center","background-size":"auto","background-attachment":"scroll","background-type":"","background-media":"","overlay-type":"","overlay-color":"","overlay-opacity":"","overlay-gradient":""},"mobile":{"background-color":"","background-image":"","background-repeat":"repeat","background-position":"center center","background-size":"auto","background-attachment":"scroll","background-type":"","background-media":"","overlay-type":"","overlay-color":"","overlay-opacity":"","overlay-gradient":""}},"ast-content-background-meta":{"desktop":{"background-color":"var(--ast-global-color-5)","background-image":"","background-repeat":"repeat","background-position":"center center","background-size":"auto","background-attachment":"scroll","background-type":"","background-media":"","overlay-type":"","overlay-color":"","overlay-opacity":"","overlay-gradient":""},"tablet":{"background-color":"var(--ast-global-color-5)","background-image":"","background-repeat":"repeat","background-position":"center center","background-size":"auto","background-attachment":"scroll","background-type":"","background-media":"","overlay-type":"","overlay-color":"","overlay-opacity":"","overlay-gradient":""},"mobile":{"background-color":"var(--ast-global-color-5)","background-image":"","background-repeat":"repeat","background-position":"center center","background-size":"auto","background-attachment":"scroll","background-type":"","background-media":"","overlay-type":"","overlay-color":"","overlay-opacity":"","overlay-gradient":""}},"footnotes":""},"class_list":["post-108","page","type-page","status-publish","has-post-thumbnail","hentry"],"acf":[],"yoast_head":"<!-- This site is optimized with the Yoast SEO plugin v27.2 - https:\/\/yoast.com\/product\/yoast-seo-wordpress\/ -->\n<title>Viking Line Terminal in Tallinn - Helsinki Tallinn F\u00e4hre<\/title>\n<meta name=\"description\" content=\"Finden Sie die Adresse und Kontaktdaten des Viking Line-Terminals im Hafen von Tallinn heraus.\" \/>\n<meta name=\"robots\" content=\"index, follow, max-snippet:-1, max-image-preview:large, max-video-preview:-1\" \/>\n<link rel=\"canonical\" href=\"https:\/\/helsinki-tallinn.com\/de\/tallinn-hafen\/viking-line-terminal\/\" \/>\n<meta property=\"og:locale\" content=\"de_DE\" \/>\n<meta property=\"og:type\" content=\"article\" \/>\n<meta property=\"og:title\" content=\"Viking Line Terminal in Tallinn - Helsinki Tallinn F\u00e4hre\" \/>\n<meta property=\"og:description\" content=\"Finden Sie die Adresse und Kontaktdaten des Viking Line-Terminals im Hafen von Tallinn heraus.\" \/>\n<meta property=\"og:url\" content=\"https:\/\/helsinki-tallinn.com\/de\/tallinn-hafen\/viking-line-terminal\/\" \/>\n<meta property=\"og:site_name\" content=\"Helsinki Tallinn F\u00e4hre\" \/>\n<meta property=\"article:modified_time\" content=\"2026-02-24T08:43:46+00:00\" \/>\n<meta property=\"og:image\" content=\"https:\/\/helsinki-tallinn.com\/de\/wp-content\/uploads\/sites\/2\/2026\/02\/tallinn-header.jpg\" \/>\n\t<meta property=\"og:image:width\" content=\"1920\" \/>\n\t<meta property=\"og:image:height\" content=\"500\" \/>\n\t<meta property=\"og:image:type\" content=\"image\/jpeg\" \/>\n<meta name=\"twitter:card\" content=\"summary_large_image\" \/>\n<meta name=\"twitter:label1\" content=\"Gesch\u00e4tzte Lesezeit\" \/>\n\t<meta name=\"twitter:data1\" content=\"2\u00a0Minuten\" \/>\n<script type=\"application\/ld+json\" class=\"yoast-schema-graph\">{\"@context\":\"https:\/\/schema.org\",\"@graph\":[{\"@type\":\"WebPage\",\"@id\":\"https:\/\/helsinki-tallinn.com\/de\/tallinn-hafen\/viking-line-terminal\/\",\"url\":\"https:\/\/helsinki-tallinn.com\/de\/tallinn-hafen\/viking-line-terminal\/\",\"name\":\"Viking Line Terminal in Tallinn - Helsinki Tallinn F\u00e4hre\",\"isPartOf\":{\"@id\":\"https:\/\/helsinki-tallinn.com\/de\/#website\"},\"primaryImageOfPage\":{\"@id\":\"https:\/\/helsinki-tallinn.com\/de\/tallinn-hafen\/viking-line-terminal\/#primaryimage\"},\"image\":{\"@id\":\"https:\/\/helsinki-tallinn.com\/de\/tallinn-hafen\/viking-line-terminal\/#primaryimage\"},\"thumbnailUrl\":\"https:\/\/helsinki-tallinn.com\/de\/wp-content\/uploads\/sites\/2\/2026\/02\/tallinn-header.jpg\",\"datePublished\":\"2024-06-18T10:01:48+00:00\",\"dateModified\":\"2026-02-24T08:43:46+00:00\",\"description\":\"Finden Sie die Adresse und Kontaktdaten des Viking Line-Terminals im Hafen von Tallinn heraus.\",\"breadcrumb\":{\"@id\":\"https:\/\/helsinki-tallinn.com\/de\/tallinn-hafen\/viking-line-terminal\/#breadcrumb\"},\"inLanguage\":\"de\",\"potentialAction\":[{\"@type\":\"ReadAction\",\"target\":[\"https:\/\/helsinki-tallinn.com\/de\/tallinn-hafen\/viking-line-terminal\/\"]}]},{\"@type\":\"ImageObject\",\"inLanguage\":\"de\",\"@id\":\"https:\/\/helsinki-tallinn.com\/de\/tallinn-hafen\/viking-line-terminal\/#primaryimage\",\"url\":\"https:\/\/helsinki-tallinn.com\/de\/wp-content\/uploads\/sites\/2\/2026\/02\/tallinn-header.jpg\",\"contentUrl\":\"https:\/\/helsinki-tallinn.com\/de\/wp-content\/uploads\/sites\/2\/2026\/02\/tallinn-header.jpg\",\"width\":1920,\"height\":500,\"caption\":\"tallinn-header\"},{\"@type\":\"BreadcrumbList\",\"@id\":\"https:\/\/helsinki-tallinn.com\/de\/tallinn-hafen\/viking-line-terminal\/#breadcrumb\",\"itemListElement\":[{\"@type\":\"ListItem\",\"position\":1,\"name\":\"Helsinki Tallinn\",\"item\":\"https:\/\/helsinki-tallinn.com\/de\/\"},{\"@type\":\"ListItem\",\"position\":2,\"name\":\"F\u00e4hrhafen Tallinn\",\"item\":\"https:\/\/helsinki-tallinn.com\/de\/tallinn-hafen\/\"},{\"@type\":\"ListItem\",\"position\":3,\"name\":\"Viking Line Terminal in Tallinn\"}]},{\"@type\":\"WebSite\",\"@id\":\"https:\/\/helsinki-tallinn.com\/de\/#website\",\"url\":\"https:\/\/helsinki-tallinn.com\/de\/\",\"name\":\"Helsinki Tallinn F\u00e4hre\",\"description\":\"\",\"publisher\":{\"@id\":\"https:\/\/helsinki-tallinn.com\/de\/#organization\"},\"potentialAction\":[{\"@type\":\"SearchAction\",\"target\":{\"@type\":\"EntryPoint\",\"urlTemplate\":\"https:\/\/helsinki-tallinn.com\/de\/?s={search_term_string}\"},\"query-input\":{\"@type\":\"PropertyValueSpecification\",\"valueRequired\":true,\"valueName\":\"search_term_string\"}}],\"inLanguage\":\"de\"},{\"@type\":\"Organization\",\"@id\":\"https:\/\/helsinki-tallinn.com\/de\/#organization\",\"name\":\"Helsinki Tallinn F\u00e4hre\",\"url\":\"https:\/\/helsinki-tallinn.com\/de\/\",\"logo\":{\"@type\":\"ImageObject\",\"inLanguage\":\"de\",\"@id\":\"https:\/\/helsinki-tallinn.com\/de\/#\/schema\/logo\/image\/\",\"url\":\"https:\/\/helsinki-tallinn.com\/de\/wp-content\/uploads\/sites\/2\/2026\/02\/Helsinki-Talinn-powered.png\",\"contentUrl\":\"https:\/\/helsinki-tallinn.com\/de\/wp-content\/uploads\/sites\/2\/2026\/02\/Helsinki-Talinn-powered.png\",\"width\":700,\"height\":200,\"caption\":\"Helsinki Tallinn F\u00e4hre\"},\"image\":{\"@id\":\"https:\/\/helsinki-tallinn.com\/de\/#\/schema\/logo\/image\/\"}}]}<\/script>\n<!-- \/ Yoast SEO plugin. -->","yoast_head_json":{"title":"Viking Line Terminal in Tallinn - Helsinki Tallinn F\u00e4hre","description":"Finden Sie die Adresse und Kontaktdaten des Viking Line-Terminals im Hafen von Tallinn heraus.","robots":{"index":"index","follow":"follow","max-snippet":"max-snippet:-1","max-image-preview":"max-image-preview:large","max-video-preview":"max-video-preview:-1"},"canonical":"https:\/\/helsinki-tallinn.com\/de\/tallinn-hafen\/viking-line-terminal\/","og_locale":"de_DE","og_type":"article","og_title":"Viking Line Terminal in Tallinn - Helsinki Tallinn F\u00e4hre","og_description":"Finden Sie die Adresse und Kontaktdaten des Viking Line-Terminals im Hafen von Tallinn heraus.","og_url":"https:\/\/helsinki-tallinn.com\/de\/tallinn-hafen\/viking-line-terminal\/","og_site_name":"Helsinki Tallinn F\u00e4hre","article_modified_time":"2026-02-24T08:43:46+00:00","og_image":[{"width":1920,"height":500,"url":"https:\/\/helsinki-tallinn.com\/de\/wp-content\/uploads\/sites\/2\/2026\/02\/tallinn-header.jpg","type":"image\/jpeg"}],"twitter_card":"summary_large_image","twitter_misc":{"Gesch\u00e4tzte Lesezeit":"2\u00a0Minuten"},"schema":{"@context":"https:\/\/schema.org","@graph":[{"@type":"WebPage","@id":"https:\/\/helsinki-tallinn.com\/de\/tallinn-hafen\/viking-line-terminal\/","url":"https:\/\/helsinki-tallinn.com\/de\/tallinn-hafen\/viking-line-terminal\/","name":"Viking Line Terminal in Tallinn - Helsinki Tallinn F\u00e4hre","isPartOf":{"@id":"https:\/\/helsinki-tallinn.com\/de\/#website"},"primaryImageOfPage":{"@id":"https:\/\/helsinki-tallinn.com\/de\/tallinn-hafen\/viking-line-terminal\/#primaryimage"},"image":{"@id":"https:\/\/helsinki-tallinn.com\/de\/tallinn-hafen\/viking-line-terminal\/#primaryimage"},"thumbnailUrl":"https:\/\/helsinki-tallinn.com\/de\/wp-content\/uploads\/sites\/2\/2026\/02\/tallinn-header.jpg","datePublished":"2024-06-18T10:01:48+00:00","dateModified":"2026-02-24T08:43:46+00:00","description":"Finden Sie die Adresse und Kontaktdaten des Viking Line-Terminals im Hafen von Tallinn heraus.","breadcrumb":{"@id":"https:\/\/helsinki-tallinn.com\/de\/tallinn-hafen\/viking-line-terminal\/#breadcrumb"},"inLanguage":"de","potentialAction":[{"@type":"ReadAction","target":["https:\/\/helsinki-tallinn.com\/de\/tallinn-hafen\/viking-line-terminal\/"]}]},{"@type":"ImageObject","inLanguage":"de","@id":"https:\/\/helsinki-tallinn.com\/de\/tallinn-hafen\/viking-line-terminal\/#primaryimage","url":"https:\/\/helsinki-tallinn.com\/de\/wp-content\/uploads\/sites\/2\/2026\/02\/tallinn-header.jpg","contentUrl":"https:\/\/helsinki-tallinn.com\/de\/wp-content\/uploads\/sites\/2\/2026\/02\/tallinn-header.jpg","width":1920,"height":500,"caption":"tallinn-header"},{"@type":"BreadcrumbList","@id":"https:\/\/helsinki-tallinn.com\/de\/tallinn-hafen\/viking-line-terminal\/#breadcrumb","itemListElement":[{"@type":"ListItem","position":1,"name":"Helsinki Tallinn","item":"https:\/\/helsinki-tallinn.com\/de\/"},{"@type":"ListItem","position":2,"name":"F\u00e4hrhafen Tallinn","item":"https:\/\/helsinki-tallinn.com\/de\/tallinn-hafen\/"},{"@type":"ListItem","position":3,"name":"Viking Line Terminal in Tallinn"}]},{"@type":"WebSite","@id":"https:\/\/helsinki-tallinn.com\/de\/#website","url":"https:\/\/helsinki-tallinn.com\/de\/","name":"Helsinki Tallinn F\u00e4hre","description":"","publisher":{"@id":"https:\/\/helsinki-tallinn.com\/de\/#organization"},"potentialAction":[{"@type":"SearchAction","target":{"@type":"EntryPoint","urlTemplate":"https:\/\/helsinki-tallinn.com\/de\/?s={search_term_string}"},"query-input":{"@type":"PropertyValueSpecification","valueRequired":true,"valueName":"search_term_string"}}],"inLanguage":"de"},{"@type":"Organization","@id":"https:\/\/helsinki-tallinn.com\/de\/#organization","name":"Helsinki Tallinn F\u00e4hre","url":"https:\/\/helsinki-tallinn.com\/de\/","logo":{"@type":"ImageObject","inLanguage":"de","@id":"https:\/\/helsinki-tallinn.com\/de\/#\/schema\/logo\/image\/","url":"https:\/\/helsinki-tallinn.com\/de\/wp-content\/uploads\/sites\/2\/2026\/02\/Helsinki-Talinn-powered.png","contentUrl":"https:\/\/helsinki-tallinn.com\/de\/wp-content\/uploads\/sites\/2\/2026\/02\/Helsinki-Talinn-powered.png","width":700,"height":200,"caption":"Helsinki Tallinn F\u00e4hre"},"image":{"@id":"https:\/\/helsinki-tallinn.com\/de\/#\/schema\/logo\/image\/"}}]}},"_links":{"self":[{"href":"https:\/\/helsinki-tallinn.com\/de\/wp-json\/wp\/v2\/pages\/108","targetHints":{"allow":["GET"]}}],"collection":[{"href":"https:\/\/helsinki-tallinn.com\/de\/wp-json\/wp\/v2\/pages"}],"about":[{"href":"https:\/\/helsinki-tallinn.com\/de\/wp-json\/wp\/v2\/types\/page"}],"author":[{"embeddable":true,"href":"https:\/\/helsinki-tallinn.com\/de\/wp-json\/wp\/v2\/users\/1"}],"replies":[{"embeddable":true,"href":"https:\/\/helsinki-tallinn.com\/de\/wp-json\/wp\/v2\/comments?post=108"}],"version-history":[{"count":4,"href":"https:\/\/helsinki-tallinn.com\/de\/wp-json\/wp\/v2\/pages\/108\/revisions"}],"predecessor-version":[{"id":145,"href":"https:\/\/helsinki-tallinn.com\/de\/wp-json\/wp\/v2\/pages\/108\/revisions\/145"}],"up":[{"embeddable":true,"href":"https:\/\/helsinki-tallinn.com\/de\/wp-json\/wp\/v2\/pages\/66"}],"wp:featuredmedia":[{"embeddable":true,"href":"https:\/\/helsinki-tallinn.com\/de\/wp-json\/wp\/v2\/media\/265"}],"wp:attachment":[{"href":"https:\/\/helsinki-tallinn.com\/de\/wp-json\/wp\/v2\/media?parent=108"}],"curies":[{"name":"wp","href":"https:\/\/api.w.org\/{rel}","templated":true}]}}