{"id":113,"date":"2024-06-18T10:07:43","date_gmt":"2024-06-18T10:07:43","guid":{"rendered":"https:\/\/helsinki-tallinn.com\/de\/?page_id=113"},"modified":"2026-02-24T10:19:53","modified_gmt":"2026-02-24T10:19:53","slug":"tallink-silja-terminal","status":"publish","type":"page","link":"https:\/\/helsinki-tallinn.com\/de\/tallinn-hafen\/tallink-silja-terminal\/","title":{"rendered":"Tallink Silja-Terminal Tallinn"},"content":{"rendered":"\n<p>Im Hafen von Tallinn finden Sie das Tallink Silja-Terminal am Terminal D. Auf dieser Seite erfahren Sie alle wichtigen Informationen zum Tallink Silja-Terminal in Tallinn, einschlie\u00dflich der Adressdaten, des Fahrplans und des Check-in-Verfahrens.<\/p>\n\n\n\n<h2 class=\"wp-block-heading\">Adresse des Terminals im Hafen<\/h2>\n\n\n\n<p>Das Terminal von <a href=\"https:\/\/helsinki-tallinn.com\/de\/tallink-silja\/\">Tallink Silja<\/a> befindet sich am Terminal D im Hafen von Tallinn. \u00dcberpr\u00fcfen Sie die Adressdetails unten:<\/p>\n\n\n\n<ul class=\"wp-block-list\">\n<li>Tallinn D-terminal<\/li>\n\n\n\n<li>Uus-Sadama 24<\/li>\n\n\n\n<li>10151 Tallinn<\/li>\n<\/ul>\n\n\n\n<p>M\u00f6chten Sie zum Terminal navigieren? Dann k\u00f6nnen Sie die folgende Karte nutzen:<\/p>\n\n\n\n\n\n<p><\/p>\n\n\n\n<h2 class=\"wp-block-heading\">Tallink Silja Check-in-Verfahren im Hafen von Tallinn<\/h2>\n\n\n\n<p>Passagiere mit Fahrzeugen m\u00fcssen 60 Minuten im Voraus einchecken. Ohne Fahrzeuge ist dies bis 30 Minuten vor Abfahrt m\u00f6glich. Die Einschiffung beginnt ca. 45 Minuten vor Abfahrt (sowohl f\u00fcr die <a href=\"https:\/\/helsinki-tallinn.com\/de\/mystar\/\">MyStar<\/a>&#8211; als auch f\u00fcr die <a href=\"https:\/\/helsinki-tallinn.com\/de\/megastar\/\">Megastar<\/a> F\u00e4hre): Dies wird in diesem Fall am Hafen bekannt gegeben.<\/p>\n\n\n\n<h3 class=\"wp-block-heading\">Tallink Silja-Fahrplan ab Tallinn<\/h3>\n\n\n\n<p>Sehen Sie sich unten den Standardfahrplan von Tallink Silja vom Hafen Tallinn zum <a href=\"https:\/\/helsinki-tallinn.com\/de\/helsinki-hafen\/\">Hafen Helsinki<\/a> an.<\/p>\n\n\n\n<figure class=\"wp-block-table is-style-stripes has-small-font-size\"><table><thead><tr><th class=\"has-text-align-left\" data-align=\"left\">Abfahrt<\/th><th class=\"has-text-align-left\" data-align=\"left\">Ankunft<\/th><th class=\"has-text-align-left\" data-align=\"left\">Abreisetage<\/th><th class=\"has-text-align-left\" data-align=\"left\">F\u00e4hre<\/th><\/tr><\/thead><tbody><tr><td class=\"has-text-align-left\" data-align=\"left\">07:30<\/td><td class=\"has-text-align-left\" data-align=\"left\">09:30<\/td><td class=\"has-text-align-left\" data-align=\"left\">T\u00e4glich<\/td><td class=\"has-text-align-left\" data-align=\"left\">Megastar<\/td><\/tr><tr><td class=\"has-text-align-left\" data-align=\"left\">10:30<\/td><td class=\"has-text-align-left\" data-align=\"left\">12:30<\/td><td class=\"has-text-align-left\" data-align=\"left\">T\u00e4glich<\/td><td class=\"has-text-align-left\" data-align=\"left\">MyStar<\/td><\/tr><tr><td class=\"has-text-align-left\" data-align=\"left\">13:30<\/td><td class=\"has-text-align-left\" data-align=\"left\">15:30<\/td><td class=\"has-text-align-left\" data-align=\"left\">T\u00e4glich<\/td><td class=\"has-text-align-left\" data-align=\"left\">Megastar<\/td><\/tr><tr><td class=\"has-text-align-left\" data-align=\"left\">16:30<\/td><td class=\"has-text-align-left\" data-align=\"left\">18:30<\/td><td class=\"has-text-align-left\" data-align=\"left\">T\u00e4glich<\/td><td class=\"has-text-align-left\" data-align=\"left\">MyStar<\/td><\/tr><tr><td class=\"has-text-align-left\" data-align=\"left\">19:30<\/td><td class=\"has-text-align-left\" data-align=\"left\">21:30<\/td><td class=\"has-text-align-left\" data-align=\"left\">T\u00e4glich<\/td><td class=\"has-text-align-left\" data-align=\"left\">Megastar<\/td><\/tr><tr><td class=\"has-text-align-left\" data-align=\"left\">22:30<\/td><td class=\"has-text-align-left\" data-align=\"left\">00:30<\/td><td class=\"has-text-align-left\" data-align=\"left\">T\u00e4glich<\/td><td class=\"has-text-align-left\" data-align=\"left\">MyStar<\/td><\/tr><\/tbody><\/table><\/figure>\n\n\n\n<p>Keine g\u00fcnstigen Zeiten, die zu Ihrem Reiseplan passen? Sehen Sie sich hier die vollst\u00e4ndigen <a href=\"https:\/\/helsinki-tallinn.com\/de\/fahrplan\/\">Helsinki-Tallinn-Fahrpl\u00e4ne<\/a> aller Betreiber an, um m\u00f6gliche alternative \u00dcberfahrten zu entdecken.<\/p>\n\n\n\n<h2 class=\"wp-block-heading\">Einrichtungen am Terminal<\/h2>\n\n\n\n<p>Am Tallink Silja-Terminal im Hafen von Tallinn k\u00f6nnen Sie die folgenden Einrichtungen genie\u00dfen:<\/p>\n\n\n\n<ul class=\"wp-block-list\">\n<li>Gratis Wifi<\/li>\n\n\n\n<li>Toiletten<\/li>\n\n\n\n<li>Ladepunkte<\/li>\n\n\n\n<li>Kiosk<\/li>\n\n\n\n<li>Erfrischungsgetr\u00e4nke- und Snackautomaten<\/li>\n\n\n\n<li>Lounge (nur f\u00fcr Business Lounge-Passagiere)<\/li>\n<\/ul>\n\n\n\n<h2 class=\"wp-block-heading\">Mehr \u00fcber den Hafen von Tallinn<\/h2>\n\n\n\n<p>Suchen Sie nach allgemeinen Adressdaten des Hafens von Tallinn? Oder welche weiteren Einrichtungen k\u00f6nnen Sie dort entdecken? Dann schauen Sie sich die informative Seite \u00fcber den <a href=\"https:\/\/helsinki-tallinn.com\/de\/tallinn-hafen\/\">Hafen von Tallinn<\/a> an. Tipp: Schauen Sie sich auch den <a href=\"https:\/\/helsinki-tallinn.com\/de\/helsinki-hafen\/tallink-silja-terminal\/\">Tallink Silja-Terminal in Helsinki<\/a> an.<\/p>\n","protected":false},"excerpt":{"rendered":"<p>Im Hafen von Tallinn finden Sie das Tallink Silja-Terminal am Terminal D. Auf dieser Seite erfahren Sie alle wichtigen Informationen [&hellip;]<\/p>\n","protected":false},"author":1,"featured_media":268,"parent":66,"menu_order":0,"comment_status":"closed","ping_status":"closed","template":"","meta":{"_acf_changed":false,"inline_featured_image":false,"site-sidebar-layout":"default","site-content-layout":"","ast-site-content-layout":"default","site-content-style":"default","site-sidebar-style":"default","ast-global-header-display":"","ast-banner-title-visibility":"","ast-main-header-display":"","ast-hfb-above-header-display":"","ast-hfb-below-header-display":"","ast-hfb-mobile-header-display":"","site-post-title":"","ast-breadcrumbs-content":"","ast-featured-img":"","footer-sml-layout":"","ast-disable-related-posts":"","theme-transparent-header-meta":"","adv-header-id-meta":"","stick-header-meta":"","header-above-stick-meta":"","header-main-stick-meta":"","header-below-stick-meta":"","astra-migrate-meta-layouts":"default","ast-page-background-enabled":"default","ast-page-background-meta":{"desktop":{"background-color":"var(--ast-global-color-4)","background-image":"","background-repeat":"repeat","background-position":"center center","background-size":"auto","background-attachment":"scroll","background-type":"","background-media":"","overlay-type":"","overlay-color":"","overlay-opacity":"","overlay-gradient":""},"tablet":{"background-color":"","background-image":"","background-repeat":"repeat","background-position":"center center","background-size":"auto","background-attachment":"scroll","background-type":"","background-media":"","overlay-type":"","overlay-color":"","overlay-opacity":"","overlay-gradient":""},"mobile":{"background-color":"","background-image":"","background-repeat":"repeat","background-position":"center center","background-size":"auto","background-attachment":"scroll","background-type":"","background-media":"","overlay-type":"","overlay-color":"","overlay-opacity":"","overlay-gradient":""}},"ast-content-background-meta":{"desktop":{"background-color":"var(--ast-global-color-5)","background-image":"","background-repeat":"repeat","background-position":"center center","background-size":"auto","background-attachment":"scroll","background-type":"","background-media":"","overlay-type":"","overlay-color":"","overlay-opacity":"","overlay-gradient":""},"tablet":{"background-color":"var(--ast-global-color-5)","background-image":"","background-repeat":"repeat","background-position":"center center","background-size":"auto","background-attachment":"scroll","background-type":"","background-media":"","overlay-type":"","overlay-color":"","overlay-opacity":"","overlay-gradient":""},"mobile":{"background-color":"var(--ast-global-color-5)","background-image":"","background-repeat":"repeat","background-position":"center center","background-size":"auto","background-attachment":"scroll","background-type":"","background-media":"","overlay-type":"","overlay-color":"","overlay-opacity":"","overlay-gradient":""}},"footnotes":""},"class_list":["post-113","page","type-page","status-publish","has-post-thumbnail","hentry"],"acf":[],"yoast_head":"<!-- This site is optimized with the Yoast SEO plugin v27.2 - https:\/\/yoast.com\/product\/yoast-seo-wordpress\/ -->\n<title>Tallink Silja-Terminal Tallinn - Helsinki Tallinn F\u00e4hre<\/title>\n<meta name=\"description\" content=\"Das Tallink Silja-Terminal befindet sich im Hafen von Tallinn. \u00dcberpr\u00fcfen Sie den Check-in-Vorgang und den aktuellen Fahrplan.\" \/>\n<meta name=\"robots\" content=\"index, follow, max-snippet:-1, max-image-preview:large, max-video-preview:-1\" \/>\n<link rel=\"canonical\" href=\"https:\/\/helsinki-tallinn.com\/de\/tallinn-hafen\/tallink-silja-terminal\/\" \/>\n<meta property=\"og:locale\" content=\"de_DE\" \/>\n<meta property=\"og:type\" content=\"article\" \/>\n<meta property=\"og:title\" content=\"Tallink Silja-Terminal Tallinn - Helsinki Tallinn F\u00e4hre\" \/>\n<meta property=\"og:description\" content=\"Das Tallink Silja-Terminal befindet sich im Hafen von Tallinn. \u00dcberpr\u00fcfen Sie den Check-in-Vorgang und den aktuellen Fahrplan.\" \/>\n<meta property=\"og:url\" content=\"https:\/\/helsinki-tallinn.com\/de\/tallinn-hafen\/tallink-silja-terminal\/\" \/>\n<meta property=\"og:site_name\" content=\"Helsinki Tallinn F\u00e4hre\" \/>\n<meta property=\"article:modified_time\" content=\"2026-02-24T10:19:53+00:00\" \/>\n<meta property=\"og:image\" content=\"https:\/\/helsinki-tallinn.com\/de\/wp-content\/uploads\/sites\/2\/2026\/02\/tallinn-header-1.jpg\" \/>\n\t<meta property=\"og:image:width\" content=\"1920\" \/>\n\t<meta property=\"og:image:height\" content=\"500\" \/>\n\t<meta property=\"og:image:type\" content=\"image\/jpeg\" \/>\n<meta name=\"twitter:card\" content=\"summary_large_image\" \/>\n<meta name=\"twitter:label1\" content=\"Gesch\u00e4tzte Lesezeit\" \/>\n\t<meta name=\"twitter:data1\" content=\"2\u00a0Minuten\" \/>\n<script type=\"application\/ld+json\" class=\"yoast-schema-graph\">{\"@context\":\"https:\/\/schema.org\",\"@graph\":[{\"@type\":\"WebPage\",\"@id\":\"https:\/\/helsinki-tallinn.com\/de\/tallinn-hafen\/tallink-silja-terminal\/\",\"url\":\"https:\/\/helsinki-tallinn.com\/de\/tallinn-hafen\/tallink-silja-terminal\/\",\"name\":\"Tallink Silja-Terminal Tallinn - Helsinki Tallinn F\u00e4hre\",\"isPartOf\":{\"@id\":\"https:\/\/helsinki-tallinn.com\/de\/#website\"},\"primaryImageOfPage\":{\"@id\":\"https:\/\/helsinki-tallinn.com\/de\/tallinn-hafen\/tallink-silja-terminal\/#primaryimage\"},\"image\":{\"@id\":\"https:\/\/helsinki-tallinn.com\/de\/tallinn-hafen\/tallink-silja-terminal\/#primaryimage\"},\"thumbnailUrl\":\"https:\/\/helsinki-tallinn.com\/de\/wp-content\/uploads\/sites\/2\/2026\/02\/tallinn-header-1.jpg\",\"datePublished\":\"2024-06-18T10:07:43+00:00\",\"dateModified\":\"2026-02-24T10:19:53+00:00\",\"description\":\"Das Tallink Silja-Terminal befindet sich im Hafen von Tallinn. \u00dcberpr\u00fcfen Sie den Check-in-Vorgang und den aktuellen Fahrplan.\",\"breadcrumb\":{\"@id\":\"https:\/\/helsinki-tallinn.com\/de\/tallinn-hafen\/tallink-silja-terminal\/#breadcrumb\"},\"inLanguage\":\"de\",\"potentialAction\":[{\"@type\":\"ReadAction\",\"target\":[\"https:\/\/helsinki-tallinn.com\/de\/tallinn-hafen\/tallink-silja-terminal\/\"]}]},{\"@type\":\"ImageObject\",\"inLanguage\":\"de\",\"@id\":\"https:\/\/helsinki-tallinn.com\/de\/tallinn-hafen\/tallink-silja-terminal\/#primaryimage\",\"url\":\"https:\/\/helsinki-tallinn.com\/de\/wp-content\/uploads\/sites\/2\/2026\/02\/tallinn-header-1.jpg\",\"contentUrl\":\"https:\/\/helsinki-tallinn.com\/de\/wp-content\/uploads\/sites\/2\/2026\/02\/tallinn-header-1.jpg\",\"width\":1920,\"height\":500,\"caption\":\"Tallinn Haven\"},{\"@type\":\"BreadcrumbList\",\"@id\":\"https:\/\/helsinki-tallinn.com\/de\/tallinn-hafen\/tallink-silja-terminal\/#breadcrumb\",\"itemListElement\":[{\"@type\":\"ListItem\",\"position\":1,\"name\":\"Helsinki Tallinn\",\"item\":\"https:\/\/helsinki-tallinn.com\/de\/\"},{\"@type\":\"ListItem\",\"position\":2,\"name\":\"F\u00e4hrhafen Tallinn\",\"item\":\"https:\/\/helsinki-tallinn.com\/de\/tallinn-hafen\/\"},{\"@type\":\"ListItem\",\"position\":3,\"name\":\"Tallink Silja-Terminal Tallinn\"}]},{\"@type\":\"WebSite\",\"@id\":\"https:\/\/helsinki-tallinn.com\/de\/#website\",\"url\":\"https:\/\/helsinki-tallinn.com\/de\/\",\"name\":\"Helsinki Tallinn F\u00e4hre\",\"description\":\"\",\"publisher\":{\"@id\":\"https:\/\/helsinki-tallinn.com\/de\/#organization\"},\"potentialAction\":[{\"@type\":\"SearchAction\",\"target\":{\"@type\":\"EntryPoint\",\"urlTemplate\":\"https:\/\/helsinki-tallinn.com\/de\/?s={search_term_string}\"},\"query-input\":{\"@type\":\"PropertyValueSpecification\",\"valueRequired\":true,\"valueName\":\"search_term_string\"}}],\"inLanguage\":\"de\"},{\"@type\":\"Organization\",\"@id\":\"https:\/\/helsinki-tallinn.com\/de\/#organization\",\"name\":\"Helsinki Tallinn F\u00e4hre\",\"url\":\"https:\/\/helsinki-tallinn.com\/de\/\",\"logo\":{\"@type\":\"ImageObject\",\"inLanguage\":\"de\",\"@id\":\"https:\/\/helsinki-tallinn.com\/de\/#\/schema\/logo\/image\/\",\"url\":\"https:\/\/helsinki-tallinn.com\/de\/wp-content\/uploads\/sites\/2\/2026\/02\/Helsinki-Talinn-powered.png\",\"contentUrl\":\"https:\/\/helsinki-tallinn.com\/de\/wp-content\/uploads\/sites\/2\/2026\/02\/Helsinki-Talinn-powered.png\",\"width\":700,\"height\":200,\"caption\":\"Helsinki Tallinn F\u00e4hre\"},\"image\":{\"@id\":\"https:\/\/helsinki-tallinn.com\/de\/#\/schema\/logo\/image\/\"}}]}<\/script>\n<!-- \/ Yoast SEO plugin. -->","yoast_head_json":{"title":"Tallink Silja-Terminal Tallinn - Helsinki Tallinn F\u00e4hre","description":"Das Tallink Silja-Terminal befindet sich im Hafen von Tallinn. \u00dcberpr\u00fcfen Sie den Check-in-Vorgang und den aktuellen Fahrplan.","robots":{"index":"index","follow":"follow","max-snippet":"max-snippet:-1","max-image-preview":"max-image-preview:large","max-video-preview":"max-video-preview:-1"},"canonical":"https:\/\/helsinki-tallinn.com\/de\/tallinn-hafen\/tallink-silja-terminal\/","og_locale":"de_DE","og_type":"article","og_title":"Tallink Silja-Terminal Tallinn - Helsinki Tallinn F\u00e4hre","og_description":"Das Tallink Silja-Terminal befindet sich im Hafen von Tallinn. \u00dcberpr\u00fcfen Sie den Check-in-Vorgang und den aktuellen Fahrplan.","og_url":"https:\/\/helsinki-tallinn.com\/de\/tallinn-hafen\/tallink-silja-terminal\/","og_site_name":"Helsinki Tallinn F\u00e4hre","article_modified_time":"2026-02-24T10:19:53+00:00","og_image":[{"width":1920,"height":500,"url":"https:\/\/helsinki-tallinn.com\/de\/wp-content\/uploads\/sites\/2\/2026\/02\/tallinn-header-1.jpg","type":"image\/jpeg"}],"twitter_card":"summary_large_image","twitter_misc":{"Gesch\u00e4tzte Lesezeit":"2\u00a0Minuten"},"schema":{"@context":"https:\/\/schema.org","@graph":[{"@type":"WebPage","@id":"https:\/\/helsinki-tallinn.com\/de\/tallinn-hafen\/tallink-silja-terminal\/","url":"https:\/\/helsinki-tallinn.com\/de\/tallinn-hafen\/tallink-silja-terminal\/","name":"Tallink Silja-Terminal Tallinn - Helsinki Tallinn F\u00e4hre","isPartOf":{"@id":"https:\/\/helsinki-tallinn.com\/de\/#website"},"primaryImageOfPage":{"@id":"https:\/\/helsinki-tallinn.com\/de\/tallinn-hafen\/tallink-silja-terminal\/#primaryimage"},"image":{"@id":"https:\/\/helsinki-tallinn.com\/de\/tallinn-hafen\/tallink-silja-terminal\/#primaryimage"},"thumbnailUrl":"https:\/\/helsinki-tallinn.com\/de\/wp-content\/uploads\/sites\/2\/2026\/02\/tallinn-header-1.jpg","datePublished":"2024-06-18T10:07:43+00:00","dateModified":"2026-02-24T10:19:53+00:00","description":"Das Tallink Silja-Terminal befindet sich im Hafen von Tallinn. \u00dcberpr\u00fcfen Sie den Check-in-Vorgang und den aktuellen Fahrplan.","breadcrumb":{"@id":"https:\/\/helsinki-tallinn.com\/de\/tallinn-hafen\/tallink-silja-terminal\/#breadcrumb"},"inLanguage":"de","potentialAction":[{"@type":"ReadAction","target":["https:\/\/helsinki-tallinn.com\/de\/tallinn-hafen\/tallink-silja-terminal\/"]}]},{"@type":"ImageObject","inLanguage":"de","@id":"https:\/\/helsinki-tallinn.com\/de\/tallinn-hafen\/tallink-silja-terminal\/#primaryimage","url":"https:\/\/helsinki-tallinn.com\/de\/wp-content\/uploads\/sites\/2\/2026\/02\/tallinn-header-1.jpg","contentUrl":"https:\/\/helsinki-tallinn.com\/de\/wp-content\/uploads\/sites\/2\/2026\/02\/tallinn-header-1.jpg","width":1920,"height":500,"caption":"Tallinn Haven"},{"@type":"BreadcrumbList","@id":"https:\/\/helsinki-tallinn.com\/de\/tallinn-hafen\/tallink-silja-terminal\/#breadcrumb","itemListElement":[{"@type":"ListItem","position":1,"name":"Helsinki Tallinn","item":"https:\/\/helsinki-tallinn.com\/de\/"},{"@type":"ListItem","position":2,"name":"F\u00e4hrhafen Tallinn","item":"https:\/\/helsinki-tallinn.com\/de\/tallinn-hafen\/"},{"@type":"ListItem","position":3,"name":"Tallink Silja-Terminal Tallinn"}]},{"@type":"WebSite","@id":"https:\/\/helsinki-tallinn.com\/de\/#website","url":"https:\/\/helsinki-tallinn.com\/de\/","name":"Helsinki Tallinn F\u00e4hre","description":"","publisher":{"@id":"https:\/\/helsinki-tallinn.com\/de\/#organization"},"potentialAction":[{"@type":"SearchAction","target":{"@type":"EntryPoint","urlTemplate":"https:\/\/helsinki-tallinn.com\/de\/?s={search_term_string}"},"query-input":{"@type":"PropertyValueSpecification","valueRequired":true,"valueName":"search_term_string"}}],"inLanguage":"de"},{"@type":"Organization","@id":"https:\/\/helsinki-tallinn.com\/de\/#organization","name":"Helsinki Tallinn F\u00e4hre","url":"https:\/\/helsinki-tallinn.com\/de\/","logo":{"@type":"ImageObject","inLanguage":"de","@id":"https:\/\/helsinki-tallinn.com\/de\/#\/schema\/logo\/image\/","url":"https:\/\/helsinki-tallinn.com\/de\/wp-content\/uploads\/sites\/2\/2026\/02\/Helsinki-Talinn-powered.png","contentUrl":"https:\/\/helsinki-tallinn.com\/de\/wp-content\/uploads\/sites\/2\/2026\/02\/Helsinki-Talinn-powered.png","width":700,"height":200,"caption":"Helsinki Tallinn F\u00e4hre"},"image":{"@id":"https:\/\/helsinki-tallinn.com\/de\/#\/schema\/logo\/image\/"}}]}},"_links":{"self":[{"href":"https:\/\/helsinki-tallinn.com\/de\/wp-json\/wp\/v2\/pages\/113","targetHints":{"allow":["GET"]}}],"collection":[{"href":"https:\/\/helsinki-tallinn.com\/de\/wp-json\/wp\/v2\/pages"}],"about":[{"href":"https:\/\/helsinki-tallinn.com\/de\/wp-json\/wp\/v2\/types\/page"}],"author":[{"embeddable":true,"href":"https:\/\/helsinki-tallinn.com\/de\/wp-json\/wp\/v2\/users\/1"}],"replies":[{"embeddable":true,"href":"https:\/\/helsinki-tallinn.com\/de\/wp-json\/wp\/v2\/comments?post=113"}],"version-history":[{"count":2,"href":"https:\/\/helsinki-tallinn.com\/de\/wp-json\/wp\/v2\/pages\/113\/revisions"}],"predecessor-version":[{"id":153,"href":"https:\/\/helsinki-tallinn.com\/de\/wp-json\/wp\/v2\/pages\/113\/revisions\/153"}],"up":[{"embeddable":true,"href":"https:\/\/helsinki-tallinn.com\/de\/wp-json\/wp\/v2\/pages\/66"}],"wp:featuredmedia":[{"embeddable":true,"href":"https:\/\/helsinki-tallinn.com\/de\/wp-json\/wp\/v2\/media\/268"}],"wp:attachment":[{"href":"https:\/\/helsinki-tallinn.com\/de\/wp-json\/wp\/v2\/media?parent=113"}],"curies":[{"name":"wp","href":"https:\/\/api.w.org\/{rel}","templated":true}]}}