{"id":116,"date":"2024-06-18T10:11:34","date_gmt":"2024-06-18T10:11:34","guid":{"rendered":"https:\/\/helsinki-tallinn.com\/de\/?page_id=116"},"modified":"2026-02-24T08:37:34","modified_gmt":"2026-02-24T08:37:34","slug":"eckero-line-terminal","status":"publish","type":"page","link":"https:\/\/helsinki-tallinn.com\/de\/tallinn-hafen\/eckero-line-terminal\/","title":{"rendered":"Terminal der Ecker\u00f6 Line in Tallinn"},"content":{"rendered":"\n<p>Im Hafen von Tallinn befindet sich das Terminal der Ecker\u00f6 Line am Terminal A. Auf dieser Seite erfahren Sie alle wichtigen Informationen, um p\u00fcnktlich einzuchecken: von den Adressangaben bis zum Standardfahrplan.<\/p>\n\n\n\n<h2 class=\"wp-block-heading\">Terminaladresse der Ecker\u00f6 Line in Tallinn<\/h2>\n\n\n\n<p>Sehen Sie sich unten die Adressdetails des Ecker\u00f6 Line-Terminals im <a href=\"https:\/\/helsinki-tallinn.com\/de\/tallinn-hafen\/\">Hafen von Tallinn<\/a> an:<\/p>\n\n\n\n<ul class=\"wp-block-list\">\n<li>Tallinn A-Terminal<\/li>\n\n\n\n<li>Passenger Harbour&lt; Sadama 25-2<\/li>\n\n\n\n<li>Tallinn 10111<\/li>\n\n\n\n<li>Estland<\/li>\n<\/ul>\n\n\n\n<p>Mit der Karte unten k\u00f6nnen Sie direkt und einfach zum Standort im Hafen navigieren.<\/p>\n\n\n\n\n\n<p><\/p>\n\n\n\n<h2 class=\"wp-block-heading\">Check-in an der Ecker\u00f6 Line in Tallinn<\/h2>\n\n\n\n<p>Bei Ecker\u00f6 Line beginnt der Check-in etwa zwei Stunden vor der Abfahrt der F\u00e4hre. Von diesem Moment an k\u00f6nnen Sie selbst und, wenn Sie mit einem Fahrzeug reisen, auch das Auto einchecken. Dies ist bis 45 Minuten vor Abflug m\u00f6glich, danach endet der Check-in. Das Boarding beginnt etwa 40 Minuten vor Abfahrt der <a href=\"https:\/\/helsinki-tallinn.com\/de\/finlandia\/\">Finlandia<\/a>.<\/p>\n\n\n\n<h3 class=\"wp-block-heading\">Zeitplan<\/h3>\n\n\n\n<p>Sehen Sie sich unten den Standardfahrplan der Ecker\u00f6-Linie vom Hafen Tallinn zum <a href=\"https:\/\/helsinki-tallinn.com\/de\/helsinki-hafen\/\">Hafen Helsinki<\/a> an.<\/p>\n\n\n\n<figure class=\"wp-block-table is-style-stripes has-small-font-size\"><table><thead><tr><th class=\"has-text-align-left\" data-align=\"left\">Abfahrt<\/th><th class=\"has-text-align-left\" data-align=\"left\">Ankunft<\/th><th class=\"has-text-align-left\" data-align=\"left\">Abreisetage<\/th><th class=\"has-text-align-left\" data-align=\"left\">F\u00e4hre<\/th><\/tr><\/thead><tbody><tr><td class=\"has-text-align-left\" data-align=\"left\">06:00<\/td><td class=\"has-text-align-left\" data-align=\"left\">08:15<\/td><td class=\"has-text-align-left\" data-align=\"left\">Montag &#8211; Samstag<\/td><td class=\"has-text-align-left\" data-align=\"left\">Finlandia<\/td><\/tr><tr><td class=\"has-text-align-left\" data-align=\"left\">12:00<\/td><td class=\"has-text-align-left\" data-align=\"left\">14:15<\/td><td class=\"has-text-align-left\" data-align=\"left\">T\u00e4glich<\/td><td class=\"has-text-align-left\" data-align=\"left\">Finlandia<\/td><\/tr><tr><td class=\"has-text-align-left\" data-align=\"left\">18:30<\/td><td class=\"has-text-align-left\" data-align=\"left\">21:00<\/td><td class=\"has-text-align-left\" data-align=\"left\">T\u00e4glich<\/td><td class=\"has-text-align-left\" data-align=\"left\">Finlandia<\/td><\/tr><\/tbody><\/table><\/figure>\n\n\n\n<p>Keine Zeit, die zu Ihren Reisepl\u00e4nen passt? Sehen Sie sich hier die <a href=\"https:\/\/helsinki-tallinn.com\/de\/fahrplan\/\">F\u00e4hrfahrpl\u00e4ne aller Betreiber in Helsinki und Tallinn<\/a> an, damit Sie m\u00f6glicherweise eine alternative \u00dcberfahrt buchen k\u00f6nnen.<\/p>\n\n\n\n<h2 class=\"wp-block-heading\">Einrichtungen rund um das Terminal<\/h2>\n\n\n\n<p>Das Terminal der Ecker\u00f6-Linie befindet sich am Terminal A im Hafen von Helsinki. In der N\u00e4he des Terminals finden Sie folgende Einrichtungen:<\/p>\n\n\n\n<ul class=\"wp-block-list\">\n<li>Toiletten<\/li>\n\n\n\n<li>Gratis Wifi<\/li>\n\n\n\n<li>Informationspunkt<\/li>\n\n\n\n<li>Restaurant\/Kiosk<\/li>\n\n\n\n<li>Wartebereich an den Check-in-Schaltern<\/li>\n<\/ul>\n\n\n\n<h2 class=\"wp-block-heading\">Mehr \u00fcber den Hafen von Tallinn<\/h2>\n\n\n\n<p>Sie fragen sich, wie Sie zum Hafen selbst navigieren? Oder wo k\u00f6nnen Sie Ihr Auto parken? Dann werfen Sie einen Blick auf die Seite \u00fcber den<a href=\"https:\/\/helsinki-tallinn.com\/de\/tallinn-hafen\/\"> Hafen von Tallinn<\/a>. Und reisen Sie auch zur\u00fcck nach Tallinn? Dann schauen Sie sich auch die Informationen zum <a href=\"https:\/\/helsinki-tallinn.com\/de\/helsinki-hafen\/eckero-line-terminal\/\">Terminal der Ecker\u00f6 Line in Helsinki<\/a> an.<\/p>\n","protected":false},"excerpt":{"rendered":"<p>Im Hafen von Tallinn befindet sich das Terminal der Ecker\u00f6 Line am Terminal A. Auf dieser Seite erfahren Sie alle [&hellip;]<\/p>\n","protected":false},"author":1,"featured_media":263,"parent":66,"menu_order":0,"comment_status":"closed","ping_status":"closed","template":"","meta":{"_acf_changed":false,"inline_featured_image":false,"site-sidebar-layout":"default","site-content-layout":"","ast-site-content-layout":"default","site-content-style":"default","site-sidebar-style":"default","ast-global-header-display":"","ast-banner-title-visibility":"","ast-main-header-display":"","ast-hfb-above-header-display":"","ast-hfb-below-header-display":"","ast-hfb-mobile-header-display":"","site-post-title":"","ast-breadcrumbs-content":"","ast-featured-img":"","footer-sml-layout":"","ast-disable-related-posts":"","theme-transparent-header-meta":"","adv-header-id-meta":"","stick-header-meta":"","header-above-stick-meta":"","header-main-stick-meta":"","header-below-stick-meta":"","astra-migrate-meta-layouts":"default","ast-page-background-enabled":"default","ast-page-background-meta":{"desktop":{"background-color":"var(--ast-global-color-4)","background-image":"","background-repeat":"repeat","background-position":"center center","background-size":"auto","background-attachment":"scroll","background-type":"","background-media":"","overlay-type":"","overlay-color":"","overlay-opacity":"","overlay-gradient":""},"tablet":{"background-color":"","background-image":"","background-repeat":"repeat","background-position":"center center","background-size":"auto","background-attachment":"scroll","background-type":"","background-media":"","overlay-type":"","overlay-color":"","overlay-opacity":"","overlay-gradient":""},"mobile":{"background-color":"","background-image":"","background-repeat":"repeat","background-position":"center center","background-size":"auto","background-attachment":"scroll","background-type":"","background-media":"","overlay-type":"","overlay-color":"","overlay-opacity":"","overlay-gradient":""}},"ast-content-background-meta":{"desktop":{"background-color":"var(--ast-global-color-5)","background-image":"","background-repeat":"repeat","background-position":"center center","background-size":"auto","background-attachment":"scroll","background-type":"","background-media":"","overlay-type":"","overlay-color":"","overlay-opacity":"","overlay-gradient":""},"tablet":{"background-color":"var(--ast-global-color-5)","background-image":"","background-repeat":"repeat","background-position":"center center","background-size":"auto","background-attachment":"scroll","background-type":"","background-media":"","overlay-type":"","overlay-color":"","overlay-opacity":"","overlay-gradient":""},"mobile":{"background-color":"var(--ast-global-color-5)","background-image":"","background-repeat":"repeat","background-position":"center center","background-size":"auto","background-attachment":"scroll","background-type":"","background-media":"","overlay-type":"","overlay-color":"","overlay-opacity":"","overlay-gradient":""}},"footnotes":""},"class_list":["post-116","page","type-page","status-publish","has-post-thumbnail","hentry"],"acf":[],"yoast_head":"<!-- This site is optimized with the Yoast SEO plugin v27.2 - https:\/\/yoast.com\/product\/yoast-seo-wordpress\/ -->\n<title>Terminal der Ecker\u00f6 Line in Tallinn - Helsinki Tallinn F\u00e4hre<\/title>\n<meta name=\"description\" content=\"Informationen zum Terminal der Ecker Line im Hafen von Helsinki: Fahrplan, Einrichtungen und Check-in-Verfahren.\" \/>\n<meta name=\"robots\" content=\"index, follow, max-snippet:-1, max-image-preview:large, max-video-preview:-1\" \/>\n<link rel=\"canonical\" href=\"https:\/\/helsinki-tallinn.com\/de\/tallinn-hafen\/eckero-line-terminal\/\" \/>\n<meta property=\"og:locale\" content=\"de_DE\" \/>\n<meta property=\"og:type\" content=\"article\" \/>\n<meta property=\"og:title\" content=\"Terminal der Ecker\u00f6 Line in Tallinn - Helsinki Tallinn F\u00e4hre\" \/>\n<meta property=\"og:description\" content=\"Informationen zum Terminal der Ecker Line im Hafen von Helsinki: Fahrplan, Einrichtungen und Check-in-Verfahren.\" \/>\n<meta property=\"og:url\" content=\"https:\/\/helsinki-tallinn.com\/de\/tallinn-hafen\/eckero-line-terminal\/\" \/>\n<meta property=\"og:site_name\" content=\"Helsinki Tallinn F\u00e4hre\" \/>\n<meta property=\"article:modified_time\" content=\"2026-02-24T08:37:34+00:00\" \/>\n<meta property=\"og:image\" content=\"https:\/\/helsinki-tallinn.com\/de\/wp-content\/uploads\/sites\/2\/2026\/02\/Arrival-in-Helsinki.png\" \/>\n\t<meta property=\"og:image:width\" content=\"1920\" \/>\n\t<meta property=\"og:image:height\" content=\"500\" \/>\n\t<meta property=\"og:image:type\" content=\"image\/png\" \/>\n<meta name=\"twitter:card\" content=\"summary_large_image\" \/>\n<meta name=\"twitter:label1\" content=\"Gesch\u00e4tzte Lesezeit\" \/>\n\t<meta name=\"twitter:data1\" content=\"2\u00a0Minuten\" \/>\n<script type=\"application\/ld+json\" class=\"yoast-schema-graph\">{\"@context\":\"https:\/\/schema.org\",\"@graph\":[{\"@type\":\"WebPage\",\"@id\":\"https:\/\/helsinki-tallinn.com\/de\/tallinn-hafen\/eckero-line-terminal\/\",\"url\":\"https:\/\/helsinki-tallinn.com\/de\/tallinn-hafen\/eckero-line-terminal\/\",\"name\":\"Terminal der Ecker\u00f6 Line in Tallinn - Helsinki Tallinn F\u00e4hre\",\"isPartOf\":{\"@id\":\"https:\/\/helsinki-tallinn.com\/de\/#website\"},\"primaryImageOfPage\":{\"@id\":\"https:\/\/helsinki-tallinn.com\/de\/tallinn-hafen\/eckero-line-terminal\/#primaryimage\"},\"image\":{\"@id\":\"https:\/\/helsinki-tallinn.com\/de\/tallinn-hafen\/eckero-line-terminal\/#primaryimage\"},\"thumbnailUrl\":\"https:\/\/helsinki-tallinn.com\/de\/wp-content\/uploads\/sites\/2\/2026\/02\/Arrival-in-Helsinki.png\",\"datePublished\":\"2024-06-18T10:11:34+00:00\",\"dateModified\":\"2026-02-24T08:37:34+00:00\",\"description\":\"Informationen zum Terminal der Ecker Line im Hafen von Helsinki: Fahrplan, Einrichtungen und Check-in-Verfahren.\",\"breadcrumb\":{\"@id\":\"https:\/\/helsinki-tallinn.com\/de\/tallinn-hafen\/eckero-line-terminal\/#breadcrumb\"},\"inLanguage\":\"de\",\"potentialAction\":[{\"@type\":\"ReadAction\",\"target\":[\"https:\/\/helsinki-tallinn.com\/de\/tallinn-hafen\/eckero-line-terminal\/\"]}]},{\"@type\":\"ImageObject\",\"inLanguage\":\"de\",\"@id\":\"https:\/\/helsinki-tallinn.com\/de\/tallinn-hafen\/eckero-line-terminal\/#primaryimage\",\"url\":\"https:\/\/helsinki-tallinn.com\/de\/wp-content\/uploads\/sites\/2\/2026\/02\/Arrival-in-Helsinki.png\",\"contentUrl\":\"https:\/\/helsinki-tallinn.com\/de\/wp-content\/uploads\/sites\/2\/2026\/02\/Arrival-in-Helsinki.png\",\"width\":1920,\"height\":500,\"caption\":\"Arrival in Helsinki\"},{\"@type\":\"BreadcrumbList\",\"@id\":\"https:\/\/helsinki-tallinn.com\/de\/tallinn-hafen\/eckero-line-terminal\/#breadcrumb\",\"itemListElement\":[{\"@type\":\"ListItem\",\"position\":1,\"name\":\"Helsinki Tallinn\",\"item\":\"https:\/\/helsinki-tallinn.com\/de\/\"},{\"@type\":\"ListItem\",\"position\":2,\"name\":\"F\u00e4hrhafen Tallinn\",\"item\":\"https:\/\/helsinki-tallinn.com\/de\/tallinn-hafen\/\"},{\"@type\":\"ListItem\",\"position\":3,\"name\":\"Terminal der Ecker\u00f6 Line in Tallinn\"}]},{\"@type\":\"WebSite\",\"@id\":\"https:\/\/helsinki-tallinn.com\/de\/#website\",\"url\":\"https:\/\/helsinki-tallinn.com\/de\/\",\"name\":\"Helsinki Tallinn F\u00e4hre\",\"description\":\"\",\"publisher\":{\"@id\":\"https:\/\/helsinki-tallinn.com\/de\/#organization\"},\"potentialAction\":[{\"@type\":\"SearchAction\",\"target\":{\"@type\":\"EntryPoint\",\"urlTemplate\":\"https:\/\/helsinki-tallinn.com\/de\/?s={search_term_string}\"},\"query-input\":{\"@type\":\"PropertyValueSpecification\",\"valueRequired\":true,\"valueName\":\"search_term_string\"}}],\"inLanguage\":\"de\"},{\"@type\":\"Organization\",\"@id\":\"https:\/\/helsinki-tallinn.com\/de\/#organization\",\"name\":\"Helsinki Tallinn F\u00e4hre\",\"url\":\"https:\/\/helsinki-tallinn.com\/de\/\",\"logo\":{\"@type\":\"ImageObject\",\"inLanguage\":\"de\",\"@id\":\"https:\/\/helsinki-tallinn.com\/de\/#\/schema\/logo\/image\/\",\"url\":\"https:\/\/helsinki-tallinn.com\/de\/wp-content\/uploads\/sites\/2\/2026\/02\/Helsinki-Talinn-powered.png\",\"contentUrl\":\"https:\/\/helsinki-tallinn.com\/de\/wp-content\/uploads\/sites\/2\/2026\/02\/Helsinki-Talinn-powered.png\",\"width\":700,\"height\":200,\"caption\":\"Helsinki Tallinn F\u00e4hre\"},\"image\":{\"@id\":\"https:\/\/helsinki-tallinn.com\/de\/#\/schema\/logo\/image\/\"}}]}<\/script>\n<!-- \/ Yoast SEO plugin. -->","yoast_head_json":{"title":"Terminal der Ecker\u00f6 Line in Tallinn - Helsinki Tallinn F\u00e4hre","description":"Informationen zum Terminal der Ecker Line im Hafen von Helsinki: Fahrplan, Einrichtungen und Check-in-Verfahren.","robots":{"index":"index","follow":"follow","max-snippet":"max-snippet:-1","max-image-preview":"max-image-preview:large","max-video-preview":"max-video-preview:-1"},"canonical":"https:\/\/helsinki-tallinn.com\/de\/tallinn-hafen\/eckero-line-terminal\/","og_locale":"de_DE","og_type":"article","og_title":"Terminal der Ecker\u00f6 Line in Tallinn - Helsinki Tallinn F\u00e4hre","og_description":"Informationen zum Terminal der Ecker Line im Hafen von Helsinki: Fahrplan, Einrichtungen und Check-in-Verfahren.","og_url":"https:\/\/helsinki-tallinn.com\/de\/tallinn-hafen\/eckero-line-terminal\/","og_site_name":"Helsinki Tallinn F\u00e4hre","article_modified_time":"2026-02-24T08:37:34+00:00","og_image":[{"width":1920,"height":500,"url":"https:\/\/helsinki-tallinn.com\/de\/wp-content\/uploads\/sites\/2\/2026\/02\/Arrival-in-Helsinki.png","type":"image\/png"}],"twitter_card":"summary_large_image","twitter_misc":{"Gesch\u00e4tzte Lesezeit":"2\u00a0Minuten"},"schema":{"@context":"https:\/\/schema.org","@graph":[{"@type":"WebPage","@id":"https:\/\/helsinki-tallinn.com\/de\/tallinn-hafen\/eckero-line-terminal\/","url":"https:\/\/helsinki-tallinn.com\/de\/tallinn-hafen\/eckero-line-terminal\/","name":"Terminal der Ecker\u00f6 Line in Tallinn - Helsinki Tallinn F\u00e4hre","isPartOf":{"@id":"https:\/\/helsinki-tallinn.com\/de\/#website"},"primaryImageOfPage":{"@id":"https:\/\/helsinki-tallinn.com\/de\/tallinn-hafen\/eckero-line-terminal\/#primaryimage"},"image":{"@id":"https:\/\/helsinki-tallinn.com\/de\/tallinn-hafen\/eckero-line-terminal\/#primaryimage"},"thumbnailUrl":"https:\/\/helsinki-tallinn.com\/de\/wp-content\/uploads\/sites\/2\/2026\/02\/Arrival-in-Helsinki.png","datePublished":"2024-06-18T10:11:34+00:00","dateModified":"2026-02-24T08:37:34+00:00","description":"Informationen zum Terminal der Ecker Line im Hafen von Helsinki: Fahrplan, Einrichtungen und Check-in-Verfahren.","breadcrumb":{"@id":"https:\/\/helsinki-tallinn.com\/de\/tallinn-hafen\/eckero-line-terminal\/#breadcrumb"},"inLanguage":"de","potentialAction":[{"@type":"ReadAction","target":["https:\/\/helsinki-tallinn.com\/de\/tallinn-hafen\/eckero-line-terminal\/"]}]},{"@type":"ImageObject","inLanguage":"de","@id":"https:\/\/helsinki-tallinn.com\/de\/tallinn-hafen\/eckero-line-terminal\/#primaryimage","url":"https:\/\/helsinki-tallinn.com\/de\/wp-content\/uploads\/sites\/2\/2026\/02\/Arrival-in-Helsinki.png","contentUrl":"https:\/\/helsinki-tallinn.com\/de\/wp-content\/uploads\/sites\/2\/2026\/02\/Arrival-in-Helsinki.png","width":1920,"height":500,"caption":"Arrival in Helsinki"},{"@type":"BreadcrumbList","@id":"https:\/\/helsinki-tallinn.com\/de\/tallinn-hafen\/eckero-line-terminal\/#breadcrumb","itemListElement":[{"@type":"ListItem","position":1,"name":"Helsinki Tallinn","item":"https:\/\/helsinki-tallinn.com\/de\/"},{"@type":"ListItem","position":2,"name":"F\u00e4hrhafen Tallinn","item":"https:\/\/helsinki-tallinn.com\/de\/tallinn-hafen\/"},{"@type":"ListItem","position":3,"name":"Terminal der Ecker\u00f6 Line in Tallinn"}]},{"@type":"WebSite","@id":"https:\/\/helsinki-tallinn.com\/de\/#website","url":"https:\/\/helsinki-tallinn.com\/de\/","name":"Helsinki Tallinn F\u00e4hre","description":"","publisher":{"@id":"https:\/\/helsinki-tallinn.com\/de\/#organization"},"potentialAction":[{"@type":"SearchAction","target":{"@type":"EntryPoint","urlTemplate":"https:\/\/helsinki-tallinn.com\/de\/?s={search_term_string}"},"query-input":{"@type":"PropertyValueSpecification","valueRequired":true,"valueName":"search_term_string"}}],"inLanguage":"de"},{"@type":"Organization","@id":"https:\/\/helsinki-tallinn.com\/de\/#organization","name":"Helsinki Tallinn F\u00e4hre","url":"https:\/\/helsinki-tallinn.com\/de\/","logo":{"@type":"ImageObject","inLanguage":"de","@id":"https:\/\/helsinki-tallinn.com\/de\/#\/schema\/logo\/image\/","url":"https:\/\/helsinki-tallinn.com\/de\/wp-content\/uploads\/sites\/2\/2026\/02\/Helsinki-Talinn-powered.png","contentUrl":"https:\/\/helsinki-tallinn.com\/de\/wp-content\/uploads\/sites\/2\/2026\/02\/Helsinki-Talinn-powered.png","width":700,"height":200,"caption":"Helsinki Tallinn F\u00e4hre"},"image":{"@id":"https:\/\/helsinki-tallinn.com\/de\/#\/schema\/logo\/image\/"}}]}},"_links":{"self":[{"href":"https:\/\/helsinki-tallinn.com\/de\/wp-json\/wp\/v2\/pages\/116","targetHints":{"allow":["GET"]}}],"collection":[{"href":"https:\/\/helsinki-tallinn.com\/de\/wp-json\/wp\/v2\/pages"}],"about":[{"href":"https:\/\/helsinki-tallinn.com\/de\/wp-json\/wp\/v2\/types\/page"}],"author":[{"embeddable":true,"href":"https:\/\/helsinki-tallinn.com\/de\/wp-json\/wp\/v2\/users\/1"}],"replies":[{"embeddable":true,"href":"https:\/\/helsinki-tallinn.com\/de\/wp-json\/wp\/v2\/comments?post=116"}],"version-history":[{"count":2,"href":"https:\/\/helsinki-tallinn.com\/de\/wp-json\/wp\/v2\/pages\/116\/revisions"}],"predecessor-version":[{"id":149,"href":"https:\/\/helsinki-tallinn.com\/de\/wp-json\/wp\/v2\/pages\/116\/revisions\/149"}],"up":[{"embeddable":true,"href":"https:\/\/helsinki-tallinn.com\/de\/wp-json\/wp\/v2\/pages\/66"}],"wp:featuredmedia":[{"embeddable":true,"href":"https:\/\/helsinki-tallinn.com\/de\/wp-json\/wp\/v2\/media\/263"}],"wp:attachment":[{"href":"https:\/\/helsinki-tallinn.com\/de\/wp-json\/wp\/v2\/media?parent=116"}],"curies":[{"name":"wp","href":"https:\/\/api.w.org\/{rel}","templated":true}]}}