{"id":51,"date":"2024-06-18T07:26:50","date_gmt":"2024-06-18T07:26:50","guid":{"rendered":"https:\/\/helsinki-tallinn.com\/de\/?page_id=51"},"modified":"2024-06-18T11:14:51","modified_gmt":"2024-06-18T11:14:51","slug":"viking-line","status":"publish","type":"page","link":"https:\/\/helsinki-tallinn.com\/de\/viking-line\/","title":{"rendered":"Viking Line: F\u00e4hre zwischen Helsinki und Tallinn"},"content":{"rendered":"\n<p>Eine der F\u00e4hrgesellschaften, die eine \u00dcberfahrt zwischen Helsinki und Tallinn anbietet, ist Viking Line. Bei Viking Line k\u00f6nnen Sie ab 103 Euro ein Hin- und R\u00fcckticket buchen und sind in etwas mehr als zwei Stunden auf der anderen Seite. Viking Line nutzt f\u00fcr die \u00dcberfahrt die Viking Xprs: eine komfortable F\u00e4hre mit vielen Einrichtungen wie Restaurants und einem Spielbereich f\u00fcr Kinder.<\/p>\n\n\n\n<h2 class=\"wp-block-heading\">Informationen zur \u00dcberfahrt mit Viking Line<\/h2>\n\n\n\n<p>Sehen Sie sich unten die wichtigen Details der \u00dcberfahrt mit Viking Line an:<\/p>\n\n\n\n<ul class=\"wp-block-list\">\n<li><strong>Dauer der \u00dcberfahrt: <\/strong>2 Stunden und 15 Minuten<\/li>\n\n\n\n<li><strong>Durchschnittspreis:<\/strong> ab 103 Euro<\/li>\n\n\n\n<li><strong>Anzahl der Abfahrten:<\/strong> 16 pro Woche<\/li>\n\n\n\n<li><strong>Schiff:<\/strong> Viking Xprs<\/li>\n<\/ul>\n\n\n\n<p>Die \u00dcberfahrt erfolgt zwischen dem <a href=\"https:\/\/helsinki-tallinn.com\/de\/helsinki-hafen\/\">Hafen Helsinki<\/a> und dem <a href=\"https:\/\/helsinki-tallinn.com\/de\/tallinn-hafen\/\">Hafen Tallinn<\/a>.<\/p>\n\n\n\n<h2 class=\"wp-block-heading\">Einrichtungen an Bord<\/h2>\n\n\n\n<p>F\u00fcr die \u00dcberfahrt zwischen den H\u00e4fen f\u00e4hrt Viking Line mit der Viking Xpress. Auf dem Boot k\u00f6nnen Sie w\u00e4hrend der \u00dcberfahrt folgende Einrichtungen genie\u00dfen:<\/p>\n\n\n\n<ul class=\"wp-block-list\">\n<li>Restaurants<\/li>\n\n\n\n<li>H\u00fctten\/Kabinen<\/li>\n\n\n\n<li>Kneipe<\/li>\n\n\n\n<li>Verein<\/li>\n\n\n\n<li>Einkaufen (Lebensmittel und Kleidung)<\/li>\n\n\n\n<li>Unterhaltung<\/li>\n\n\n\n<li>Spielbereich f\u00fcr Kinder<\/li>\n<\/ul>\n\n\n\n<p>Machen Sie eine gesch\u00e4ftliche \u00dcberfahrt? Dann ist es auch gut zu wissen, dass an Bord des Schiffes ein Konferenzraum gebucht werden kann. Weitere Informationen zum <a href=\"https:\/\/helsinki-tallinn.com\/de\/viking-xprs-ferry\/\">Viking Xprss<\/a> finden Sie hier.<\/p>\n\n\n\n<h2 class=\"wp-block-heading\">Fahrplan der Viking Line<\/h2>\n\n\n\n<p>Sehen Sie sich unten den vollst\u00e4ndigen Fahrplan der Viking Line an:<\/p>\n\n\n\n<h3 class=\"wp-block-heading\">Fahrplan von Helsinki nach Tallinn:<\/h3>\n\n\n\n<figure class=\"wp-block-table is-style-stripes has-small-font-size\"><table><thead><tr><th class=\"has-text-align-left\" data-align=\"left\">Abfahrt<\/th><th class=\"has-text-align-left\" data-align=\"left\">Ankunft<\/th><th class=\"has-text-align-left\" data-align=\"left\">Abreisetage<\/th><th class=\"has-text-align-left\" data-align=\"left\">F\u00e4hre<\/th><\/tr><\/thead><tbody><tr><td class=\"has-text-align-left\" data-align=\"left\">07:45<\/td><td class=\"has-text-align-left\" data-align=\"left\">10:00<\/td><td class=\"has-text-align-left\" data-align=\"left\">Freitag<\/td><td class=\"has-text-align-left\" data-align=\"left\"><br>Viking XPRS<\/td><\/tr><tr><td class=\"has-text-align-left\" data-align=\"left\">10:30<\/td><td class=\"has-text-align-left\" data-align=\"left\">13:00<\/td><td class=\"has-text-align-left\" data-align=\"left\">Montag &#8211; Donnerstag<br>Samstag &#8211; Sonntag<\/td><td class=\"has-text-align-left\" data-align=\"left\"><br>Viking XPRS<\/td><\/tr><tr><td class=\"has-text-align-left\" data-align=\"left\">14:15<\/td><td class=\"has-text-align-left\" data-align=\"left\">16:45<\/td><td class=\"has-text-align-left\" data-align=\"left\">Freitag<\/td><td class=\"has-text-align-left\" data-align=\"left\"><br>Viking XPRS<\/td><\/tr><tr><td class=\"has-text-align-left\" data-align=\"left\">19:00<\/td><td class=\"has-text-align-left\" data-align=\"left\">21:30<\/td><td class=\"has-text-align-left\" data-align=\"left\">Sonntag<\/td><td class=\"has-text-align-left\" data-align=\"left\"><br>Viking XPRS<\/td><\/tr><tr><td class=\"has-text-align-left\" data-align=\"left\">20:30<\/td><td class=\"has-text-align-left\" data-align=\"left\">23:00<\/td><td class=\"has-text-align-left\" data-align=\"left\">Montag &#8211; Donnerstag<br>Samstag<\/td><td class=\"has-text-align-left\" data-align=\"left\"><br>Viking XPRS<\/td><\/tr><tr><td class=\"has-text-align-left\" data-align=\"left\">21:00<\/td><td class=\"has-text-align-left\" data-align=\"left\">23:30<\/td><td class=\"has-text-align-left\" data-align=\"left\">Freitag<\/td><td class=\"has-text-align-left\" data-align=\"left\"><br>Viking XPRS<\/td><\/tr><tr><td class=\"has-text-align-left\" data-align=\"left\">01:00<\/td><td class=\"has-text-align-left\" data-align=\"left\">03:30<\/td><td class=\"has-text-align-left\" data-align=\"left\">Sonntag<\/td><td class=\"has-text-align-left\" data-align=\"left\"><br>Viking XPRS<\/td><\/tr><\/tbody><\/table><\/figure>\n\n\n\n<h3 class=\"wp-block-heading\">Fahrplan von Tallinn nach Helsinki:<\/h3>\n\n\n\n<figure class=\"wp-block-table is-style-stripes has-small-font-size\"><table><thead><tr><th class=\"has-text-align-left\" data-align=\"left\">Abfahrt<\/th><th class=\"has-text-align-left\" data-align=\"left\">Ankunft<\/th><th class=\"has-text-align-left\" data-align=\"left\">Abreisetage<\/th><th class=\"has-text-align-left\" data-align=\"left\">F\u00e4hre<\/th><\/tr><\/thead><tbody><tr><td class=\"has-text-align-left\" data-align=\"left\">07:00<\/td><td class=\"has-text-align-left\" data-align=\"left\">09:30<\/td><td class=\"has-text-align-left\" data-align=\"left\">Montag &#8211; Donnerstag<br>Samstag &#8211; Sonntag<\/td><td class=\"has-text-align-left\" data-align=\"left\"><br>Viking XPRS<\/td><\/tr><tr><td class=\"has-text-align-left\" data-align=\"left\">10:45<\/td><td class=\"has-text-align-left\" data-align=\"left\">13:15<\/td><td class=\"has-text-align-left\" data-align=\"left\">Freitag<\/td><td class=\"has-text-align-left\" data-align=\"left\"><br>Viking XPRS<\/td><\/tr><tr><td class=\"has-text-align-left\" data-align=\"left\">15:30<\/td><td class=\"has-text-align-left\" data-align=\"left\">18:00<\/td><td class=\"has-text-align-left\" data-align=\"left\">Zondag<\/td><td class=\"has-text-align-left\" data-align=\"left\"><br>Viking XPRS<\/td><\/tr><tr><td class=\"has-text-align-left\" data-align=\"left\">17:00<\/td><td class=\"has-text-align-left\" data-align=\"left\">19:30<\/td><td class=\"has-text-align-left\" data-align=\"left\"><br>Montag &#8211; Donnerstag<br>Samstag<\/td><td class=\"has-text-align-left\" data-align=\"left\"><br>Viking XPRS<\/td><\/tr><tr><td class=\"has-text-align-left\" data-align=\"left\">17:30<\/td><td class=\"has-text-align-left\" data-align=\"left\">20:00<\/td><td class=\"has-text-align-left\" data-align=\"left\">Freitag<\/td><td class=\"has-text-align-left\" data-align=\"left\"><br>Viking XPRS<\/td><\/tr><tr><td class=\"has-text-align-left\" data-align=\"left\">22:15<\/td><td class=\"has-text-align-left\" data-align=\"left\">00:30<\/td><td class=\"has-text-align-left\" data-align=\"left\">Sonntag<\/td><td class=\"has-text-align-left\" data-align=\"left\"><br>Viking XPRS<\/td><\/tr><\/tbody><\/table><\/figure>\n\n\n\n<p>Bitte beachten Sie: Die Ankunfts- und Abfahrtszeiten k\u00f6nnen sich regelm\u00e4\u00dfig (und kurzfristig) \u00e4ndern, beispielsweise aufgrund einer schlechten <a href=\"https:\/\/helsinki-tallinn.com\/de\/wettervorhersage\/\">Wettervorhersage<\/a>. Den aktuellen Fahrplan finden Sie hier <a href=\"https:\/\/www.vikingline.com\/viking-line-cargo\/routes-timetables\/helsinki-tallinn\/\" target=\"_blank\" rel=\"noreferrer noopenerhttps:\/\/helsinki-tallinn.com\/de\/wettervorhersage\/ noopener\">auf der Viking Line-Website<\/a>.<\/p>\n\n\n\n<h2 class=\"wp-block-heading\">Reisen mit Haustieren mit Viking Line<\/h2>\n\n\n\n<p>M\u00f6chten Sie mit Ihrem Haustier die \u00dcberfahrt zwischen Helsinki und Tallinn machen? Mit Viking Line ist das m\u00f6glich, aber es gibt eine Reihe von Dingen, die Sie ber\u00fccksichtigen m\u00fcssen:<\/p>\n\n\n\n<ul class=\"wp-block-list\">\n<li>F\u00fcr Ihr Haustier m\u00fcssen Sie ein separates Ticket erwerben<\/li>\n\n\n\n<li>Haustiere haben keinen Zutritt zu den Schiffsrestaurants<\/li>\n\n\n\n<li>Haustiere m\u00fcssen w\u00e4hrend der gesamten Reise vom Eigent\u00fcmer beaufsichtigt werden<\/li>\n\n\n\n<li>Bei Nacht\u00fcberfahrten m\u00fcssen Haustiere in den Kabinen bleiben<\/li>\n<\/ul>\n\n\n\n<p>Es empfiehlt sich, rechtzeitig zu reservieren: Es gibt eine maximale Anzahl an Haustieren, die an Bord des Schiffes erlaubt sind.<\/p>\n\n\n\n<h2 class=\"wp-block-heading\">Kontaktdaten von Viking Line<\/h2>\n\n\n\n<p>Haben Sie Fragen zu Ihrer Buchung oder m\u00f6chten Sie mit Viking Line in Kontakt treten? Dann k\u00f6nnen Sie sie auf verschiedene Arten kontaktieren:<\/p>\n\n\n\n<ul class=\"wp-block-list\">\n<li><strong>E-Mail-Adresse:<\/strong> <a href=\"mailto:individual.sales@vikingline.com\" target=\"_blank\" rel=\"noreferrer noopener\">individual.sales@vikingline.com<\/a><\/li>\n\n\n\n<li><strong>Telefonnummer: <\/strong>+358 9 123574<\/li>\n\n\n\n<li><strong>Webseite:<\/strong> <a href=\"https:\/\/www.sales.vikingline.com\/\" target=\"_blank\" rel=\"noreferrer noopener\">https:\/\/www.sales.vikingline.com\/<\/a><\/li>\n<\/ul>\n\n\n\n<p>Tipp: Die Website verf\u00fcgt auch \u00fcber eine Live-Chat-Funktion. Fragen werden in der Regel innerhalb weniger Minuten beantwortet.<\/p>\n\n\n\n<figure class=\"wp-block-image size-large\"><img decoding=\"async\" src=\"https:\/\/helsinki-tallinn.com\/nl\/wp-content\/uploads\/sites\/3\/2024\/06\/viking-line-live-chat-website-1024x683.jpg\" alt=\"viking line live chat website\" class=\"wp-image-167\"\/><\/figure>\n\n\n\n<h3 class=\"wp-block-heading\">Terminals der Viking Line<\/h3>\n\n\n\n<p>Viking Line verf\u00fcgt sowohl in den H\u00e4fen von Tallinn als auch in Helsinki \u00fcber eigene Terminals mit zugeh\u00f6rigen Einrichtungen, Fahrpl\u00e4nen und Check-in-Verfahren. Sehen Sie sich unten die spezifischen Informationen pro Port an:<\/p>\n\n\n\n<ul class=\"wp-block-list\">\n<li><a href=\"https:\/\/helsinki-tallinn.com\/de\/helsinki-hafen\/viking-line-terminal\/\">Viking Line-Terminal Helsinki<\/a><\/li>\n\n\n\n<li><a href=\"https:\/\/helsinki-tallinn.com\/de\/tallinn-hafen\/viking-line-terminal\/\">Viking Line-Terminal Tallinn<\/a><\/li>\n<\/ul>\n","protected":false},"excerpt":{"rendered":"<p>Eine der F\u00e4hrgesellschaften, die eine \u00dcberfahrt zwischen Helsinki und Tallinn anbietet, ist Viking Line. Bei Viking Line k\u00f6nnen Sie ab [&hellip;]<\/p>\n","protected":false},"author":1,"featured_media":127,"parent":0,"menu_order":0,"comment_status":"closed","ping_status":"closed","template":"","meta":{"_acf_changed":false,"inline_featured_image":false,"site-sidebar-layout":"default","site-content-layout":"","ast-site-content-layout":"default","site-content-style":"default","site-sidebar-style":"default","ast-global-header-display":"","ast-banner-title-visibility":"","ast-main-header-display":"","ast-hfb-above-header-display":"","ast-hfb-below-header-display":"","ast-hfb-mobile-header-display":"","site-post-title":"","ast-breadcrumbs-content":"","ast-featured-img":"","footer-sml-layout":"","ast-disable-related-posts":"","theme-transparent-header-meta":"","adv-header-id-meta":"","stick-header-meta":"","header-above-stick-meta":"","header-main-stick-meta":"","header-below-stick-meta":"","astra-migrate-meta-layouts":"default","ast-page-background-enabled":"default","ast-page-background-meta":{"desktop":{"background-color":"var(--ast-global-color-4)","background-image":"","background-repeat":"repeat","background-position":"center center","background-size":"auto","background-attachment":"scroll","background-type":"","background-media":"","overlay-type":"","overlay-color":"","overlay-opacity":"","overlay-gradient":""},"tablet":{"background-color":"","background-image":"","background-repeat":"repeat","background-position":"center center","background-size":"auto","background-attachment":"scroll","background-type":"","background-media":"","overlay-type":"","overlay-color":"","overlay-opacity":"","overlay-gradient":""},"mobile":{"background-color":"","background-image":"","background-repeat":"repeat","background-position":"center center","background-size":"auto","background-attachment":"scroll","background-type":"","background-media":"","overlay-type":"","overlay-color":"","overlay-opacity":"","overlay-gradient":""}},"ast-content-background-meta":{"desktop":{"background-color":"var(--ast-global-color-5)","background-image":"","background-repeat":"repeat","background-position":"center center","background-size":"auto","background-attachment":"scroll","background-type":"","background-media":"","overlay-type":"","overlay-color":"","overlay-opacity":"","overlay-gradient":""},"tablet":{"background-color":"var(--ast-global-color-5)","background-image":"","background-repeat":"repeat","background-position":"center center","background-size":"auto","background-attachment":"scroll","background-type":"","background-media":"","overlay-type":"","overlay-color":"","overlay-opacity":"","overlay-gradient":""},"mobile":{"background-color":"var(--ast-global-color-5)","background-image":"","background-repeat":"repeat","background-position":"center center","background-size":"auto","background-attachment":"scroll","background-type":"","background-media":"","overlay-type":"","overlay-color":"","overlay-opacity":"","overlay-gradient":""}},"footnotes":""},"class_list":["post-51","page","type-page","status-publish","has-post-thumbnail","hentry"],"acf":[],"yoast_head":"<!-- This site is optimized with the Yoast SEO plugin v27.2 - https:\/\/yoast.com\/product\/yoast-seo-wordpress\/ -->\n<title>Viking Line: F\u00e4hre zwischen Helsinki und Tallinn - Helsinki Tallinn F\u00e4hre<\/title>\n<meta name=\"description\" content=\"Viking Line ist eine der F\u00e4hrgesellschaften zwischen Helsinki und Tallin. Erfahren Sie alles, was Sie wissen m\u00fcssen.\" \/>\n<meta name=\"robots\" content=\"index, follow, max-snippet:-1, max-image-preview:large, max-video-preview:-1\" \/>\n<link rel=\"canonical\" href=\"https:\/\/helsinki-tallinn.com\/de\/viking-line\/\" \/>\n<meta property=\"og:locale\" content=\"de_DE\" \/>\n<meta property=\"og:type\" content=\"article\" \/>\n<meta property=\"og:title\" content=\"Viking Line: F\u00e4hre zwischen Helsinki und Tallinn - Helsinki Tallinn F\u00e4hre\" \/>\n<meta property=\"og:description\" content=\"Viking Line ist eine der F\u00e4hrgesellschaften zwischen Helsinki und Tallin. Erfahren Sie alles, was Sie wissen m\u00fcssen.\" \/>\n<meta property=\"og:url\" content=\"https:\/\/helsinki-tallinn.com\/de\/viking-line\/\" \/>\n<meta property=\"og:site_name\" content=\"Helsinki Tallinn F\u00e4hre\" \/>\n<meta property=\"article:modified_time\" content=\"2024-06-18T11:14:51+00:00\" \/>\n<meta property=\"og:image\" content=\"https:\/\/helsinki-tallinn.com\/de\/wp-content\/uploads\/sites\/2\/2024\/06\/viking-line-fahre.jpg\" \/>\n\t<meta property=\"og:image:width\" content=\"1200\" \/>\n\t<meta property=\"og:image:height\" content=\"800\" \/>\n\t<meta property=\"og:image:type\" content=\"image\/jpeg\" \/>\n<meta name=\"twitter:card\" content=\"summary_large_image\" \/>\n<meta name=\"twitter:label1\" content=\"Gesch\u00e4tzte Lesezeit\" \/>\n\t<meta name=\"twitter:data1\" content=\"3\u00a0Minuten\" \/>\n<script type=\"application\/ld+json\" class=\"yoast-schema-graph\">{\"@context\":\"https:\/\/schema.org\",\"@graph\":[{\"@type\":\"WebPage\",\"@id\":\"https:\/\/helsinki-tallinn.com\/de\/viking-line\/\",\"url\":\"https:\/\/helsinki-tallinn.com\/de\/viking-line\/\",\"name\":\"Viking Line: F\u00e4hre zwischen Helsinki und Tallinn - Helsinki Tallinn F\u00e4hre\",\"isPartOf\":{\"@id\":\"https:\/\/helsinki-tallinn.com\/de\/#website\"},\"primaryImageOfPage\":{\"@id\":\"https:\/\/helsinki-tallinn.com\/de\/viking-line\/#primaryimage\"},\"image\":{\"@id\":\"https:\/\/helsinki-tallinn.com\/de\/viking-line\/#primaryimage\"},\"thumbnailUrl\":\"https:\/\/helsinki-tallinn.com\/de\/wp-content\/uploads\/sites\/2\/2024\/06\/viking-line-fahre.jpg\",\"datePublished\":\"2024-06-18T07:26:50+00:00\",\"dateModified\":\"2024-06-18T11:14:51+00:00\",\"description\":\"Viking Line ist eine der F\u00e4hrgesellschaften zwischen Helsinki und Tallin. Erfahren Sie alles, was Sie wissen m\u00fcssen.\",\"breadcrumb\":{\"@id\":\"https:\/\/helsinki-tallinn.com\/de\/viking-line\/#breadcrumb\"},\"inLanguage\":\"de\",\"potentialAction\":[{\"@type\":\"ReadAction\",\"target\":[\"https:\/\/helsinki-tallinn.com\/de\/viking-line\/\"]}]},{\"@type\":\"ImageObject\",\"inLanguage\":\"de\",\"@id\":\"https:\/\/helsinki-tallinn.com\/de\/viking-line\/#primaryimage\",\"url\":\"https:\/\/helsinki-tallinn.com\/de\/wp-content\/uploads\/sites\/2\/2024\/06\/viking-line-fahre.jpg\",\"contentUrl\":\"https:\/\/helsinki-tallinn.com\/de\/wp-content\/uploads\/sites\/2\/2024\/06\/viking-line-fahre.jpg\",\"width\":1200,\"height\":800,\"caption\":\"viking line fahre\"},{\"@type\":\"BreadcrumbList\",\"@id\":\"https:\/\/helsinki-tallinn.com\/de\/viking-line\/#breadcrumb\",\"itemListElement\":[{\"@type\":\"ListItem\",\"position\":1,\"name\":\"Helsinki Tallinn\",\"item\":\"https:\/\/helsinki-tallinn.com\/de\/\"},{\"@type\":\"ListItem\",\"position\":2,\"name\":\"Viking Line: F\u00e4hre zwischen Helsinki und Tallinn\"}]},{\"@type\":\"WebSite\",\"@id\":\"https:\/\/helsinki-tallinn.com\/de\/#website\",\"url\":\"https:\/\/helsinki-tallinn.com\/de\/\",\"name\":\"Helsinki Tallinn F\u00e4hre\",\"description\":\"\",\"publisher\":{\"@id\":\"https:\/\/helsinki-tallinn.com\/de\/#organization\"},\"potentialAction\":[{\"@type\":\"SearchAction\",\"target\":{\"@type\":\"EntryPoint\",\"urlTemplate\":\"https:\/\/helsinki-tallinn.com\/de\/?s={search_term_string}\"},\"query-input\":{\"@type\":\"PropertyValueSpecification\",\"valueRequired\":true,\"valueName\":\"search_term_string\"}}],\"inLanguage\":\"de\"},{\"@type\":\"Organization\",\"@id\":\"https:\/\/helsinki-tallinn.com\/de\/#organization\",\"name\":\"Helsinki Tallinn F\u00e4hre\",\"url\":\"https:\/\/helsinki-tallinn.com\/de\/\",\"logo\":{\"@type\":\"ImageObject\",\"inLanguage\":\"de\",\"@id\":\"https:\/\/helsinki-tallinn.com\/de\/#\/schema\/logo\/image\/\",\"url\":\"https:\/\/helsinki-tallinn.com\/de\/wp-content\/uploads\/sites\/2\/2026\/02\/Helsinki-Talinn-powered.png\",\"contentUrl\":\"https:\/\/helsinki-tallinn.com\/de\/wp-content\/uploads\/sites\/2\/2026\/02\/Helsinki-Talinn-powered.png\",\"width\":700,\"height\":200,\"caption\":\"Helsinki Tallinn F\u00e4hre\"},\"image\":{\"@id\":\"https:\/\/helsinki-tallinn.com\/de\/#\/schema\/logo\/image\/\"}}]}<\/script>\n<!-- \/ Yoast SEO plugin. -->","yoast_head_json":{"title":"Viking Line: F\u00e4hre zwischen Helsinki und Tallinn - Helsinki Tallinn F\u00e4hre","description":"Viking Line ist eine der F\u00e4hrgesellschaften zwischen Helsinki und Tallin. Erfahren Sie alles, was Sie wissen m\u00fcssen.","robots":{"index":"index","follow":"follow","max-snippet":"max-snippet:-1","max-image-preview":"max-image-preview:large","max-video-preview":"max-video-preview:-1"},"canonical":"https:\/\/helsinki-tallinn.com\/de\/viking-line\/","og_locale":"de_DE","og_type":"article","og_title":"Viking Line: F\u00e4hre zwischen Helsinki und Tallinn - Helsinki Tallinn F\u00e4hre","og_description":"Viking Line ist eine der F\u00e4hrgesellschaften zwischen Helsinki und Tallin. Erfahren Sie alles, was Sie wissen m\u00fcssen.","og_url":"https:\/\/helsinki-tallinn.com\/de\/viking-line\/","og_site_name":"Helsinki Tallinn F\u00e4hre","article_modified_time":"2024-06-18T11:14:51+00:00","og_image":[{"width":1200,"height":800,"url":"https:\/\/helsinki-tallinn.com\/de\/wp-content\/uploads\/sites\/2\/2024\/06\/viking-line-fahre.jpg","type":"image\/jpeg"}],"twitter_card":"summary_large_image","twitter_misc":{"Gesch\u00e4tzte Lesezeit":"3\u00a0Minuten"},"schema":{"@context":"https:\/\/schema.org","@graph":[{"@type":"WebPage","@id":"https:\/\/helsinki-tallinn.com\/de\/viking-line\/","url":"https:\/\/helsinki-tallinn.com\/de\/viking-line\/","name":"Viking Line: F\u00e4hre zwischen Helsinki und Tallinn - Helsinki Tallinn F\u00e4hre","isPartOf":{"@id":"https:\/\/helsinki-tallinn.com\/de\/#website"},"primaryImageOfPage":{"@id":"https:\/\/helsinki-tallinn.com\/de\/viking-line\/#primaryimage"},"image":{"@id":"https:\/\/helsinki-tallinn.com\/de\/viking-line\/#primaryimage"},"thumbnailUrl":"https:\/\/helsinki-tallinn.com\/de\/wp-content\/uploads\/sites\/2\/2024\/06\/viking-line-fahre.jpg","datePublished":"2024-06-18T07:26:50+00:00","dateModified":"2024-06-18T11:14:51+00:00","description":"Viking Line ist eine der F\u00e4hrgesellschaften zwischen Helsinki und Tallin. Erfahren Sie alles, was Sie wissen m\u00fcssen.","breadcrumb":{"@id":"https:\/\/helsinki-tallinn.com\/de\/viking-line\/#breadcrumb"},"inLanguage":"de","potentialAction":[{"@type":"ReadAction","target":["https:\/\/helsinki-tallinn.com\/de\/viking-line\/"]}]},{"@type":"ImageObject","inLanguage":"de","@id":"https:\/\/helsinki-tallinn.com\/de\/viking-line\/#primaryimage","url":"https:\/\/helsinki-tallinn.com\/de\/wp-content\/uploads\/sites\/2\/2024\/06\/viking-line-fahre.jpg","contentUrl":"https:\/\/helsinki-tallinn.com\/de\/wp-content\/uploads\/sites\/2\/2024\/06\/viking-line-fahre.jpg","width":1200,"height":800,"caption":"viking line fahre"},{"@type":"BreadcrumbList","@id":"https:\/\/helsinki-tallinn.com\/de\/viking-line\/#breadcrumb","itemListElement":[{"@type":"ListItem","position":1,"name":"Helsinki Tallinn","item":"https:\/\/helsinki-tallinn.com\/de\/"},{"@type":"ListItem","position":2,"name":"Viking Line: F\u00e4hre zwischen Helsinki und Tallinn"}]},{"@type":"WebSite","@id":"https:\/\/helsinki-tallinn.com\/de\/#website","url":"https:\/\/helsinki-tallinn.com\/de\/","name":"Helsinki Tallinn F\u00e4hre","description":"","publisher":{"@id":"https:\/\/helsinki-tallinn.com\/de\/#organization"},"potentialAction":[{"@type":"SearchAction","target":{"@type":"EntryPoint","urlTemplate":"https:\/\/helsinki-tallinn.com\/de\/?s={search_term_string}"},"query-input":{"@type":"PropertyValueSpecification","valueRequired":true,"valueName":"search_term_string"}}],"inLanguage":"de"},{"@type":"Organization","@id":"https:\/\/helsinki-tallinn.com\/de\/#organization","name":"Helsinki Tallinn F\u00e4hre","url":"https:\/\/helsinki-tallinn.com\/de\/","logo":{"@type":"ImageObject","inLanguage":"de","@id":"https:\/\/helsinki-tallinn.com\/de\/#\/schema\/logo\/image\/","url":"https:\/\/helsinki-tallinn.com\/de\/wp-content\/uploads\/sites\/2\/2026\/02\/Helsinki-Talinn-powered.png","contentUrl":"https:\/\/helsinki-tallinn.com\/de\/wp-content\/uploads\/sites\/2\/2026\/02\/Helsinki-Talinn-powered.png","width":700,"height":200,"caption":"Helsinki Tallinn F\u00e4hre"},"image":{"@id":"https:\/\/helsinki-tallinn.com\/de\/#\/schema\/logo\/image\/"}}]}},"_links":{"self":[{"href":"https:\/\/helsinki-tallinn.com\/de\/wp-json\/wp\/v2\/pages\/51","targetHints":{"allow":["GET"]}}],"collection":[{"href":"https:\/\/helsinki-tallinn.com\/de\/wp-json\/wp\/v2\/pages"}],"about":[{"href":"https:\/\/helsinki-tallinn.com\/de\/wp-json\/wp\/v2\/types\/page"}],"author":[{"embeddable":true,"href":"https:\/\/helsinki-tallinn.com\/de\/wp-json\/wp\/v2\/users\/1"}],"replies":[{"embeddable":true,"href":"https:\/\/helsinki-tallinn.com\/de\/wp-json\/wp\/v2\/comments?post=51"}],"version-history":[{"count":3,"href":"https:\/\/helsinki-tallinn.com\/de\/wp-json\/wp\/v2\/pages\/51\/revisions"}],"predecessor-version":[{"id":143,"href":"https:\/\/helsinki-tallinn.com\/de\/wp-json\/wp\/v2\/pages\/51\/revisions\/143"}],"wp:featuredmedia":[{"embeddable":true,"href":"https:\/\/helsinki-tallinn.com\/de\/wp-json\/wp\/v2\/media\/127"}],"wp:attachment":[{"href":"https:\/\/helsinki-tallinn.com\/de\/wp-json\/wp\/v2\/media?parent=51"}],"curies":[{"name":"wp","href":"https:\/\/api.w.org\/{rel}","templated":true}]}}