{"id":55,"date":"2024-06-18T07:35:32","date_gmt":"2024-06-18T07:35:32","guid":{"rendered":"https:\/\/helsinki-tallinn.com\/de\/?page_id=55"},"modified":"2024-06-18T11:19:10","modified_gmt":"2024-06-18T11:19:10","slug":"tallink-silja","status":"publish","type":"page","link":"https:\/\/helsinki-tallinn.com\/de\/tallink-silja\/","title":{"rendered":"Tallink Silja Helsinki Tallinn-Kreuzung"},"content":{"rendered":"\n<p>Einer der F\u00e4hrbetreiber zwischen dem Hafen von Helsinki und Tallinn ist Tallink Silja. Zum Einsatz kommen zwei Boote: das Megastar und das MyStar. An Bord k\u00f6nnen Sie verschiedene Einrichtungen genie\u00dfen. Anschlie\u00dfend gehen Sie f\u00fcr etwa zwei Stunden an Bord des Schiffes. Tallink Silja ist einer der g\u00fcnstigsten Anbieter auf der Strecke: Eine Hin- und R\u00fcckfahrt kann man ab 45 Euro buchen.<\/p>\n\n\n\n<h2 class=\"wp-block-heading\">Informationen zur \u00dcberfahrt mit Tallink Silja<\/h2>\n\n\n\n<p>Wichtige Informationen zur \u00dcberfahrt mit Tallink Silja:<\/p>\n\n\n\n<ul class=\"wp-block-list\">\n<li><strong>Dauer der \u00dcberfahrt:<\/strong> 2 Stunden<\/li>\n\n\n\n<li><strong>Durchschnittspreis:<\/strong> ab 45 Euro<\/li>\n\n\n\n<li><strong>Abfahrten: <\/strong>6 Abfahrten pro Tag<\/li>\n\n\n\n<li><strong>Schiff:<\/strong> MyStar und Megastar<\/li>\n<\/ul>\n\n\n\n<p>Gut zu wissen: Mit einer zweist\u00fcndigen \u00dcberfahrt zwischen dem Hafen von Tallinn und dem Hafen von Helsinki ist Tallink Silja im Vergleich zu <a href=\"https:\/\/helsinki-tallinn.com\/de\/viking-line\/\">Viking Line<\/a> und <a href=\"https:\/\/helsinki-tallinn.com\/de\/eckero-line\/\">Ecker\u00f6 Line<\/a> am schnellsten.<\/p>\n\n\n\n<h2 class=\"wp-block-heading\">Einrichtungen an Bord von Tallink Silja<\/h2>\n\n\n\n<p>Wie bereits erw\u00e4hnt, nutzt Tallink Silja f\u00fcr die \u00dcberfahrt zwei F\u00e4hren: die Megastar und die MyStar. Dabei handelt es sich um relativ neue Schiffe, die mit verschiedenen Einrichtungen an Bord ausgestattet sind. Dazu geh\u00f6ren Restaurants, Gesch\u00e4fte und ein Spielbereich f\u00fcr Kinder.<\/p>\n\n\n\n<p>Die wichtigsten Einrichtungen an Bord von Tallink Silja:<\/p>\n\n\n\n<ul class=\"wp-block-list\">\n<li>Restaurants<\/li>\n\n\n\n<li>Shops<\/li>\n\n\n\n<li>Kneipen und Caf\u00e9s<\/li>\n\n\n\n<li>Toiletten<\/li>\n\n\n\n<li>Spielbereich f\u00fcr Kinder<\/li>\n\n\n\n<li>H\u00fctten (im Voraus buchen)<\/li>\n<\/ul>\n\n\n\n<p>Bitte beachten Sie die informativen Anleitungen f\u00fcr den <a href=\"https:\/\/helsinki-tallinn.com\/de\/megastar\/\">Megastar <\/a>und den <a href=\"https:\/\/helsinki-tallinn.com\/de\/mystar\/\">MyStar<\/a>, um die genauen Einrichtungen und eine Karte herunterzuladen.<\/p>\n\n\n\n<h2 class=\"wp-block-heading\">Tallink Silja Fahrplan<\/h2>\n\n\n\n<p>Sehen Sie sich unten den Tallink Silja-Fahrplan von Helsinki nach Tallinn und umgekehrt an.<\/p>\n\n\n\n<h3 class=\"wp-block-heading\">Fahrplan von Helsinki nach Tallinn<\/h3>\n\n\n\n<figure class=\"wp-block-table is-style-stripes has-small-font-size\"><table><thead><tr><th class=\"has-text-align-left\" data-align=\"left\">Abfahrt<\/th><th class=\"has-text-align-left\" data-align=\"left\">Ankunft<\/th><th class=\"has-text-align-left\" data-align=\"left\">Abreisetage<\/th><th class=\"has-text-align-left\" data-align=\"left\">F\u00e4hre<\/th><\/tr><\/thead><tbody><tr><td class=\"has-text-align-left\" data-align=\"left\">07:30<\/td><td class=\"has-text-align-left\" data-align=\"left\">09:30<\/td><td class=\"has-text-align-left\" data-align=\"left\">T\u00e4glich<\/td><td class=\"has-text-align-left\" data-align=\"left\">MyStar<\/td><\/tr><tr><td class=\"has-text-align-left\" data-align=\"left\">10:30<\/td><td class=\"has-text-align-left\" data-align=\"left\">12:30<\/td><td class=\"has-text-align-left\" data-align=\"left\">T\u00e4glich<\/td><td class=\"has-text-align-left\" data-align=\"left\">Megastar<\/td><\/tr><tr><td class=\"has-text-align-left\" data-align=\"left\">13:30<\/td><td class=\"has-text-align-left\" data-align=\"left\">15:30<\/td><td class=\"has-text-align-left\" data-align=\"left\">T\u00e4glich<\/td><td class=\"has-text-align-left\" data-align=\"left\">MyStar<\/td><\/tr><tr><td class=\"has-text-align-left\" data-align=\"left\">16:30<\/td><td class=\"has-text-align-left\" data-align=\"left\">18:30<\/td><td class=\"has-text-align-left\" data-align=\"left\">T\u00e4glich<\/td><td class=\"has-text-align-left\" data-align=\"left\">Megastar<\/td><\/tr><tr><td class=\"has-text-align-left\" data-align=\"left\">19:30<\/td><td class=\"has-text-align-left\" data-align=\"left\">21:30<\/td><td class=\"has-text-align-left\" data-align=\"left\">T\u00e4glich<\/td><td class=\"has-text-align-left\" data-align=\"left\">MyStar<\/td><\/tr><tr><td class=\"has-text-align-left\" data-align=\"left\">22:30<\/td><td class=\"has-text-align-left\" data-align=\"left\">00:30<\/td><td class=\"has-text-align-left\" data-align=\"left\">T\u00e4glich<\/td><td class=\"has-text-align-left\" data-align=\"left\">Megastar<\/td><\/tr><\/tbody><\/table><\/figure>\n\n\n\n<h3 class=\"wp-block-heading\">Fahrplan von Tallinn nach Helsinki<\/h3>\n\n\n\n<figure class=\"wp-block-table is-style-stripes has-small-font-size\"><table><thead><tr><th class=\"has-text-align-left\" data-align=\"left\">Abfahrt<\/th><th class=\"has-text-align-left\" data-align=\"left\">Ankunft<\/th><th class=\"has-text-align-left\" data-align=\"left\">Abreisetage<\/th><th class=\"has-text-align-left\" data-align=\"left\">F\u00e4hre<\/th><\/tr><\/thead><tbody><tr><td class=\"has-text-align-left\" data-align=\"left\">07:30<\/td><td class=\"has-text-align-left\" data-align=\"left\">09:30<\/td><td class=\"has-text-align-left\" data-align=\"left\">T\u00e4glich<\/td><td class=\"has-text-align-left\" data-align=\"left\">Megastar<\/td><\/tr><tr><td class=\"has-text-align-left\" data-align=\"left\">10:30<\/td><td class=\"has-text-align-left\" data-align=\"left\">12:30<\/td><td class=\"has-text-align-left\" data-align=\"left\">T\u00e4glich<\/td><td class=\"has-text-align-left\" data-align=\"left\">MyStar<\/td><\/tr><tr><td class=\"has-text-align-left\" data-align=\"left\">13:30<\/td><td class=\"has-text-align-left\" data-align=\"left\">15:30<\/td><td class=\"has-text-align-left\" data-align=\"left\">T\u00e4glich<\/td><td class=\"has-text-align-left\" data-align=\"left\">Megastar<\/td><\/tr><tr><td class=\"has-text-align-left\" data-align=\"left\">16:30<\/td><td class=\"has-text-align-left\" data-align=\"left\">18:30<\/td><td class=\"has-text-align-left\" data-align=\"left\">T\u00e4glich<\/td><td class=\"has-text-align-left\" data-align=\"left\">MyStar<\/td><\/tr><tr><td class=\"has-text-align-left\" data-align=\"left\">19:30<\/td><td class=\"has-text-align-left\" data-align=\"left\">21:30<\/td><td class=\"has-text-align-left\" data-align=\"left\">T\u00e4glich<\/td><td class=\"has-text-align-left\" data-align=\"left\">Megastar<\/td><\/tr><tr><td class=\"has-text-align-left\" data-align=\"left\">22:30<\/td><td class=\"has-text-align-left\" data-align=\"left\">00:30<\/td><td class=\"has-text-align-left\" data-align=\"left\">T\u00e4glich<\/td><td class=\"has-text-align-left\" data-align=\"left\">MyStar<\/td><\/tr><\/tbody><\/table><\/figure>\n\n\n\n<p>Es ist ratsam, vor der Abfahrt den aktuellen Fahrplan auf der Website von Tallink Silja zu pr\u00fcfen. Abweichungen vom Regelfahrplan sind m\u00f6glich. Zum Beispiel aufgrund von Verz\u00f6gerungen oder im Zusammenhang mit den <a href=\"#\">Wetterbedingungen<\/a>.<\/p>\n\n\n\n<h2 class=\"wp-block-heading\">Haustierbestimmungen bei Tallink Silja<\/h2>\n\n\n\n<p>Bei Tallink Silja sind Haustiere an Bord der F\u00e4hre zwischen Helsinki und Tallinn willkommen. Es gibt eine Reihe von Dingen, die Sie ber\u00fccksichtigen sollten:<\/p>\n\n\n\n<ul class=\"wp-block-list\">\n<li>Ein Haustierpass ist erforderlich<\/li>\n\n\n\n<li>Gro\u00dfe Haustiere (&gt;20 kg) k\u00f6nnen in der speziellen Bordh\u00fctte oder in haustierfreundlichen Kabinen* reisen, diese Haustiere m\u00fcssen auch au\u00dferhalb der Hundeh\u00fctte immer an der Leine und mit einem Maulkorb gef\u00fchrt werden<\/li>\n\n\n\n<li>Kleine Haustiere (&lt;20 kg) k\u00f6nnen in alle Innenbereiche, mit Ausnahme des Kinderbereichs, des Restaurants, der Kneipe und der Bar, mitgebracht werden.<\/li>\n\n\n\n<li>Haustiere sollten niemals allein gelassen werden<\/li>\n<\/ul>\n\n\n\n<p>* Es ist gut zu wissen, dass an Bord nur eine begrenzte Anzahl haustierfreundlicher Kabinen verf\u00fcgbar ist. Wenn Sie davon profitieren m\u00f6chten, buchen Sie unbedingt rechtzeitig.<\/p>\n\n\n\n<h2 class=\"wp-block-heading\">Kontaktdaten Tallink Silja<\/h2>\n\n\n\n<p>Fragen zu Ihrer Buchung? Sie k\u00f6nnen mit Tallink Silja auf verschiedene Weise in Kontakt treten:<\/p>\n\n\n\n<ul class=\"wp-block-list\">\n<li><strong><strong>E-Mail-Adresse<\/strong>:<\/strong> <a href=\"mailto:international.sales@tallinksilja.com\" target=\"_blank\" rel=\"noreferrer noopener\">international.sales@tallinksilja.com <\/a><\/li>\n\n\n\n<li><strong><strong>Telefonnummer<\/strong>:<\/strong> +49(0)40 547 541 222<\/li>\n\n\n\n<li><strong>Website:<\/strong> <a href=\"https:\/\/en.tallink.com\/book-a-cruise\" target=\"_blank\" rel=\"noreferrer noopener\">en.tallink.com<\/a><\/li>\n<\/ul>\n\n\n\n<h3 class=\"wp-block-heading\">Tallink Silja-Terminals<\/h3>\n\n\n\n<p>Spezifische Informationen zu den Terminals, Check-in-Verfahren und Einrichtungen im Hafen finden Sie auf den folgenden Seiten des Tallink Silja-Terminals:<\/p>\n\n\n\n<ul class=\"wp-block-list\">\n<li><a href=\"https:\/\/helsinki-tallinn.com\/de\/helsinki-hafen\/tallink-silja-terminal\/\">Tallink Silja-Terminal in Helsinki<\/a><\/li>\n\n\n\n<li><a href=\"https:\/\/helsinki-tallinn.com\/de\/tallinn-hafen\/tallink-silja-terminal\/\">Tallink Silja-Terminal in Tallinn<\/a><\/li>\n<\/ul>\n","protected":false},"excerpt":{"rendered":"<p>Einer der F\u00e4hrbetreiber zwischen dem Hafen von Helsinki und Tallinn ist Tallink Silja. Zum Einsatz kommen zwei Boote: das Megastar [&hellip;]<\/p>\n","protected":false},"author":1,"featured_media":132,"parent":0,"menu_order":0,"comment_status":"closed","ping_status":"closed","template":"","meta":{"_acf_changed":false,"inline_featured_image":false,"site-sidebar-layout":"default","site-content-layout":"","ast-site-content-layout":"default","site-content-style":"default","site-sidebar-style":"default","ast-global-header-display":"","ast-banner-title-visibility":"","ast-main-header-display":"","ast-hfb-above-header-display":"","ast-hfb-below-header-display":"","ast-hfb-mobile-header-display":"","site-post-title":"","ast-breadcrumbs-content":"","ast-featured-img":"","footer-sml-layout":"","ast-disable-related-posts":"","theme-transparent-header-meta":"","adv-header-id-meta":"","stick-header-meta":"","header-above-stick-meta":"","header-main-stick-meta":"","header-below-stick-meta":"","astra-migrate-meta-layouts":"default","ast-page-background-enabled":"default","ast-page-background-meta":{"desktop":{"background-color":"var(--ast-global-color-4)","background-image":"","background-repeat":"repeat","background-position":"center center","background-size":"auto","background-attachment":"scroll","background-type":"","background-media":"","overlay-type":"","overlay-color":"","overlay-opacity":"","overlay-gradient":""},"tablet":{"background-color":"","background-image":"","background-repeat":"repeat","background-position":"center center","background-size":"auto","background-attachment":"scroll","background-type":"","background-media":"","overlay-type":"","overlay-color":"","overlay-opacity":"","overlay-gradient":""},"mobile":{"background-color":"","background-image":"","background-repeat":"repeat","background-position":"center center","background-size":"auto","background-attachment":"scroll","background-type":"","background-media":"","overlay-type":"","overlay-color":"","overlay-opacity":"","overlay-gradient":""}},"ast-content-background-meta":{"desktop":{"background-color":"var(--ast-global-color-5)","background-image":"","background-repeat":"repeat","background-position":"center center","background-size":"auto","background-attachment":"scroll","background-type":"","background-media":"","overlay-type":"","overlay-color":"","overlay-opacity":"","overlay-gradient":""},"tablet":{"background-color":"var(--ast-global-color-5)","background-image":"","background-repeat":"repeat","background-position":"center center","background-size":"auto","background-attachment":"scroll","background-type":"","background-media":"","overlay-type":"","overlay-color":"","overlay-opacity":"","overlay-gradient":""},"mobile":{"background-color":"var(--ast-global-color-5)","background-image":"","background-repeat":"repeat","background-position":"center center","background-size":"auto","background-attachment":"scroll","background-type":"","background-media":"","overlay-type":"","overlay-color":"","overlay-opacity":"","overlay-gradient":""}},"footnotes":""},"class_list":["post-55","page","type-page","status-publish","has-post-thumbnail","hentry"],"acf":[],"yoast_head":"<!-- This site is optimized with the Yoast SEO plugin v27.2 - https:\/\/yoast.com\/product\/yoast-seo-wordpress\/ -->\n<title>Tallink Silja Helsinki Tallinn-Kreuzung - Helsinki Tallinn F\u00e4hre<\/title>\n<meta name=\"description\" content=\"Erfahren Sie, was Sie \u00fcber die F\u00e4hr\u00fcberfahrt zwischen Helsinki und Tallinn mit Tallink Silja wissen m\u00fcssen: Bordeinrichtungen und Fahrplan.\" \/>\n<meta name=\"robots\" content=\"index, follow, max-snippet:-1, max-image-preview:large, max-video-preview:-1\" \/>\n<link rel=\"canonical\" href=\"https:\/\/helsinki-tallinn.com\/de\/tallink-silja\/\" \/>\n<meta property=\"og:locale\" content=\"de_DE\" \/>\n<meta property=\"og:type\" content=\"article\" \/>\n<meta property=\"og:title\" content=\"Tallink Silja Helsinki Tallinn-Kreuzung - Helsinki Tallinn F\u00e4hre\" \/>\n<meta property=\"og:description\" content=\"Erfahren Sie, was Sie \u00fcber die F\u00e4hr\u00fcberfahrt zwischen Helsinki und Tallinn mit Tallink Silja wissen m\u00fcssen: Bordeinrichtungen und Fahrplan.\" \/>\n<meta property=\"og:url\" content=\"https:\/\/helsinki-tallinn.com\/de\/tallink-silja\/\" \/>\n<meta property=\"og:site_name\" content=\"Helsinki Tallinn F\u00e4hre\" \/>\n<meta property=\"article:modified_time\" content=\"2024-06-18T11:19:10+00:00\" \/>\n<meta property=\"og:image\" content=\"https:\/\/helsinki-tallinn.com\/de\/wp-content\/uploads\/sites\/2\/2024\/06\/tallink-silja-fahre.jpg\" \/>\n\t<meta property=\"og:image:width\" content=\"1200\" \/>\n\t<meta property=\"og:image:height\" content=\"800\" \/>\n\t<meta property=\"og:image:type\" content=\"image\/jpeg\" \/>\n<meta name=\"twitter:card\" content=\"summary_large_image\" \/>\n<meta name=\"twitter:label1\" content=\"Gesch\u00e4tzte Lesezeit\" \/>\n\t<meta name=\"twitter:data1\" content=\"3\u00a0Minuten\" \/>\n<script type=\"application\/ld+json\" class=\"yoast-schema-graph\">{\"@context\":\"https:\/\/schema.org\",\"@graph\":[{\"@type\":\"WebPage\",\"@id\":\"https:\/\/helsinki-tallinn.com\/de\/tallink-silja\/\",\"url\":\"https:\/\/helsinki-tallinn.com\/de\/tallink-silja\/\",\"name\":\"Tallink Silja Helsinki Tallinn-Kreuzung - Helsinki Tallinn F\u00e4hre\",\"isPartOf\":{\"@id\":\"https:\/\/helsinki-tallinn.com\/de\/#website\"},\"primaryImageOfPage\":{\"@id\":\"https:\/\/helsinki-tallinn.com\/de\/tallink-silja\/#primaryimage\"},\"image\":{\"@id\":\"https:\/\/helsinki-tallinn.com\/de\/tallink-silja\/#primaryimage\"},\"thumbnailUrl\":\"https:\/\/helsinki-tallinn.com\/de\/wp-content\/uploads\/sites\/2\/2024\/06\/tallink-silja-fahre.jpg\",\"datePublished\":\"2024-06-18T07:35:32+00:00\",\"dateModified\":\"2024-06-18T11:19:10+00:00\",\"description\":\"Erfahren Sie, was Sie \u00fcber die F\u00e4hr\u00fcberfahrt zwischen Helsinki und Tallinn mit Tallink Silja wissen m\u00fcssen: Bordeinrichtungen und Fahrplan.\",\"breadcrumb\":{\"@id\":\"https:\/\/helsinki-tallinn.com\/de\/tallink-silja\/#breadcrumb\"},\"inLanguage\":\"de\",\"potentialAction\":[{\"@type\":\"ReadAction\",\"target\":[\"https:\/\/helsinki-tallinn.com\/de\/tallink-silja\/\"]}]},{\"@type\":\"ImageObject\",\"inLanguage\":\"de\",\"@id\":\"https:\/\/helsinki-tallinn.com\/de\/tallink-silja\/#primaryimage\",\"url\":\"https:\/\/helsinki-tallinn.com\/de\/wp-content\/uploads\/sites\/2\/2024\/06\/tallink-silja-fahre.jpg\",\"contentUrl\":\"https:\/\/helsinki-tallinn.com\/de\/wp-content\/uploads\/sites\/2\/2024\/06\/tallink-silja-fahre.jpg\",\"width\":1200,\"height\":800,\"caption\":\"tallink silja fahre\"},{\"@type\":\"BreadcrumbList\",\"@id\":\"https:\/\/helsinki-tallinn.com\/de\/tallink-silja\/#breadcrumb\",\"itemListElement\":[{\"@type\":\"ListItem\",\"position\":1,\"name\":\"Helsinki Tallinn\",\"item\":\"https:\/\/helsinki-tallinn.com\/de\/\"},{\"@type\":\"ListItem\",\"position\":2,\"name\":\"Tallink Silja Helsinki Tallinn-Kreuzung\"}]},{\"@type\":\"WebSite\",\"@id\":\"https:\/\/helsinki-tallinn.com\/de\/#website\",\"url\":\"https:\/\/helsinki-tallinn.com\/de\/\",\"name\":\"Helsinki Tallinn F\u00e4hre\",\"description\":\"\",\"publisher\":{\"@id\":\"https:\/\/helsinki-tallinn.com\/de\/#organization\"},\"potentialAction\":[{\"@type\":\"SearchAction\",\"target\":{\"@type\":\"EntryPoint\",\"urlTemplate\":\"https:\/\/helsinki-tallinn.com\/de\/?s={search_term_string}\"},\"query-input\":{\"@type\":\"PropertyValueSpecification\",\"valueRequired\":true,\"valueName\":\"search_term_string\"}}],\"inLanguage\":\"de\"},{\"@type\":\"Organization\",\"@id\":\"https:\/\/helsinki-tallinn.com\/de\/#organization\",\"name\":\"Helsinki Tallinn F\u00e4hre\",\"url\":\"https:\/\/helsinki-tallinn.com\/de\/\",\"logo\":{\"@type\":\"ImageObject\",\"inLanguage\":\"de\",\"@id\":\"https:\/\/helsinki-tallinn.com\/de\/#\/schema\/logo\/image\/\",\"url\":\"https:\/\/helsinki-tallinn.com\/de\/wp-content\/uploads\/sites\/2\/2026\/02\/Helsinki-Talinn-powered.png\",\"contentUrl\":\"https:\/\/helsinki-tallinn.com\/de\/wp-content\/uploads\/sites\/2\/2026\/02\/Helsinki-Talinn-powered.png\",\"width\":700,\"height\":200,\"caption\":\"Helsinki Tallinn F\u00e4hre\"},\"image\":{\"@id\":\"https:\/\/helsinki-tallinn.com\/de\/#\/schema\/logo\/image\/\"}}]}<\/script>\n<!-- \/ Yoast SEO plugin. -->","yoast_head_json":{"title":"Tallink Silja Helsinki Tallinn-Kreuzung - Helsinki Tallinn F\u00e4hre","description":"Erfahren Sie, was Sie \u00fcber die F\u00e4hr\u00fcberfahrt zwischen Helsinki und Tallinn mit Tallink Silja wissen m\u00fcssen: Bordeinrichtungen und Fahrplan.","robots":{"index":"index","follow":"follow","max-snippet":"max-snippet:-1","max-image-preview":"max-image-preview:large","max-video-preview":"max-video-preview:-1"},"canonical":"https:\/\/helsinki-tallinn.com\/de\/tallink-silja\/","og_locale":"de_DE","og_type":"article","og_title":"Tallink Silja Helsinki Tallinn-Kreuzung - Helsinki Tallinn F\u00e4hre","og_description":"Erfahren Sie, was Sie \u00fcber die F\u00e4hr\u00fcberfahrt zwischen Helsinki und Tallinn mit Tallink Silja wissen m\u00fcssen: Bordeinrichtungen und Fahrplan.","og_url":"https:\/\/helsinki-tallinn.com\/de\/tallink-silja\/","og_site_name":"Helsinki Tallinn F\u00e4hre","article_modified_time":"2024-06-18T11:19:10+00:00","og_image":[{"width":1200,"height":800,"url":"https:\/\/helsinki-tallinn.com\/de\/wp-content\/uploads\/sites\/2\/2024\/06\/tallink-silja-fahre.jpg","type":"image\/jpeg"}],"twitter_card":"summary_large_image","twitter_misc":{"Gesch\u00e4tzte Lesezeit":"3\u00a0Minuten"},"schema":{"@context":"https:\/\/schema.org","@graph":[{"@type":"WebPage","@id":"https:\/\/helsinki-tallinn.com\/de\/tallink-silja\/","url":"https:\/\/helsinki-tallinn.com\/de\/tallink-silja\/","name":"Tallink Silja Helsinki Tallinn-Kreuzung - Helsinki Tallinn F\u00e4hre","isPartOf":{"@id":"https:\/\/helsinki-tallinn.com\/de\/#website"},"primaryImageOfPage":{"@id":"https:\/\/helsinki-tallinn.com\/de\/tallink-silja\/#primaryimage"},"image":{"@id":"https:\/\/helsinki-tallinn.com\/de\/tallink-silja\/#primaryimage"},"thumbnailUrl":"https:\/\/helsinki-tallinn.com\/de\/wp-content\/uploads\/sites\/2\/2024\/06\/tallink-silja-fahre.jpg","datePublished":"2024-06-18T07:35:32+00:00","dateModified":"2024-06-18T11:19:10+00:00","description":"Erfahren Sie, was Sie \u00fcber die F\u00e4hr\u00fcberfahrt zwischen Helsinki und Tallinn mit Tallink Silja wissen m\u00fcssen: Bordeinrichtungen und Fahrplan.","breadcrumb":{"@id":"https:\/\/helsinki-tallinn.com\/de\/tallink-silja\/#breadcrumb"},"inLanguage":"de","potentialAction":[{"@type":"ReadAction","target":["https:\/\/helsinki-tallinn.com\/de\/tallink-silja\/"]}]},{"@type":"ImageObject","inLanguage":"de","@id":"https:\/\/helsinki-tallinn.com\/de\/tallink-silja\/#primaryimage","url":"https:\/\/helsinki-tallinn.com\/de\/wp-content\/uploads\/sites\/2\/2024\/06\/tallink-silja-fahre.jpg","contentUrl":"https:\/\/helsinki-tallinn.com\/de\/wp-content\/uploads\/sites\/2\/2024\/06\/tallink-silja-fahre.jpg","width":1200,"height":800,"caption":"tallink silja fahre"},{"@type":"BreadcrumbList","@id":"https:\/\/helsinki-tallinn.com\/de\/tallink-silja\/#breadcrumb","itemListElement":[{"@type":"ListItem","position":1,"name":"Helsinki Tallinn","item":"https:\/\/helsinki-tallinn.com\/de\/"},{"@type":"ListItem","position":2,"name":"Tallink Silja Helsinki Tallinn-Kreuzung"}]},{"@type":"WebSite","@id":"https:\/\/helsinki-tallinn.com\/de\/#website","url":"https:\/\/helsinki-tallinn.com\/de\/","name":"Helsinki Tallinn F\u00e4hre","description":"","publisher":{"@id":"https:\/\/helsinki-tallinn.com\/de\/#organization"},"potentialAction":[{"@type":"SearchAction","target":{"@type":"EntryPoint","urlTemplate":"https:\/\/helsinki-tallinn.com\/de\/?s={search_term_string}"},"query-input":{"@type":"PropertyValueSpecification","valueRequired":true,"valueName":"search_term_string"}}],"inLanguage":"de"},{"@type":"Organization","@id":"https:\/\/helsinki-tallinn.com\/de\/#organization","name":"Helsinki Tallinn F\u00e4hre","url":"https:\/\/helsinki-tallinn.com\/de\/","logo":{"@type":"ImageObject","inLanguage":"de","@id":"https:\/\/helsinki-tallinn.com\/de\/#\/schema\/logo\/image\/","url":"https:\/\/helsinki-tallinn.com\/de\/wp-content\/uploads\/sites\/2\/2026\/02\/Helsinki-Talinn-powered.png","contentUrl":"https:\/\/helsinki-tallinn.com\/de\/wp-content\/uploads\/sites\/2\/2026\/02\/Helsinki-Talinn-powered.png","width":700,"height":200,"caption":"Helsinki Tallinn F\u00e4hre"},"image":{"@id":"https:\/\/helsinki-tallinn.com\/de\/#\/schema\/logo\/image\/"}}]}},"_links":{"self":[{"href":"https:\/\/helsinki-tallinn.com\/de\/wp-json\/wp\/v2\/pages\/55","targetHints":{"allow":["GET"]}}],"collection":[{"href":"https:\/\/helsinki-tallinn.com\/de\/wp-json\/wp\/v2\/pages"}],"about":[{"href":"https:\/\/helsinki-tallinn.com\/de\/wp-json\/wp\/v2\/types\/page"}],"author":[{"embeddable":true,"href":"https:\/\/helsinki-tallinn.com\/de\/wp-json\/wp\/v2\/users\/1"}],"replies":[{"embeddable":true,"href":"https:\/\/helsinki-tallinn.com\/de\/wp-json\/wp\/v2\/comments?post=55"}],"version-history":[{"count":3,"href":"https:\/\/helsinki-tallinn.com\/de\/wp-json\/wp\/v2\/pages\/55\/revisions"}],"predecessor-version":[{"id":151,"href":"https:\/\/helsinki-tallinn.com\/de\/wp-json\/wp\/v2\/pages\/55\/revisions\/151"}],"wp:featuredmedia":[{"embeddable":true,"href":"https:\/\/helsinki-tallinn.com\/de\/wp-json\/wp\/v2\/media\/132"}],"wp:attachment":[{"href":"https:\/\/helsinki-tallinn.com\/de\/wp-json\/wp\/v2\/media?parent=55"}],"curies":[{"name":"wp","href":"https:\/\/api.w.org\/{rel}","templated":true}]}}