{"id":66,"date":"2024-06-18T07:59:25","date_gmt":"2024-06-18T07:59:25","guid":{"rendered":"https:\/\/helsinki-tallinn.com\/de\/?page_id=66"},"modified":"2026-02-24T09:02:21","modified_gmt":"2026-02-24T09:02:21","slug":"tallinn-hafen","status":"publish","type":"page","link":"https:\/\/helsinki-tallinn.com\/de\/tallinn-hafen\/","title":{"rendered":"F\u00e4hrhafen Tallinn"},"content":{"rendered":"\n<p>Wenn Sie die \u00dcberfahrt vom <a href=\"https:\/\/helsinki-tallinn.com\/de\/helsinki-hafen\/\">Hafen Helsinki<\/a> aus machen, erreichen Sie den Hafen von Tallinn nach etwas mehr als zwei Stunden. Der \u201eAltstadthafen\u201c ist der Teil, an dem F\u00e4hrschiffe anlegen und abfahren. Auf dieser Seite stelle ich Ihnen alle wichtigen Informationen zu diesem Hafen zur Verf\u00fcgung, die Sie wissen m\u00fcssen, wenn Sie hier ankommen oder mit der F\u00e4hre abreisen.<\/p>\n\n\n\n<figure class=\"wp-block-image size-large\"><img fetchpriority=\"high\" decoding=\"async\" width=\"1024\" height=\"267\" src=\"https:\/\/helsinki-tallinn.com\/de\/wp-content\/uploads\/sites\/2\/2026\/02\/talinn-arrival-ferry-1024x267.jpg\" alt=\"\" class=\"wp-image-201\" srcset=\"https:\/\/helsinki-tallinn.com\/de\/wp-content\/uploads\/sites\/2\/2026\/02\/talinn-arrival-ferry-1024x267.jpg 1024w, https:\/\/helsinki-tallinn.com\/de\/wp-content\/uploads\/sites\/2\/2026\/02\/talinn-arrival-ferry-300x78.jpg 300w, https:\/\/helsinki-tallinn.com\/de\/wp-content\/uploads\/sites\/2\/2026\/02\/talinn-arrival-ferry-768x200.jpg 768w, https:\/\/helsinki-tallinn.com\/de\/wp-content\/uploads\/sites\/2\/2026\/02\/talinn-arrival-ferry-1536x400.jpg 1536w, https:\/\/helsinki-tallinn.com\/de\/wp-content\/uploads\/sites\/2\/2026\/02\/talinn-arrival-ferry.jpg 1920w\" sizes=\"(max-width: 1024px) 100vw, 1024px\" \/><\/figure>\n\n\n\n<h2 class=\"wp-block-heading\">Adresse und Kontaktdaten<\/h2>\n\n\n\n<p>Die allgemeine Adresse und Kontaktdaten des Hafens:<\/p>\n\n\n\n<ul class=\"wp-block-list\">\n<li><strong>Adresse:<\/strong> Tallinn Haven, Sadama 25, 15051 Tallinn, Estland<\/li>\n\n\n\n<li><strong>Telefonnummer:<\/strong> (+372) 631 8550<\/li>\n\n\n\n<li><strong>Email: <\/strong><a href=\"mailto:info@ts.ee\" target=\"_blank\" rel=\"noreferrer noopener\">info@ts.ee<\/a><\/li>\n\n\n\n<li><strong>Webseite:<\/strong> <a href=\"https:\/\/www.ts.ee\/en\/\" target=\"_blank\" rel=\"noreferrer noopener\">ts.ee<\/a><\/li>\n<\/ul>\n\n\n\n<h2 class=\"wp-block-heading\">Parken im Hafen von Tallinn<\/h2>\n\n\n\n<p>Wie bereits erw\u00e4hnt, ist der Altstadthafen der Teil des Hafens, in dem Sie zur \u00dcberfahrt mit der F\u00e4hre landen. Wenn Sie Ihr Auto dort abstellen m\u00f6chten, k\u00f6nnen Sie dies an den Abstellpl\u00e4tzen f\u00fcr kurze Zeit tun. Im Hafen werden diese Standorte \u201eKiss &amp; Sail\u201c genannt. Bitte beachten Sie: Hier d\u00fcrfen Sie maximal 30 Minuten parken.<\/p>\n\n\n\n<h3 class=\"wp-block-heading\">Langzeitparken im Parkhaus<\/h3>\n\n\n\n<p>Wenn Sie Ihr Auto oder Wohnmobil f\u00fcr l\u00e4ngere Zeit im Hafen abstellen m\u00f6chten, k\u00f6nnen Sie die Parkgarage nutzen. Dieses finden Sie am Terminal D. Es handelt sich um ein Parkhaus mit 385 Stellpl\u00e4tzen. Die Kosten betragen 1,25 \u20ac pro 30 Minuten. Sie k\u00f6nnen auch Rabattkarten kaufen:<\/p>\n\n\n\n<ul class=\"wp-block-list\">\n<li>30 Minuten: 1,25 \u20ac<\/li>\n\n\n\n<li>24 Stunden: <strong>6 <\/strong>\u20ac<\/li>\n\n\n\n<li>1 Woche: 32 \u20ac<\/li>\n\n\n\n<li>1 Monat: 86 \u20ac<\/li>\n<\/ul>\n\n\n\n<p>Es empfiehlt sich, einen Parkplatz im Voraus zu reservieren. Dies kann \u00fcber die Europark-Website erfolgen: <a href=\"https:\/\/europark.ee\/nfp\/vanasadam.html?lang=en\" target=\"_blank\" rel=\"noreferrer noopener\">https:\/\/eupark.ee<\/a>.<\/p>\n\n\n\n<h2 class=\"wp-block-heading\">Einrichtungen im Hafen<\/h2>\n\n\n\n<p>Im Hafen von Tallinn gibt es verschiedene Einrichtungen. Es gibt eine \u201eDachpromenade\u201c, auf der Sie spazieren gehen k\u00f6nnen, und ein gro\u00dfes Restaurant mit Blick auf Tallinn. Die wichtigsten Einrichtungen im \u00dcberblick:<\/p>\n\n\n\n<ul class=\"wp-block-list\">\n<li>Restaurant<\/li>\n\n\n\n<li>Promenade<\/li>\n\n\n\n<li>Spielbereiche f\u00fcr Kinder<\/li>\n\n\n\n<li>Caf\u00e9s<\/li>\n\n\n\n<li>Gesch\u00e4ft<\/li>\n<\/ul>\n\n\n\n<h2 class=\"wp-block-heading\">Video und Webcam des Hafens<\/h2>\n\n\n\n<p>Im folgenden Video erhalten Sie einen guten Eindruck vom Hafen von Tallinn:<\/p>\n\n\n\n<figure class=\"wp-block-embed is-type-video is-provider-youtube wp-block-embed-youtube wp-embed-aspect-16-9 wp-has-aspect-ratio\"><div class=\"wp-block-embed__wrapper\">\n<iframe title=\"Port of Tallinn Movie\" width=\"500\" height=\"281\" src=\"https:\/\/www.youtube.com\/embed\/Flg9YR-Tfws?start=12&#038;feature=oembed\" frameborder=\"0\" allow=\"accelerometer; autoplay; clipboard-write; encrypted-media; gyroscope; picture-in-picture; web-share\" referrerpolicy=\"strict-origin-when-cross-origin\" allowfullscreen><\/iframe>\n<\/div><\/figure>\n\n\n\n<p>Neugierig, wie der Hafen derzeit aussieht? Sehen Sie sich dann Live-Webcam-Bilder <a href=\"https:\/\/www.ts.ee\/en\/our-ports\/\" target=\"_blank\" rel=\"noreferrer noopener\">auf der Website des Hafens an<\/a>.<\/p>\n\n\n\n<h2 class=\"wp-block-heading\">Terminals in de haven<\/h2>\n\n\n\n<p>Im Hafen von Tallinn finden Sie Terminals der <a href=\"https:\/\/helsinki-tallinn.com\/de\/viking-line\/\">Viking Line<\/a>, <a href=\"https:\/\/helsinki-tallinn.com\/de\/eckero-line\/\">Ecker\u00f6 Line<\/a> und <a href=\"https:\/\/helsinki-tallinn.com\/de\/tallink-silja\/\">Tallink Silja<\/a>. Sehen Sie sich die genauen Informationen pro Terminal an:<\/p>\n\n\n\n<ul class=\"wp-block-list\">\n<li><a href=\"https:\/\/helsinki-tallinn.com\/de\/tallinn-hafen\/viking-line-terminal\/\">Viking Line Terminal Tallinn<\/a><\/li>\n\n\n\n<li><a href=\"https:\/\/helsinki-tallinn.com\/de\/tallinn-hafen\/eckero-line-terminal\/\">Ecker\u00f6 Line Terminal Tallinn<\/a><\/li>\n\n\n\n<li><a href=\"https:\/\/helsinki-tallinn.com\/de\/tallinn-hafen\/tallink-silja-terminal\/\">Tallink Silja Terminal Tallinn<\/a><\/li>\n<\/ul>\n\n\n\n<p>Sie fragen sich, wann die Abfahrten stattfinden. Dann werfen Sie einen Blick auf den <a href=\"https:\/\/helsinki-tallinn.com\/de\/fahrplan\/\">F\u00e4hrfahrplan<\/a>.<\/p>\n\n\n\n<p><\/p>\n","protected":false},"excerpt":{"rendered":"<p>Wenn Sie die \u00dcberfahrt vom Hafen Helsinki aus machen, erreichen Sie den Hafen von Tallinn nach etwas mehr als zwei [&hellip;]<\/p>\n","protected":false},"author":1,"featured_media":268,"parent":0,"menu_order":0,"comment_status":"closed","ping_status":"closed","template":"","meta":{"_acf_changed":false,"inline_featured_image":false,"site-sidebar-layout":"default","site-content-layout":"","ast-site-content-layout":"default","site-content-style":"default","site-sidebar-style":"default","ast-global-header-display":"","ast-banner-title-visibility":"","ast-main-header-display":"","ast-hfb-above-header-display":"","ast-hfb-below-header-display":"","ast-hfb-mobile-header-display":"","site-post-title":"","ast-breadcrumbs-content":"","ast-featured-img":"","footer-sml-layout":"","ast-disable-related-posts":"","theme-transparent-header-meta":"","adv-header-id-meta":"","stick-header-meta":"","header-above-stick-meta":"","header-main-stick-meta":"","header-below-stick-meta":"","astra-migrate-meta-layouts":"default","ast-page-background-enabled":"default","ast-page-background-meta":{"desktop":{"background-color":"var(--ast-global-color-4)","background-image":"","background-repeat":"repeat","background-position":"center center","background-size":"auto","background-attachment":"scroll","background-type":"","background-media":"","overlay-type":"","overlay-color":"","overlay-opacity":"","overlay-gradient":""},"tablet":{"background-color":"","background-image":"","background-repeat":"repeat","background-position":"center center","background-size":"auto","background-attachment":"scroll","background-type":"","background-media":"","overlay-type":"","overlay-color":"","overlay-opacity":"","overlay-gradient":""},"mobile":{"background-color":"","background-image":"","background-repeat":"repeat","background-position":"center center","background-size":"auto","background-attachment":"scroll","background-type":"","background-media":"","overlay-type":"","overlay-color":"","overlay-opacity":"","overlay-gradient":""}},"ast-content-background-meta":{"desktop":{"background-color":"var(--ast-global-color-5)","background-image":"","background-repeat":"repeat","background-position":"center center","background-size":"auto","background-attachment":"scroll","background-type":"","background-media":"","overlay-type":"","overlay-color":"","overlay-opacity":"","overlay-gradient":""},"tablet":{"background-color":"var(--ast-global-color-5)","background-image":"","background-repeat":"repeat","background-position":"center center","background-size":"auto","background-attachment":"scroll","background-type":"","background-media":"","overlay-type":"","overlay-color":"","overlay-opacity":"","overlay-gradient":""},"mobile":{"background-color":"var(--ast-global-color-5)","background-image":"","background-repeat":"repeat","background-position":"center center","background-size":"auto","background-attachment":"scroll","background-type":"","background-media":"","overlay-type":"","overlay-color":"","overlay-opacity":"","overlay-gradient":""}},"footnotes":""},"class_list":["post-66","page","type-page","status-publish","has-post-thumbnail","hentry"],"acf":[],"yoast_head":"<!-- This site is optimized with the Yoast SEO plugin v27.2 - https:\/\/yoast.com\/product\/yoast-seo-wordpress\/ -->\n<title>F\u00e4hrhafen Tallinn - Helsinki Tallinn F\u00e4hre<\/title>\n<meta name=\"description\" content=\"Alles, was Sie \u00fcber den Hafen von Tallinn wissen m\u00fcssen, wenn Sie eine F\u00e4hr\u00fcberfahrt von Helsinki aus unternehmen: Adresse, Fahrplan und Terminals.\" \/>\n<meta name=\"robots\" content=\"index, follow, max-snippet:-1, max-image-preview:large, max-video-preview:-1\" \/>\n<link rel=\"canonical\" href=\"https:\/\/helsinki-tallinn.com\/de\/tallinn-hafen\/\" \/>\n<meta property=\"og:locale\" content=\"de_DE\" \/>\n<meta property=\"og:type\" content=\"article\" \/>\n<meta property=\"og:title\" content=\"F\u00e4hrhafen Tallinn - Helsinki Tallinn F\u00e4hre\" \/>\n<meta property=\"og:description\" content=\"Alles, was Sie \u00fcber den Hafen von Tallinn wissen m\u00fcssen, wenn Sie eine F\u00e4hr\u00fcberfahrt von Helsinki aus unternehmen: Adresse, Fahrplan und Terminals.\" \/>\n<meta property=\"og:url\" content=\"https:\/\/helsinki-tallinn.com\/de\/tallinn-hafen\/\" \/>\n<meta property=\"og:site_name\" content=\"Helsinki Tallinn F\u00e4hre\" \/>\n<meta property=\"article:modified_time\" content=\"2026-02-24T09:02:21+00:00\" \/>\n<meta property=\"og:image\" content=\"https:\/\/helsinki-tallinn.com\/de\/wp-content\/uploads\/sites\/2\/2026\/02\/tallinn-header-1.jpg\" \/>\n\t<meta property=\"og:image:width\" content=\"1920\" \/>\n\t<meta property=\"og:image:height\" content=\"500\" \/>\n\t<meta property=\"og:image:type\" content=\"image\/jpeg\" \/>\n<meta name=\"twitter:card\" content=\"summary_large_image\" \/>\n<meta name=\"twitter:label1\" content=\"Gesch\u00e4tzte Lesezeit\" \/>\n\t<meta name=\"twitter:data1\" content=\"3\u00a0Minuten\" \/>\n<script type=\"application\/ld+json\" class=\"yoast-schema-graph\">{\"@context\":\"https:\/\/schema.org\",\"@graph\":[{\"@type\":\"WebPage\",\"@id\":\"https:\/\/helsinki-tallinn.com\/de\/tallinn-hafen\/\",\"url\":\"https:\/\/helsinki-tallinn.com\/de\/tallinn-hafen\/\",\"name\":\"F\u00e4hrhafen Tallinn - Helsinki Tallinn F\u00e4hre\",\"isPartOf\":{\"@id\":\"https:\/\/helsinki-tallinn.com\/de\/#website\"},\"primaryImageOfPage\":{\"@id\":\"https:\/\/helsinki-tallinn.com\/de\/tallinn-hafen\/#primaryimage\"},\"image\":{\"@id\":\"https:\/\/helsinki-tallinn.com\/de\/tallinn-hafen\/#primaryimage\"},\"thumbnailUrl\":\"https:\/\/helsinki-tallinn.com\/de\/wp-content\/uploads\/sites\/2\/2026\/02\/tallinn-header-1.jpg\",\"datePublished\":\"2024-06-18T07:59:25+00:00\",\"dateModified\":\"2026-02-24T09:02:21+00:00\",\"description\":\"Alles, was Sie \u00fcber den Hafen von Tallinn wissen m\u00fcssen, wenn Sie eine F\u00e4hr\u00fcberfahrt von Helsinki aus unternehmen: Adresse, Fahrplan und Terminals.\",\"breadcrumb\":{\"@id\":\"https:\/\/helsinki-tallinn.com\/de\/tallinn-hafen\/#breadcrumb\"},\"inLanguage\":\"de\",\"potentialAction\":[{\"@type\":\"ReadAction\",\"target\":[\"https:\/\/helsinki-tallinn.com\/de\/tallinn-hafen\/\"]}]},{\"@type\":\"ImageObject\",\"inLanguage\":\"de\",\"@id\":\"https:\/\/helsinki-tallinn.com\/de\/tallinn-hafen\/#primaryimage\",\"url\":\"https:\/\/helsinki-tallinn.com\/de\/wp-content\/uploads\/sites\/2\/2026\/02\/tallinn-header-1.jpg\",\"contentUrl\":\"https:\/\/helsinki-tallinn.com\/de\/wp-content\/uploads\/sites\/2\/2026\/02\/tallinn-header-1.jpg\",\"width\":1920,\"height\":500,\"caption\":\"Tallinn Haven\"},{\"@type\":\"BreadcrumbList\",\"@id\":\"https:\/\/helsinki-tallinn.com\/de\/tallinn-hafen\/#breadcrumb\",\"itemListElement\":[{\"@type\":\"ListItem\",\"position\":1,\"name\":\"Helsinki Tallinn\",\"item\":\"https:\/\/helsinki-tallinn.com\/de\/\"},{\"@type\":\"ListItem\",\"position\":2,\"name\":\"F\u00e4hrhafen Tallinn\"}]},{\"@type\":\"WebSite\",\"@id\":\"https:\/\/helsinki-tallinn.com\/de\/#website\",\"url\":\"https:\/\/helsinki-tallinn.com\/de\/\",\"name\":\"Helsinki Tallinn F\u00e4hre\",\"description\":\"\",\"publisher\":{\"@id\":\"https:\/\/helsinki-tallinn.com\/de\/#organization\"},\"potentialAction\":[{\"@type\":\"SearchAction\",\"target\":{\"@type\":\"EntryPoint\",\"urlTemplate\":\"https:\/\/helsinki-tallinn.com\/de\/?s={search_term_string}\"},\"query-input\":{\"@type\":\"PropertyValueSpecification\",\"valueRequired\":true,\"valueName\":\"search_term_string\"}}],\"inLanguage\":\"de\"},{\"@type\":\"Organization\",\"@id\":\"https:\/\/helsinki-tallinn.com\/de\/#organization\",\"name\":\"Helsinki Tallinn F\u00e4hre\",\"url\":\"https:\/\/helsinki-tallinn.com\/de\/\",\"logo\":{\"@type\":\"ImageObject\",\"inLanguage\":\"de\",\"@id\":\"https:\/\/helsinki-tallinn.com\/de\/#\/schema\/logo\/image\/\",\"url\":\"https:\/\/helsinki-tallinn.com\/de\/wp-content\/uploads\/sites\/2\/2026\/02\/Helsinki-Talinn-powered.png\",\"contentUrl\":\"https:\/\/helsinki-tallinn.com\/de\/wp-content\/uploads\/sites\/2\/2026\/02\/Helsinki-Talinn-powered.png\",\"width\":700,\"height\":200,\"caption\":\"Helsinki Tallinn F\u00e4hre\"},\"image\":{\"@id\":\"https:\/\/helsinki-tallinn.com\/de\/#\/schema\/logo\/image\/\"}}]}<\/script>\n<!-- \/ Yoast SEO plugin. -->","yoast_head_json":{"title":"F\u00e4hrhafen Tallinn - Helsinki Tallinn F\u00e4hre","description":"Alles, was Sie \u00fcber den Hafen von Tallinn wissen m\u00fcssen, wenn Sie eine F\u00e4hr\u00fcberfahrt von Helsinki aus unternehmen: Adresse, Fahrplan und Terminals.","robots":{"index":"index","follow":"follow","max-snippet":"max-snippet:-1","max-image-preview":"max-image-preview:large","max-video-preview":"max-video-preview:-1"},"canonical":"https:\/\/helsinki-tallinn.com\/de\/tallinn-hafen\/","og_locale":"de_DE","og_type":"article","og_title":"F\u00e4hrhafen Tallinn - Helsinki Tallinn F\u00e4hre","og_description":"Alles, was Sie \u00fcber den Hafen von Tallinn wissen m\u00fcssen, wenn Sie eine F\u00e4hr\u00fcberfahrt von Helsinki aus unternehmen: Adresse, Fahrplan und Terminals.","og_url":"https:\/\/helsinki-tallinn.com\/de\/tallinn-hafen\/","og_site_name":"Helsinki Tallinn F\u00e4hre","article_modified_time":"2026-02-24T09:02:21+00:00","og_image":[{"width":1920,"height":500,"url":"https:\/\/helsinki-tallinn.com\/de\/wp-content\/uploads\/sites\/2\/2026\/02\/tallinn-header-1.jpg","type":"image\/jpeg"}],"twitter_card":"summary_large_image","twitter_misc":{"Gesch\u00e4tzte Lesezeit":"3\u00a0Minuten"},"schema":{"@context":"https:\/\/schema.org","@graph":[{"@type":"WebPage","@id":"https:\/\/helsinki-tallinn.com\/de\/tallinn-hafen\/","url":"https:\/\/helsinki-tallinn.com\/de\/tallinn-hafen\/","name":"F\u00e4hrhafen Tallinn - Helsinki Tallinn F\u00e4hre","isPartOf":{"@id":"https:\/\/helsinki-tallinn.com\/de\/#website"},"primaryImageOfPage":{"@id":"https:\/\/helsinki-tallinn.com\/de\/tallinn-hafen\/#primaryimage"},"image":{"@id":"https:\/\/helsinki-tallinn.com\/de\/tallinn-hafen\/#primaryimage"},"thumbnailUrl":"https:\/\/helsinki-tallinn.com\/de\/wp-content\/uploads\/sites\/2\/2026\/02\/tallinn-header-1.jpg","datePublished":"2024-06-18T07:59:25+00:00","dateModified":"2026-02-24T09:02:21+00:00","description":"Alles, was Sie \u00fcber den Hafen von Tallinn wissen m\u00fcssen, wenn Sie eine F\u00e4hr\u00fcberfahrt von Helsinki aus unternehmen: Adresse, Fahrplan und Terminals.","breadcrumb":{"@id":"https:\/\/helsinki-tallinn.com\/de\/tallinn-hafen\/#breadcrumb"},"inLanguage":"de","potentialAction":[{"@type":"ReadAction","target":["https:\/\/helsinki-tallinn.com\/de\/tallinn-hafen\/"]}]},{"@type":"ImageObject","inLanguage":"de","@id":"https:\/\/helsinki-tallinn.com\/de\/tallinn-hafen\/#primaryimage","url":"https:\/\/helsinki-tallinn.com\/de\/wp-content\/uploads\/sites\/2\/2026\/02\/tallinn-header-1.jpg","contentUrl":"https:\/\/helsinki-tallinn.com\/de\/wp-content\/uploads\/sites\/2\/2026\/02\/tallinn-header-1.jpg","width":1920,"height":500,"caption":"Tallinn Haven"},{"@type":"BreadcrumbList","@id":"https:\/\/helsinki-tallinn.com\/de\/tallinn-hafen\/#breadcrumb","itemListElement":[{"@type":"ListItem","position":1,"name":"Helsinki Tallinn","item":"https:\/\/helsinki-tallinn.com\/de\/"},{"@type":"ListItem","position":2,"name":"F\u00e4hrhafen Tallinn"}]},{"@type":"WebSite","@id":"https:\/\/helsinki-tallinn.com\/de\/#website","url":"https:\/\/helsinki-tallinn.com\/de\/","name":"Helsinki Tallinn F\u00e4hre","description":"","publisher":{"@id":"https:\/\/helsinki-tallinn.com\/de\/#organization"},"potentialAction":[{"@type":"SearchAction","target":{"@type":"EntryPoint","urlTemplate":"https:\/\/helsinki-tallinn.com\/de\/?s={search_term_string}"},"query-input":{"@type":"PropertyValueSpecification","valueRequired":true,"valueName":"search_term_string"}}],"inLanguage":"de"},{"@type":"Organization","@id":"https:\/\/helsinki-tallinn.com\/de\/#organization","name":"Helsinki Tallinn F\u00e4hre","url":"https:\/\/helsinki-tallinn.com\/de\/","logo":{"@type":"ImageObject","inLanguage":"de","@id":"https:\/\/helsinki-tallinn.com\/de\/#\/schema\/logo\/image\/","url":"https:\/\/helsinki-tallinn.com\/de\/wp-content\/uploads\/sites\/2\/2026\/02\/Helsinki-Talinn-powered.png","contentUrl":"https:\/\/helsinki-tallinn.com\/de\/wp-content\/uploads\/sites\/2\/2026\/02\/Helsinki-Talinn-powered.png","width":700,"height":200,"caption":"Helsinki Tallinn F\u00e4hre"},"image":{"@id":"https:\/\/helsinki-tallinn.com\/de\/#\/schema\/logo\/image\/"}}]}},"_links":{"self":[{"href":"https:\/\/helsinki-tallinn.com\/de\/wp-json\/wp\/v2\/pages\/66","targetHints":{"allow":["GET"]}}],"collection":[{"href":"https:\/\/helsinki-tallinn.com\/de\/wp-json\/wp\/v2\/pages"}],"about":[{"href":"https:\/\/helsinki-tallinn.com\/de\/wp-json\/wp\/v2\/types\/page"}],"author":[{"embeddable":true,"href":"https:\/\/helsinki-tallinn.com\/de\/wp-json\/wp\/v2\/users\/1"}],"replies":[{"embeddable":true,"href":"https:\/\/helsinki-tallinn.com\/de\/wp-json\/wp\/v2\/comments?post=66"}],"version-history":[{"count":3,"href":"https:\/\/helsinki-tallinn.com\/de\/wp-json\/wp\/v2\/pages\/66\/revisions"}],"predecessor-version":[{"id":270,"href":"https:\/\/helsinki-tallinn.com\/de\/wp-json\/wp\/v2\/pages\/66\/revisions\/270"}],"wp:featuredmedia":[{"embeddable":true,"href":"https:\/\/helsinki-tallinn.com\/de\/wp-json\/wp\/v2\/media\/268"}],"wp:attachment":[{"href":"https:\/\/helsinki-tallinn.com\/de\/wp-json\/wp\/v2\/media?parent=66"}],"curies":[{"name":"wp","href":"https:\/\/api.w.org\/{rel}","templated":true}]}}