{"id":76,"date":"2024-06-18T08:26:49","date_gmt":"2024-06-18T08:26:49","guid":{"rendered":"https:\/\/helsinki-tallinn.com\/de\/?page_id=76"},"modified":"2026-02-24T10:20:36","modified_gmt":"2026-02-24T10:20:36","slug":"viking-xprs-ferry","status":"publish","type":"page","link":"https:\/\/helsinki-tallinn.com\/de\/viking-xprs-ferry\/","title":{"rendered":"Viking Xprs F\u00e4hre"},"content":{"rendered":"\n<p>F\u00fcr die \u00dcberfahrt zwischen Helsinki und Tallinn setzt <a href=\"https:\/\/helsinki-tallinn.com\/de\/viking-line\/\">Viking Line<\/a> die Viking Xprs ein: eine komfortable F\u00e4hre, die komplett ausgestattet ist. Es handelt sich um eine riesige F\u00e4hre, die Platz f\u00fcr 220 Autos und mehr als 2.500 Passagiere bietet. Auf dieser Seite erz\u00e4hle ich Ihnen alles, was Sie wissen m\u00fcssen, bevor Sie an Bord kommen.<\/p>\n\n\n\n<h2 class=\"wp-block-heading\">Fakten \u00fcber die Viking Xprs<\/h2>\n\n\n\n<p>Einige interessante Fakten \u00fcber die Viking Xprs:<\/p>\n\n\n\n<ul class=\"wp-block-list\">\n<li><strong>Baujahr:<\/strong> 2008<\/li>\n\n\n\n<li><strong>Abmessungen:<\/strong> 185 Meter mal 27,7 Meter<\/li>\n\n\n\n<li><strong>Passagierkapazit\u00e4t: <\/strong>2500<\/li>\n\n\n\n<li><strong>Autokapazit\u00e4t:<\/strong> 220<\/li>\n\n\n\n<li><strong>Anzahl der Knoten: <\/strong>25 Knoten<\/li>\n\n\n\n<li><strong>Motorleistung: <\/strong>40.000 kW<\/li>\n\n\n\n<li><strong>Segeln zwischen: <\/strong><a href=\"https:\/\/helsinki-tallinn.com\/de\/helsinki-hafen\/\">Helsinki<\/a> und <a href=\"https:\/\/helsinki-tallinn.com\/de\/tallinn-hafen\/\">Tallinn<\/a><\/li>\n<\/ul>\n\n\n\n<h2 class=\"wp-block-heading\">Einrichtungen an Bord<\/h2>\n\n\n\n<p>Die \u00dcberfahrt zwischen Helsinki und Tallinn dauert etwas mehr als zwei Stunden. An Bord des Schiffes gibt es verschiedene Einrichtungen, die Sie w\u00e4hrend dieser \u00dcberfahrt nutzen k\u00f6nnen. Es gibt Restaurants, in denen Sie eine k\u00f6stliche Mahlzeit genie\u00dfen k\u00f6nnen, und es gibt einen Spielbereich f\u00fcr Kinder.<\/p>\n\n\n\n<p>Alle wichtigen Einrichtungen an Bord der Viking Xprs:<\/p>\n\n\n\n<ul class=\"wp-block-list\">\n<li><strong>Restaurants und Bars: <\/strong>Sie werden verschiedene (Buffet-)Restaurants entdecken, in denen Sie w\u00e4hrend der Reise eine Mahlzeit genie\u00dfen k\u00f6nnen.<\/li>\n\n\n\n<li><strong>H\u00fctten:<\/strong> Lust auf Entspannung? Selbst auf dieser kurzen \u00dcberfahrt k\u00f6nnen Sie eine Kabine reservieren, um sich f\u00fcr eine Weile zu isolieren.<\/li>\n\n\n\n<li><strong>Gesch\u00e4fte: <\/strong>An Bord der Viking Xprs gibt es mehrere Gesch\u00e4fte. An Bord k\u00f6nnen Sie Snacks, D\u00fcfte und sogar Kleidung kaufen.<\/li>\n\n\n\n<li><strong>Unterhaltung: <\/strong>F\u00fcr Kinder gibt es einen speziellen Spielbereich. Au\u00dferdem gibt es abends gelegentlich ein Unterhaltungsprogramm mit Tanz und Karaoke.<\/li>\n\n\n\n<li><strong>Spielautomaten:<\/strong> An Bord entdecken Sie auch verschiedene Spielautomaten, darunter Spielautomaten.<\/li>\n\n\n\n<li><strong>Platz f\u00fcr Koffer:<\/strong> Es gibt einen speziellen Raum, in dem Sie Ihre Koffer zwischenlagern k\u00f6nnen, damit Sie sie nicht st\u00e4ndig mit sich herumtragen m\u00fcssen.<\/li>\n\n\n\n<li><strong>Konferenzzentrum: <\/strong>Viking Line bietet auch einen Konferenzraum f\u00fcr Gesch\u00e4ftsreisende an. Praktisch f\u00fcr Pr\u00e4sentationen oder Besprechungen w\u00e4hrend der \u00dcberfahrt.<\/li>\n<\/ul>\n\n\n\n<p>Die Einrichtungen von Viking Line in den H\u00e4fen? Weitere Informationen zum <a href=\"https:\/\/helsinki-tallinn.com\/de\/helsinki-hafen\/viking-line-terminal\/\">Viking Line-Terminal in Helsinki<\/a> und zum <a href=\"https:\/\/helsinki-tallinn.com\/de\/tallinn-hafen\/viking-line-terminal\/\">Viking Line-Terminal in Tallinn<\/a> finden Sie hier.<\/p>\n\n\n\n<h3 class=\"wp-block-heading\">Grundriss (Deckplan)<\/h3>\n\n\n\n<p>Sehen Sie unten, welche Einrichtungen Sie auf welchem \u200b\u200bDeck entdecken k\u00f6nnen:<\/p>\n\n\n\n<ul class=\"wp-block-list\">\n<li><strong>Deck 3, 4: <\/strong>Frachtparkdeck<\/li>\n\n\n\n<li><strong>Deck 5: <\/strong>Parkdeck<\/li>\n\n\n\n<li><strong>Deck 6:<\/strong> Kabinen\/Kabinen<\/li>\n\n\n\n<li><strong>Deck 7: <\/strong>Unterhaltung, Restaurants, Toiletten, Spielhalle, Rezeption, Spielautomaten, Unterhaltung, Bars, Konferenzraum<\/li>\n\n\n\n<li><strong>Deck 8:<\/strong> Kinderspielplatz, Bar, Caf\u00e9 und Restaurants<\/li>\n<\/ul>\n\n\n\n<p>Auf der R\u00fcckseite von Deck 7 und Deck 8 k\u00f6nnen Sie nach drau\u00dfen gehen und die Aussicht genie\u00dfen. <strong>Bitte beachten Sie: <\/strong>Einen Raucherbereich gibt es nur auf Deck 7. <a href=\"https:\/\/www.sales.vikingline.com\/globalassets\/documents\/ships_and_on_board\/ship_info\/viking-xprs_sv-en-fi-ee.pdf\" target=\"_blank\" rel=\"noreferrer noopener\">Laden Sie den Deckplan als .pdf herunter<\/a>.<\/p>\n\n\n\n<h2 class=\"wp-block-heading\">Verfolgen Sie Viking Xprs (Live-Standort auf der Karte)<\/h2>\n\n\n\n<p>Sind Sie neugierig, wohin die Viking Xprs jetzt segelt? Sehen Sie sich unten den Live-Standort des Schiffes an und verfolgen Sie es \u00fcber die Karte.<\/p>\n\n\n\n<script type=\"text\/javascript\">\n    \/\/ Map appearance\n    var width=\"100%\";         \/\/ width in pixels or percentage\n    var height=\"300\";         \/\/ height in pixels\n    var names=true;           \/\/ always show ship names (defaults to false)\n\n    \/\/ Single ship tracking\n    var imo=\"9375654\";        \/\/ display latest position (by IMO, overrides MMSI)\n    var show_track=true;      \/\/ display track line (last 24 hours)\n<\/script>\n<script type=\"text\/javascript\" src=\"https:\/\/www.vesselfinder.com\/aismap.js\"><\/script>\n\n\n\n<h2 class=\"wp-block-heading\">Video der Viking Xprs<\/h2>\n\n\n\n<p>M\u00f6chten Sie sich einen guten \u00dcberblick \u00fcber die Viking Xprs verschaffen? Dann schauen Sie sich das Video unten an, um einen guten Eindruck zu bekommen und die F\u00e4hre in Aktion zu sehen.<\/p>\n\n\n\n<figure class=\"wp-block-embed is-type-video is-provider-youtube wp-block-embed-youtube wp-embed-aspect-16-9 wp-has-aspect-ratio\"><div class=\"wp-block-embed__wrapper\">\n<iframe title=\"Viking Xprs \ud83d\udd31 Tallinn Bay\" width=\"500\" height=\"281\" src=\"https:\/\/www.youtube.com\/embed\/29HpC09rmvQ?feature=oembed\" frameborder=\"0\" allow=\"accelerometer; autoplay; clipboard-write; encrypted-media; gyroscope; picture-in-picture; web-share\" referrerpolicy=\"strict-origin-when-cross-origin\" allowfullscreen><\/iframe>\n<\/div><\/figure>\n\n\n\n<h2 class=\"wp-block-heading\">Weitere F\u00e4hrschiffe auf der Strecke<\/h2>\n\n\n\n<p>Neben Viking Line gibt es zwei weitere Anbieter auf der Strecke: <a href=\"https:\/\/helsinki-tallinn.com\/de\/eckero-line\/\">Ecker\u00f6 Line<\/a> und <a href=\"https:\/\/helsinki-tallinn.com\/de\/tallink-silja\/\">Tallink Sijla<\/a>. Sehen Sie sich unten die Boote dieser Anbieter auf der Route zwischen Helsinki und Tallinn an:<\/p>\n\n\n\n<ul class=\"wp-block-list\">\n<li><a href=\"https:\/\/helsinki-tallinn.com\/de\/mystar\/\">MyStar <\/a>(Tallink Silja)<\/li>\n\n\n\n<li><a href=\"https:\/\/helsinki-tallinn.com\/de\/megastar\/\">Megastar <\/a>(Tallink Silja)<\/li>\n\n\n\n<li><a href=\"https:\/\/helsinki-tallinn.com\/de\/finlandia\/\">Finlandia <\/a>(Ecker\u00f6-Linie)<\/li>\n<\/ul>\n","protected":false},"excerpt":{"rendered":"<p>F\u00fcr die \u00dcberfahrt zwischen Helsinki und Tallinn setzt Viking Line die Viking Xprs ein: eine komfortable F\u00e4hre, die komplett ausgestattet [&hellip;]<\/p>\n","protected":false},"author":1,"featured_media":265,"parent":0,"menu_order":0,"comment_status":"closed","ping_status":"closed","template":"","meta":{"_acf_changed":false,"inline_featured_image":false,"site-sidebar-layout":"default","site-content-layout":"","ast-site-content-layout":"default","site-content-style":"default","site-sidebar-style":"default","ast-global-header-display":"","ast-banner-title-visibility":"","ast-main-header-display":"","ast-hfb-above-header-display":"","ast-hfb-below-header-display":"","ast-hfb-mobile-header-display":"","site-post-title":"","ast-breadcrumbs-content":"","ast-featured-img":"","footer-sml-layout":"","ast-disable-related-posts":"","theme-transparent-header-meta":"","adv-header-id-meta":"","stick-header-meta":"","header-above-stick-meta":"","header-main-stick-meta":"","header-below-stick-meta":"","astra-migrate-meta-layouts":"default","ast-page-background-enabled":"default","ast-page-background-meta":{"desktop":{"background-color":"var(--ast-global-color-4)","background-image":"","background-repeat":"repeat","background-position":"center center","background-size":"auto","background-attachment":"scroll","background-type":"","background-media":"","overlay-type":"","overlay-color":"","overlay-opacity":"","overlay-gradient":""},"tablet":{"background-color":"","background-image":"","background-repeat":"repeat","background-position":"center center","background-size":"auto","background-attachment":"scroll","background-type":"","background-media":"","overlay-type":"","overlay-color":"","overlay-opacity":"","overlay-gradient":""},"mobile":{"background-color":"","background-image":"","background-repeat":"repeat","background-position":"center center","background-size":"auto","background-attachment":"scroll","background-type":"","background-media":"","overlay-type":"","overlay-color":"","overlay-opacity":"","overlay-gradient":""}},"ast-content-background-meta":{"desktop":{"background-color":"var(--ast-global-color-5)","background-image":"","background-repeat":"repeat","background-position":"center center","background-size":"auto","background-attachment":"scroll","background-type":"","background-media":"","overlay-type":"","overlay-color":"","overlay-opacity":"","overlay-gradient":""},"tablet":{"background-color":"var(--ast-global-color-5)","background-image":"","background-repeat":"repeat","background-position":"center center","background-size":"auto","background-attachment":"scroll","background-type":"","background-media":"","overlay-type":"","overlay-color":"","overlay-opacity":"","overlay-gradient":""},"mobile":{"background-color":"var(--ast-global-color-5)","background-image":"","background-repeat":"repeat","background-position":"center center","background-size":"auto","background-attachment":"scroll","background-type":"","background-media":"","overlay-type":"","overlay-color":"","overlay-opacity":"","overlay-gradient":""}},"footnotes":""},"class_list":["post-76","page","type-page","status-publish","has-post-thumbnail","hentry"],"acf":[],"yoast_head":"<!-- This site is optimized with the Yoast SEO plugin v27.2 - https:\/\/yoast.com\/product\/yoast-seo-wordpress\/ -->\n<title>Viking Xprs F\u00e4hre - Helsinki Tallinn F\u00e4hre<\/title>\n<meta name=\"description\" content=\"Alles \u00fcber die F\u00e4hre Viking XPRS von Viking LIne auf der Strecke von Helsinki und Tallinn.\" \/>\n<meta name=\"robots\" content=\"index, follow, max-snippet:-1, max-image-preview:large, max-video-preview:-1\" \/>\n<link rel=\"canonical\" href=\"https:\/\/helsinki-tallinn.com\/de\/viking-xprs-ferry\/\" \/>\n<meta property=\"og:locale\" content=\"de_DE\" \/>\n<meta property=\"og:type\" content=\"article\" \/>\n<meta property=\"og:title\" content=\"Viking Xprs F\u00e4hre - Helsinki Tallinn F\u00e4hre\" \/>\n<meta property=\"og:description\" content=\"Alles \u00fcber die F\u00e4hre Viking XPRS von Viking LIne auf der Strecke von Helsinki und Tallinn.\" \/>\n<meta property=\"og:url\" content=\"https:\/\/helsinki-tallinn.com\/de\/viking-xprs-ferry\/\" \/>\n<meta property=\"og:site_name\" content=\"Helsinki Tallinn F\u00e4hre\" \/>\n<meta property=\"article:modified_time\" content=\"2026-02-24T10:20:36+00:00\" \/>\n<meta property=\"og:image\" content=\"https:\/\/helsinki-tallinn.com\/de\/wp-content\/uploads\/sites\/2\/2026\/02\/tallinn-header.jpg\" \/>\n\t<meta property=\"og:image:width\" content=\"1920\" \/>\n\t<meta property=\"og:image:height\" content=\"500\" \/>\n\t<meta property=\"og:image:type\" content=\"image\/jpeg\" \/>\n<meta name=\"twitter:card\" content=\"summary_large_image\" \/>\n<meta name=\"twitter:label1\" content=\"Gesch\u00e4tzte Lesezeit\" \/>\n\t<meta name=\"twitter:data1\" content=\"3\u00a0Minuten\" \/>\n<script type=\"application\/ld+json\" class=\"yoast-schema-graph\">{\"@context\":\"https:\/\/schema.org\",\"@graph\":[{\"@type\":\"WebPage\",\"@id\":\"https:\/\/helsinki-tallinn.com\/de\/viking-xprs-ferry\/\",\"url\":\"https:\/\/helsinki-tallinn.com\/de\/viking-xprs-ferry\/\",\"name\":\"Viking Xprs F\u00e4hre - Helsinki Tallinn F\u00e4hre\",\"isPartOf\":{\"@id\":\"https:\/\/helsinki-tallinn.com\/de\/#website\"},\"primaryImageOfPage\":{\"@id\":\"https:\/\/helsinki-tallinn.com\/de\/viking-xprs-ferry\/#primaryimage\"},\"image\":{\"@id\":\"https:\/\/helsinki-tallinn.com\/de\/viking-xprs-ferry\/#primaryimage\"},\"thumbnailUrl\":\"https:\/\/helsinki-tallinn.com\/de\/wp-content\/uploads\/sites\/2\/2026\/02\/tallinn-header.jpg\",\"datePublished\":\"2024-06-18T08:26:49+00:00\",\"dateModified\":\"2026-02-24T10:20:36+00:00\",\"description\":\"Alles \u00fcber die F\u00e4hre Viking XPRS von Viking LIne auf der Strecke von Helsinki und Tallinn.\",\"breadcrumb\":{\"@id\":\"https:\/\/helsinki-tallinn.com\/de\/viking-xprs-ferry\/#breadcrumb\"},\"inLanguage\":\"de\",\"potentialAction\":[{\"@type\":\"ReadAction\",\"target\":[\"https:\/\/helsinki-tallinn.com\/de\/viking-xprs-ferry\/\"]}]},{\"@type\":\"ImageObject\",\"inLanguage\":\"de\",\"@id\":\"https:\/\/helsinki-tallinn.com\/de\/viking-xprs-ferry\/#primaryimage\",\"url\":\"https:\/\/helsinki-tallinn.com\/de\/wp-content\/uploads\/sites\/2\/2026\/02\/tallinn-header.jpg\",\"contentUrl\":\"https:\/\/helsinki-tallinn.com\/de\/wp-content\/uploads\/sites\/2\/2026\/02\/tallinn-header.jpg\",\"width\":1920,\"height\":500,\"caption\":\"tallinn-header\"},{\"@type\":\"BreadcrumbList\",\"@id\":\"https:\/\/helsinki-tallinn.com\/de\/viking-xprs-ferry\/#breadcrumb\",\"itemListElement\":[{\"@type\":\"ListItem\",\"position\":1,\"name\":\"Helsinki Tallinn\",\"item\":\"https:\/\/helsinki-tallinn.com\/de\/\"},{\"@type\":\"ListItem\",\"position\":2,\"name\":\"Viking Xprs F\u00e4hre\"}]},{\"@type\":\"WebSite\",\"@id\":\"https:\/\/helsinki-tallinn.com\/de\/#website\",\"url\":\"https:\/\/helsinki-tallinn.com\/de\/\",\"name\":\"Helsinki Tallinn F\u00e4hre\",\"description\":\"\",\"publisher\":{\"@id\":\"https:\/\/helsinki-tallinn.com\/de\/#organization\"},\"potentialAction\":[{\"@type\":\"SearchAction\",\"target\":{\"@type\":\"EntryPoint\",\"urlTemplate\":\"https:\/\/helsinki-tallinn.com\/de\/?s={search_term_string}\"},\"query-input\":{\"@type\":\"PropertyValueSpecification\",\"valueRequired\":true,\"valueName\":\"search_term_string\"}}],\"inLanguage\":\"de\"},{\"@type\":\"Organization\",\"@id\":\"https:\/\/helsinki-tallinn.com\/de\/#organization\",\"name\":\"Helsinki Tallinn F\u00e4hre\",\"url\":\"https:\/\/helsinki-tallinn.com\/de\/\",\"logo\":{\"@type\":\"ImageObject\",\"inLanguage\":\"de\",\"@id\":\"https:\/\/helsinki-tallinn.com\/de\/#\/schema\/logo\/image\/\",\"url\":\"https:\/\/helsinki-tallinn.com\/de\/wp-content\/uploads\/sites\/2\/2026\/02\/Helsinki-Talinn-powered.png\",\"contentUrl\":\"https:\/\/helsinki-tallinn.com\/de\/wp-content\/uploads\/sites\/2\/2026\/02\/Helsinki-Talinn-powered.png\",\"width\":700,\"height\":200,\"caption\":\"Helsinki Tallinn F\u00e4hre\"},\"image\":{\"@id\":\"https:\/\/helsinki-tallinn.com\/de\/#\/schema\/logo\/image\/\"}}]}<\/script>\n<!-- \/ Yoast SEO plugin. -->","yoast_head_json":{"title":"Viking Xprs F\u00e4hre - Helsinki Tallinn F\u00e4hre","description":"Alles \u00fcber die F\u00e4hre Viking XPRS von Viking LIne auf der Strecke von Helsinki und Tallinn.","robots":{"index":"index","follow":"follow","max-snippet":"max-snippet:-1","max-image-preview":"max-image-preview:large","max-video-preview":"max-video-preview:-1"},"canonical":"https:\/\/helsinki-tallinn.com\/de\/viking-xprs-ferry\/","og_locale":"de_DE","og_type":"article","og_title":"Viking Xprs F\u00e4hre - Helsinki Tallinn F\u00e4hre","og_description":"Alles \u00fcber die F\u00e4hre Viking XPRS von Viking LIne auf der Strecke von Helsinki und Tallinn.","og_url":"https:\/\/helsinki-tallinn.com\/de\/viking-xprs-ferry\/","og_site_name":"Helsinki Tallinn F\u00e4hre","article_modified_time":"2026-02-24T10:20:36+00:00","og_image":[{"width":1920,"height":500,"url":"https:\/\/helsinki-tallinn.com\/de\/wp-content\/uploads\/sites\/2\/2026\/02\/tallinn-header.jpg","type":"image\/jpeg"}],"twitter_card":"summary_large_image","twitter_misc":{"Gesch\u00e4tzte Lesezeit":"3\u00a0Minuten"},"schema":{"@context":"https:\/\/schema.org","@graph":[{"@type":"WebPage","@id":"https:\/\/helsinki-tallinn.com\/de\/viking-xprs-ferry\/","url":"https:\/\/helsinki-tallinn.com\/de\/viking-xprs-ferry\/","name":"Viking Xprs F\u00e4hre - Helsinki Tallinn F\u00e4hre","isPartOf":{"@id":"https:\/\/helsinki-tallinn.com\/de\/#website"},"primaryImageOfPage":{"@id":"https:\/\/helsinki-tallinn.com\/de\/viking-xprs-ferry\/#primaryimage"},"image":{"@id":"https:\/\/helsinki-tallinn.com\/de\/viking-xprs-ferry\/#primaryimage"},"thumbnailUrl":"https:\/\/helsinki-tallinn.com\/de\/wp-content\/uploads\/sites\/2\/2026\/02\/tallinn-header.jpg","datePublished":"2024-06-18T08:26:49+00:00","dateModified":"2026-02-24T10:20:36+00:00","description":"Alles \u00fcber die F\u00e4hre Viking XPRS von Viking LIne auf der Strecke von Helsinki und Tallinn.","breadcrumb":{"@id":"https:\/\/helsinki-tallinn.com\/de\/viking-xprs-ferry\/#breadcrumb"},"inLanguage":"de","potentialAction":[{"@type":"ReadAction","target":["https:\/\/helsinki-tallinn.com\/de\/viking-xprs-ferry\/"]}]},{"@type":"ImageObject","inLanguage":"de","@id":"https:\/\/helsinki-tallinn.com\/de\/viking-xprs-ferry\/#primaryimage","url":"https:\/\/helsinki-tallinn.com\/de\/wp-content\/uploads\/sites\/2\/2026\/02\/tallinn-header.jpg","contentUrl":"https:\/\/helsinki-tallinn.com\/de\/wp-content\/uploads\/sites\/2\/2026\/02\/tallinn-header.jpg","width":1920,"height":500,"caption":"tallinn-header"},{"@type":"BreadcrumbList","@id":"https:\/\/helsinki-tallinn.com\/de\/viking-xprs-ferry\/#breadcrumb","itemListElement":[{"@type":"ListItem","position":1,"name":"Helsinki Tallinn","item":"https:\/\/helsinki-tallinn.com\/de\/"},{"@type":"ListItem","position":2,"name":"Viking Xprs F\u00e4hre"}]},{"@type":"WebSite","@id":"https:\/\/helsinki-tallinn.com\/de\/#website","url":"https:\/\/helsinki-tallinn.com\/de\/","name":"Helsinki Tallinn F\u00e4hre","description":"","publisher":{"@id":"https:\/\/helsinki-tallinn.com\/de\/#organization"},"potentialAction":[{"@type":"SearchAction","target":{"@type":"EntryPoint","urlTemplate":"https:\/\/helsinki-tallinn.com\/de\/?s={search_term_string}"},"query-input":{"@type":"PropertyValueSpecification","valueRequired":true,"valueName":"search_term_string"}}],"inLanguage":"de"},{"@type":"Organization","@id":"https:\/\/helsinki-tallinn.com\/de\/#organization","name":"Helsinki Tallinn F\u00e4hre","url":"https:\/\/helsinki-tallinn.com\/de\/","logo":{"@type":"ImageObject","inLanguage":"de","@id":"https:\/\/helsinki-tallinn.com\/de\/#\/schema\/logo\/image\/","url":"https:\/\/helsinki-tallinn.com\/de\/wp-content\/uploads\/sites\/2\/2026\/02\/Helsinki-Talinn-powered.png","contentUrl":"https:\/\/helsinki-tallinn.com\/de\/wp-content\/uploads\/sites\/2\/2026\/02\/Helsinki-Talinn-powered.png","width":700,"height":200,"caption":"Helsinki Tallinn F\u00e4hre"},"image":{"@id":"https:\/\/helsinki-tallinn.com\/de\/#\/schema\/logo\/image\/"}}]}},"_links":{"self":[{"href":"https:\/\/helsinki-tallinn.com\/de\/wp-json\/wp\/v2\/pages\/76","targetHints":{"allow":["GET"]}}],"collection":[{"href":"https:\/\/helsinki-tallinn.com\/de\/wp-json\/wp\/v2\/pages"}],"about":[{"href":"https:\/\/helsinki-tallinn.com\/de\/wp-json\/wp\/v2\/types\/page"}],"author":[{"embeddable":true,"href":"https:\/\/helsinki-tallinn.com\/de\/wp-json\/wp\/v2\/users\/1"}],"replies":[{"embeddable":true,"href":"https:\/\/helsinki-tallinn.com\/de\/wp-json\/wp\/v2\/comments?post=76"}],"version-history":[{"count":4,"href":"https:\/\/helsinki-tallinn.com\/de\/wp-json\/wp\/v2\/pages\/76\/revisions"}],"predecessor-version":[{"id":123,"href":"https:\/\/helsinki-tallinn.com\/de\/wp-json\/wp\/v2\/pages\/76\/revisions\/123"}],"wp:featuredmedia":[{"embeddable":true,"href":"https:\/\/helsinki-tallinn.com\/de\/wp-json\/wp\/v2\/media\/265"}],"wp:attachment":[{"href":"https:\/\/helsinki-tallinn.com\/de\/wp-json\/wp\/v2\/media?parent=76"}],"curies":[{"name":"wp","href":"https:\/\/api.w.org\/{rel}","templated":true}]}}