{"id":86,"date":"2024-06-18T08:41:12","date_gmt":"2024-06-18T08:41:12","guid":{"rendered":"https:\/\/helsinki-tallinn.com\/de\/?page_id=86"},"modified":"2026-02-24T09:06:13","modified_gmt":"2026-02-24T09:06:13","slug":"megastar","status":"publish","type":"page","link":"https:\/\/helsinki-tallinn.com\/de\/megastar\/","title":{"rendered":"Megastar (Tallink F\u00e4hre)"},"content":{"rendered":"\n<p>Eines der F\u00e4hrschiffe, die <a href=\"https:\/\/helsinki-tallinn.com\/de\/tallink-silja\/\">Tallink Silja<\/a> auf der \u00dcberfahrt zwischen Helsinki und Tallinn einsetzt, ist die Megastar. An Bord der Megastar k\u00f6nnen Sie verschiedene Annehmlichkeiten genie\u00dfen, darunter Restaurants und einen speziellen Spielbereich f\u00fcr Kinder. Werden Sie bald an Bord dieser F\u00e4hre gehen? Dann erfahren Sie auf dieser Seite alles, was Sie \u00fcber dieses Schiff wissen m\u00fcssen!<\/p>\n\n\n\n<h2 class=\"wp-block-heading\">Fakten zur Megastar-F\u00e4hre auf einen Blick<\/h2>\n\n\n\n<p>Sehen Sie sich unten einige interessante Fakten \u00fcber die Megastar-F\u00e4hre an:<\/p>\n\n\n\n<ul class=\"wp-block-list\">\n<li><strong>Baujahr: <\/strong>2017<\/li>\n\n\n\n<li><strong>Abmessungen: <\/strong>212 x 36 Meter<\/li>\n\n\n\n<li><strong>Passagierkapazit\u00e4t:<\/strong> 2800<\/li>\n\n\n\n<li><strong>Autokapazit\u00e4t: <\/strong>150<\/li>\n\n\n\n<li><strong>Segeln zwischen: <\/strong><a href=\"https:\/\/helsinki-tallinn.com\/de\/tallinn-hafen\/\">Tallinner Hafen<\/a> und <a href=\"https:\/\/helsinki-tallinn.com\/de\/helsinki-hafen\/\">Helsinkier Hafen<\/a> (beide Richtungen)<\/li>\n<\/ul>\n\n\n\n<h2 class=\"wp-block-heading\">Einrichtungen an Bord der Megastar<\/h2>\n\n\n\n<p>Die Megastar ist eine F\u00e4hre mit zahlreichen Einrichtungen an Bord, um die \u00dcberfahrt so angenehm wie m\u00f6glich zu gestalten. Dazu geh\u00f6ren verschiedene Restaurants und Bereiche, in denen Sie in bequemen St\u00fchlen sitzen k\u00f6nnen. Die wichtigsten Einrichtungen auf einen Blick:<\/p>\n\n\n\n<ul class=\"wp-block-list\">\n<li>Restaurants, Caf\u00e9s und Kneipen<\/li>\n\n\n\n<li>Shops<\/li>\n\n\n\n<li>Spielbereich f\u00fcr Kinder<\/li>\n\n\n\n<li>Lounges<\/li>\n\n\n\n<li>Auskunft<\/li>\n\n\n\n<li>Gep\u00e4ckraum<\/li>\n\n\n\n<li>Schlie\u00dff\u00e4cher (ab 2 Euro)<\/li>\n\n\n\n<li><\/li>\n<\/ul>\n\n\n\n<p>Neugierig auf die Einrichtungen, bevor Sie an Bord gehen? Dann sehen Sie sich weitere Informationen zum <a href=\"https:\/\/helsinki-tallinn.com\/de\/helsinki-hafen\/tallink-silja-terminal\/\">Tallink Silja-Terminal in Helsinki<\/a> (West-Terminal 2) und zum <a href=\"https:\/\/helsinki-tallinn.com\/de\/tallinn-hafen\/tallink-silja-terminal\/\">Tallink Silja-Terminal in Tallinn<\/a> (Terminal D) an.<\/p>\n\n\n\n<h3 class=\"wp-block-heading\">Megastar-Deckplan (Planbeschreibung)<\/h3>\n\n\n\n<p>Sind Sie neugierig, auf welchem \u200b\u200bDeck Sie die verschiedenen Einrichtungen entdecken k\u00f6nnen? Ein \u00dcberblick:<\/p>\n\n\n\n<ul class=\"wp-block-list\">\n<li><strong>Deck 7:<\/strong> Shop (Traveller Superstore, Alcohol), Zwinger f\u00fcr Tiere<\/li>\n\n\n\n<li><strong>Deck 8:<\/strong> Caf\u00e9 (Kaffee &amp; Co), Shop (Traveller Superstore, Parf\u00fcms &amp; Kosmetik, Souvenirs, S\u00fc\u00dfwaren &amp; Delikatessen, Lobby-Shop), Playstation-Ecke, Lounges (Comfort Lounge, Business Lounge), Konferenzraum, VIP-Raum, Gep\u00e4ckraum und Schlie\u00dff\u00e4cher<\/li>\n\n\n\n<li><strong>Deck 9: <\/strong>Restaurants (Delight Buffet, The Chef&#8217;s Kitchen, Fast Lane, Burger King), Bars (Victory Bar, Sea Pub), Kinderspielbereich, Lounges (Sitting Lounge)<\/li>\n\n\n\n<li><strong>Deck 10:<\/strong> Lounges (Driver&#8217;s Lounge), Kabinen (20 Kabinen)<\/li>\n<\/ul>\n\n\n\n<h2 class=\"wp-block-heading\">Tallink megastar deck plan<\/h2>\n\n\n\n<p>Den <a href=\"https:\/\/en.tallink.com\/documents\/10192\/122897942\/Megastar+deck+plan.pdf\/e06bef49-552a-a5c5-738a-2ad7c3fb80bd\" target=\"_blank\" rel=\"noreferrer noopener\">gesamten Deckplan k\u00f6nnen Sie hier im PDF-Format<\/a> herunterladen und ansehen.<\/p>\n\n\n\n<h2 class=\"wp-block-heading\">Verfolgen Sie Megastar (Live-Standort auf der Karte)<\/h2>\n\n\n\n<p>Auf der Karte unten k\u00f6nnen Sie die MS Megastar verfolgen und ihren aktuellen Standort live sehen:<\/p>\n\n\n\n<script type=\"text\/javascript\">\n    \/\/ Map appearance\n    var width=\"100%\";         \/\/ width in pixels or percentage\n    var height=\"300\";         \/\/ height in pixels\n    var names=true;           \/\/ always show ship names (defaults to false)\n\n    \/\/ Single ship tracking\n    var imo=\"9773064\";        \/\/ display latest position (by IMO, overrides MMSI)\n    var show_track=true;      \/\/ display track line (last 24 hours)\n<\/script>\n<script type=\"text\/javascript\" src=\"https:\/\/www.vesselfinder.com\/aismap.js\"><\/script>\n\n\n\n<h2 class=\"wp-block-heading\">Video und Bilder von der MS Megastar<\/h2>\n\n\n\n<p>Neugierig, wie das Schiff von innen genau aussieht? Dann sehen Sie sich die Bilder unten an, in denen Sie einen virtuellen Rundgang durch das Schiff erhalten.<\/p>\n\n\n\n<figure class=\"wp-block-embed is-type-video is-provider-youtube wp-block-embed-youtube wp-embed-aspect-16-9 wp-has-aspect-ratio\"><div class=\"wp-block-embed__wrapper\">\n<iframe title=\"Tallink M\/S Megastar walk around\" width=\"500\" height=\"281\" src=\"https:\/\/www.youtube.com\/embed\/jmeKzBg1lZw?feature=oembed\" frameborder=\"0\" allow=\"accelerometer; autoplay; clipboard-write; encrypted-media; gyroscope; picture-in-picture; web-share\" referrerpolicy=\"strict-origin-when-cross-origin\" allowfullscreen><\/iframe>\n<\/div><\/figure>\n\n\n\n<h2 class=\"wp-block-heading\">Andere F\u00e4hrschiffe zwischen Tallinn und Helsinki<\/h2>\n\n\n\n<p>Neben der Megastar setzt Tallink Silja auch das Schwesterschiff <a href=\"https:\/\/helsinki-tallinn.com\/de\/mystar\/\">MyStar <\/a>ein. Dar\u00fcber hinaus verkehren auch F\u00e4hrschiffe der Betreiber Ecker\u00f6 Line und Viking Line zwischen dem Hafen von Helsinki und Tallinn: die <a href=\"https:\/\/helsinki-tallinn.com\/de\/viking-xprs-ferry\/\">Viking XPRS<\/a> und die <a href=\"https:\/\/helsinki-tallinn.com\/de\/finlandia\/\">Finlandia<\/a>.<\/p>\n","protected":false},"excerpt":{"rendered":"<p>Eines der F\u00e4hrschiffe, die Tallink Silja auf der \u00dcberfahrt zwischen Helsinki und Tallinn einsetzt, ist die Megastar. An Bord der [&hellip;]<\/p>\n","protected":false},"author":1,"featured_media":199,"parent":0,"menu_order":0,"comment_status":"closed","ping_status":"closed","template":"","meta":{"_acf_changed":false,"inline_featured_image":false,"site-sidebar-layout":"default","site-content-layout":"","ast-site-content-layout":"default","site-content-style":"default","site-sidebar-style":"default","ast-global-header-display":"","ast-banner-title-visibility":"","ast-main-header-display":"","ast-hfb-above-header-display":"","ast-hfb-below-header-display":"","ast-hfb-mobile-header-display":"","site-post-title":"","ast-breadcrumbs-content":"","ast-featured-img":"","footer-sml-layout":"","ast-disable-related-posts":"","theme-transparent-header-meta":"","adv-header-id-meta":"","stick-header-meta":"","header-above-stick-meta":"","header-main-stick-meta":"","header-below-stick-meta":"","astra-migrate-meta-layouts":"default","ast-page-background-enabled":"default","ast-page-background-meta":{"desktop":{"background-color":"var(--ast-global-color-4)","background-image":"","background-repeat":"repeat","background-position":"center center","background-size":"auto","background-attachment":"scroll","background-type":"","background-media":"","overlay-type":"","overlay-color":"","overlay-opacity":"","overlay-gradient":""},"tablet":{"background-color":"","background-image":"","background-repeat":"repeat","background-position":"center center","background-size":"auto","background-attachment":"scroll","background-type":"","background-media":"","overlay-type":"","overlay-color":"","overlay-opacity":"","overlay-gradient":""},"mobile":{"background-color":"","background-image":"","background-repeat":"repeat","background-position":"center center","background-size":"auto","background-attachment":"scroll","background-type":"","background-media":"","overlay-type":"","overlay-color":"","overlay-opacity":"","overlay-gradient":""}},"ast-content-background-meta":{"desktop":{"background-color":"var(--ast-global-color-5)","background-image":"","background-repeat":"repeat","background-position":"center center","background-size":"auto","background-attachment":"scroll","background-type":"","background-media":"","overlay-type":"","overlay-color":"","overlay-opacity":"","overlay-gradient":""},"tablet":{"background-color":"var(--ast-global-color-5)","background-image":"","background-repeat":"repeat","background-position":"center center","background-size":"auto","background-attachment":"scroll","background-type":"","background-media":"","overlay-type":"","overlay-color":"","overlay-opacity":"","overlay-gradient":""},"mobile":{"background-color":"var(--ast-global-color-5)","background-image":"","background-repeat":"repeat","background-position":"center center","background-size":"auto","background-attachment":"scroll","background-type":"","background-media":"","overlay-type":"","overlay-color":"","overlay-opacity":"","overlay-gradient":""}},"footnotes":""},"class_list":["post-86","page","type-page","status-publish","has-post-thumbnail","hentry"],"acf":[],"yoast_head":"<!-- This site is optimized with the Yoast SEO plugin v27.2 - https:\/\/yoast.com\/product\/yoast-seo-wordpress\/ -->\n<title>Megastar (Tallink F\u00e4hre) - Helsinki Tallinn F\u00e4hre<\/title>\n<meta name=\"description\" content=\"Alles, was Sie \u00fcber die Megastar-F\u00e4hre von Tallink Silja wissen m\u00fcssen: Deckplan (Karte), Restaurant\u00fcbersicht und Live-Standortverfolgung.\" \/>\n<meta name=\"robots\" content=\"index, follow, max-snippet:-1, max-image-preview:large, max-video-preview:-1\" \/>\n<link rel=\"canonical\" href=\"https:\/\/helsinki-tallinn.com\/de\/megastar\/\" \/>\n<meta property=\"og:locale\" content=\"de_DE\" \/>\n<meta property=\"og:type\" content=\"article\" \/>\n<meta property=\"og:title\" content=\"Megastar (Tallink F\u00e4hre) - Helsinki Tallinn F\u00e4hre\" \/>\n<meta property=\"og:description\" content=\"Alles, was Sie \u00fcber die Megastar-F\u00e4hre von Tallink Silja wissen m\u00fcssen: Deckplan (Karte), Restaurant\u00fcbersicht und Live-Standortverfolgung.\" \/>\n<meta property=\"og:url\" content=\"https:\/\/helsinki-tallinn.com\/de\/megastar\/\" \/>\n<meta property=\"og:site_name\" content=\"Helsinki Tallinn F\u00e4hre\" \/>\n<meta property=\"article:modified_time\" content=\"2026-02-24T09:06:13+00:00\" \/>\n<meta property=\"og:image\" content=\"https:\/\/helsinki-tallinn.com\/de\/wp-content\/uploads\/sites\/2\/2026\/02\/megastar-vessel.jpg\" \/>\n\t<meta property=\"og:image:width\" content=\"1920\" \/>\n\t<meta property=\"og:image:height\" content=\"500\" \/>\n\t<meta property=\"og:image:type\" content=\"image\/jpeg\" \/>\n<meta name=\"twitter:card\" content=\"summary_large_image\" \/>\n<meta name=\"twitter:label1\" content=\"Gesch\u00e4tzte Lesezeit\" \/>\n\t<meta name=\"twitter:data1\" content=\"3\u00a0Minuten\" \/>\n<script type=\"application\/ld+json\" class=\"yoast-schema-graph\">{\"@context\":\"https:\/\/schema.org\",\"@graph\":[{\"@type\":\"WebPage\",\"@id\":\"https:\/\/helsinki-tallinn.com\/de\/megastar\/\",\"url\":\"https:\/\/helsinki-tallinn.com\/de\/megastar\/\",\"name\":\"Megastar (Tallink F\u00e4hre) - Helsinki Tallinn F\u00e4hre\",\"isPartOf\":{\"@id\":\"https:\/\/helsinki-tallinn.com\/de\/#website\"},\"primaryImageOfPage\":{\"@id\":\"https:\/\/helsinki-tallinn.com\/de\/megastar\/#primaryimage\"},\"image\":{\"@id\":\"https:\/\/helsinki-tallinn.com\/de\/megastar\/#primaryimage\"},\"thumbnailUrl\":\"https:\/\/helsinki-tallinn.com\/de\/wp-content\/uploads\/sites\/2\/2026\/02\/megastar-vessel.jpg\",\"datePublished\":\"2024-06-18T08:41:12+00:00\",\"dateModified\":\"2026-02-24T09:06:13+00:00\",\"description\":\"Alles, was Sie \u00fcber die Megastar-F\u00e4hre von Tallink Silja wissen m\u00fcssen: Deckplan (Karte), Restaurant\u00fcbersicht und Live-Standortverfolgung.\",\"breadcrumb\":{\"@id\":\"https:\/\/helsinki-tallinn.com\/de\/megastar\/#breadcrumb\"},\"inLanguage\":\"de\",\"potentialAction\":[{\"@type\":\"ReadAction\",\"target\":[\"https:\/\/helsinki-tallinn.com\/de\/megastar\/\"]}]},{\"@type\":\"ImageObject\",\"inLanguage\":\"de\",\"@id\":\"https:\/\/helsinki-tallinn.com\/de\/megastar\/#primaryimage\",\"url\":\"https:\/\/helsinki-tallinn.com\/de\/wp-content\/uploads\/sites\/2\/2026\/02\/megastar-vessel.jpg\",\"contentUrl\":\"https:\/\/helsinki-tallinn.com\/de\/wp-content\/uploads\/sites\/2\/2026\/02\/megastar-vessel.jpg\",\"width\":1920,\"height\":500},{\"@type\":\"BreadcrumbList\",\"@id\":\"https:\/\/helsinki-tallinn.com\/de\/megastar\/#breadcrumb\",\"itemListElement\":[{\"@type\":\"ListItem\",\"position\":1,\"name\":\"Helsinki Tallinn\",\"item\":\"https:\/\/helsinki-tallinn.com\/de\/\"},{\"@type\":\"ListItem\",\"position\":2,\"name\":\"Megastar (Tallink F\u00e4hre)\"}]},{\"@type\":\"WebSite\",\"@id\":\"https:\/\/helsinki-tallinn.com\/de\/#website\",\"url\":\"https:\/\/helsinki-tallinn.com\/de\/\",\"name\":\"Helsinki Tallinn F\u00e4hre\",\"description\":\"\",\"publisher\":{\"@id\":\"https:\/\/helsinki-tallinn.com\/de\/#organization\"},\"potentialAction\":[{\"@type\":\"SearchAction\",\"target\":{\"@type\":\"EntryPoint\",\"urlTemplate\":\"https:\/\/helsinki-tallinn.com\/de\/?s={search_term_string}\"},\"query-input\":{\"@type\":\"PropertyValueSpecification\",\"valueRequired\":true,\"valueName\":\"search_term_string\"}}],\"inLanguage\":\"de\"},{\"@type\":\"Organization\",\"@id\":\"https:\/\/helsinki-tallinn.com\/de\/#organization\",\"name\":\"Helsinki Tallinn F\u00e4hre\",\"url\":\"https:\/\/helsinki-tallinn.com\/de\/\",\"logo\":{\"@type\":\"ImageObject\",\"inLanguage\":\"de\",\"@id\":\"https:\/\/helsinki-tallinn.com\/de\/#\/schema\/logo\/image\/\",\"url\":\"https:\/\/helsinki-tallinn.com\/de\/wp-content\/uploads\/sites\/2\/2026\/02\/Helsinki-Talinn-powered.png\",\"contentUrl\":\"https:\/\/helsinki-tallinn.com\/de\/wp-content\/uploads\/sites\/2\/2026\/02\/Helsinki-Talinn-powered.png\",\"width\":700,\"height\":200,\"caption\":\"Helsinki Tallinn F\u00e4hre\"},\"image\":{\"@id\":\"https:\/\/helsinki-tallinn.com\/de\/#\/schema\/logo\/image\/\"}}]}<\/script>\n<!-- \/ Yoast SEO plugin. -->","yoast_head_json":{"title":"Megastar (Tallink F\u00e4hre) - Helsinki Tallinn F\u00e4hre","description":"Alles, was Sie \u00fcber die Megastar-F\u00e4hre von Tallink Silja wissen m\u00fcssen: Deckplan (Karte), Restaurant\u00fcbersicht und Live-Standortverfolgung.","robots":{"index":"index","follow":"follow","max-snippet":"max-snippet:-1","max-image-preview":"max-image-preview:large","max-video-preview":"max-video-preview:-1"},"canonical":"https:\/\/helsinki-tallinn.com\/de\/megastar\/","og_locale":"de_DE","og_type":"article","og_title":"Megastar (Tallink F\u00e4hre) - Helsinki Tallinn F\u00e4hre","og_description":"Alles, was Sie \u00fcber die Megastar-F\u00e4hre von Tallink Silja wissen m\u00fcssen: Deckplan (Karte), Restaurant\u00fcbersicht und Live-Standortverfolgung.","og_url":"https:\/\/helsinki-tallinn.com\/de\/megastar\/","og_site_name":"Helsinki Tallinn F\u00e4hre","article_modified_time":"2026-02-24T09:06:13+00:00","og_image":[{"width":1920,"height":500,"url":"https:\/\/helsinki-tallinn.com\/de\/wp-content\/uploads\/sites\/2\/2026\/02\/megastar-vessel.jpg","type":"image\/jpeg"}],"twitter_card":"summary_large_image","twitter_misc":{"Gesch\u00e4tzte Lesezeit":"3\u00a0Minuten"},"schema":{"@context":"https:\/\/schema.org","@graph":[{"@type":"WebPage","@id":"https:\/\/helsinki-tallinn.com\/de\/megastar\/","url":"https:\/\/helsinki-tallinn.com\/de\/megastar\/","name":"Megastar (Tallink F\u00e4hre) - Helsinki Tallinn F\u00e4hre","isPartOf":{"@id":"https:\/\/helsinki-tallinn.com\/de\/#website"},"primaryImageOfPage":{"@id":"https:\/\/helsinki-tallinn.com\/de\/megastar\/#primaryimage"},"image":{"@id":"https:\/\/helsinki-tallinn.com\/de\/megastar\/#primaryimage"},"thumbnailUrl":"https:\/\/helsinki-tallinn.com\/de\/wp-content\/uploads\/sites\/2\/2026\/02\/megastar-vessel.jpg","datePublished":"2024-06-18T08:41:12+00:00","dateModified":"2026-02-24T09:06:13+00:00","description":"Alles, was Sie \u00fcber die Megastar-F\u00e4hre von Tallink Silja wissen m\u00fcssen: Deckplan (Karte), Restaurant\u00fcbersicht und Live-Standortverfolgung.","breadcrumb":{"@id":"https:\/\/helsinki-tallinn.com\/de\/megastar\/#breadcrumb"},"inLanguage":"de","potentialAction":[{"@type":"ReadAction","target":["https:\/\/helsinki-tallinn.com\/de\/megastar\/"]}]},{"@type":"ImageObject","inLanguage":"de","@id":"https:\/\/helsinki-tallinn.com\/de\/megastar\/#primaryimage","url":"https:\/\/helsinki-tallinn.com\/de\/wp-content\/uploads\/sites\/2\/2026\/02\/megastar-vessel.jpg","contentUrl":"https:\/\/helsinki-tallinn.com\/de\/wp-content\/uploads\/sites\/2\/2026\/02\/megastar-vessel.jpg","width":1920,"height":500},{"@type":"BreadcrumbList","@id":"https:\/\/helsinki-tallinn.com\/de\/megastar\/#breadcrumb","itemListElement":[{"@type":"ListItem","position":1,"name":"Helsinki Tallinn","item":"https:\/\/helsinki-tallinn.com\/de\/"},{"@type":"ListItem","position":2,"name":"Megastar (Tallink F\u00e4hre)"}]},{"@type":"WebSite","@id":"https:\/\/helsinki-tallinn.com\/de\/#website","url":"https:\/\/helsinki-tallinn.com\/de\/","name":"Helsinki Tallinn F\u00e4hre","description":"","publisher":{"@id":"https:\/\/helsinki-tallinn.com\/de\/#organization"},"potentialAction":[{"@type":"SearchAction","target":{"@type":"EntryPoint","urlTemplate":"https:\/\/helsinki-tallinn.com\/de\/?s={search_term_string}"},"query-input":{"@type":"PropertyValueSpecification","valueRequired":true,"valueName":"search_term_string"}}],"inLanguage":"de"},{"@type":"Organization","@id":"https:\/\/helsinki-tallinn.com\/de\/#organization","name":"Helsinki Tallinn F\u00e4hre","url":"https:\/\/helsinki-tallinn.com\/de\/","logo":{"@type":"ImageObject","inLanguage":"de","@id":"https:\/\/helsinki-tallinn.com\/de\/#\/schema\/logo\/image\/","url":"https:\/\/helsinki-tallinn.com\/de\/wp-content\/uploads\/sites\/2\/2026\/02\/Helsinki-Talinn-powered.png","contentUrl":"https:\/\/helsinki-tallinn.com\/de\/wp-content\/uploads\/sites\/2\/2026\/02\/Helsinki-Talinn-powered.png","width":700,"height":200,"caption":"Helsinki Tallinn F\u00e4hre"},"image":{"@id":"https:\/\/helsinki-tallinn.com\/de\/#\/schema\/logo\/image\/"}}]}},"_links":{"self":[{"href":"https:\/\/helsinki-tallinn.com\/de\/wp-json\/wp\/v2\/pages\/86","targetHints":{"allow":["GET"]}}],"collection":[{"href":"https:\/\/helsinki-tallinn.com\/de\/wp-json\/wp\/v2\/pages"}],"about":[{"href":"https:\/\/helsinki-tallinn.com\/de\/wp-json\/wp\/v2\/types\/page"}],"author":[{"embeddable":true,"href":"https:\/\/helsinki-tallinn.com\/de\/wp-json\/wp\/v2\/users\/1"}],"replies":[{"embeddable":true,"href":"https:\/\/helsinki-tallinn.com\/de\/wp-json\/wp\/v2\/comments?post=86"}],"version-history":[{"count":3,"href":"https:\/\/helsinki-tallinn.com\/de\/wp-json\/wp\/v2\/pages\/86\/revisions"}],"predecessor-version":[{"id":271,"href":"https:\/\/helsinki-tallinn.com\/de\/wp-json\/wp\/v2\/pages\/86\/revisions\/271"}],"wp:featuredmedia":[{"embeddable":true,"href":"https:\/\/helsinki-tallinn.com\/de\/wp-json\/wp\/v2\/media\/199"}],"wp:attachment":[{"href":"https:\/\/helsinki-tallinn.com\/de\/wp-json\/wp\/v2\/media?parent=86"}],"curies":[{"name":"wp","href":"https:\/\/api.w.org\/{rel}","templated":true}]}}