{"id":89,"date":"2024-06-18T08:46:03","date_gmt":"2024-06-18T08:46:03","guid":{"rendered":"https:\/\/helsinki-tallinn.com\/de\/?page_id=89"},"modified":"2026-02-24T08:44:23","modified_gmt":"2026-02-24T08:44:23","slug":"mystar","status":"publish","type":"page","link":"https:\/\/helsinki-tallinn.com\/de\/mystar\/","title":{"rendered":"MyStar (Tallink F\u00e4hre)"},"content":{"rendered":"\n<p>Eines der beiden F\u00e4hrschiffe, die <a href=\"https:\/\/helsinki-tallinn.com\/de\/tallink-silja\/\">Tallink Silja<\/a> auf der \u00dcberfahrt zwischen Helsinki und Tallinn einsetzt, ist die MyStar. Auf dieser Seite erfahren Sie alles \u00fcber diese F\u00e4hre, die \u00fcber verschiedene Einrichtungen an Bord verf\u00fcgt.<\/p>\n\n\n\n<h2 class=\"wp-block-heading\">Fakten zum MyStar<\/h2>\n\n\n\n<p>Sehen Sie sich unten einige interessante Fakten \u00fcber MyStar an:<\/p>\n\n\n\n<ul class=\"wp-block-list\">\n<li><strong>Baujahr: <\/strong>2022<\/li>\n\n\n\n<li><strong>Abmessungen:<\/strong> 213 x 36 Meter<\/li>\n\n\n\n<li><strong>Passagierkapazit\u00e4t:<\/strong> 2800<\/li>\n\n\n\n<li><strong>Autokapazit\u00e4t:<\/strong> 150<\/li>\n\n\n\n<li><strong>Segeln zwischen:<\/strong> <a href=\"https:\/\/helsinki-tallinn.com\/de\/helsinki-hafen\/\">Hafen Helsinki<\/a> und <a href=\"https:\/\/helsinki-tallinn.com\/de\/tallinn-hafen\/\">Hafen Tallinn<\/a><\/li>\n<\/ul>\n\n\n\n<h2 class=\"wp-block-heading\">Einrichtungen an Bord der MyStar<\/h2>\n\n\n\n<p>Die MyStar ist ein relativ neues Schiff und mit verschiedenen Annehmlichkeiten ausgestattet. Es gibt viele verschiedene Restaurants, in denen Sie eine Mahlzeit genie\u00dfen k\u00f6nnen, und Kinder k\u00f6nnen sich im speziellen Spielbereich vergn\u00fcgen.<\/p>\n\n\n\n<p>Alle wichtigen Einrichtungen auf einen Blick:<\/p>\n\n\n\n<ul class=\"wp-block-list\">\n<li>Gratis Wifi<\/li>\n\n\n\n<li>Toiletten<\/li>\n\n\n\n<li>Restaurants<\/li>\n\n\n\n<li>Kneipen<\/li>\n\n\n\n<li>Shops<\/li>\n\n\n\n<li>Spielbereich f\u00fcr Kinder<\/li>\n\n\n\n<li>Lounges<\/li>\n\n\n\n<li>Rezeption<\/li>\n<\/ul>\n\n\n\n<p>Informationen zu den Einrichtungen in den H\u00e4fen selbst finden Sie auf den Seiten des <a href=\"https:\/\/helsinki-tallinn.com\/de\/tallinn-hafen\/tallink-silja-terminal\/\">Tallink Silja-Terminals in Tallinn<\/a> und des <a href=\"https:\/\/helsinki-tallinn.com\/de\/helsinki-hafen\/tallink-silja-terminal\/\">Tallink Silja-Terminals in Helsinki<\/a>.<\/p>\n\n\n\n<h3 class=\"wp-block-heading\">Grundriss (MyStar Deckplan)<\/h3>\n\n\n\n<p>Sind Sie neugierig, wo Sie welche Einrichtungen an Bord entdecken k\u00f6nnen? Dann sehen Sie sich den Deckplan unten an:<\/p>\n\n\n\n<ul class=\"wp-block-list\">\n<li><strong>Deck 6:<\/strong> Kabinen<\/li>\n\n\n\n<li><strong>Deck 7: <\/strong>Travel Superstore (Shop), Pop-up-Shop, Spirituosenladen,<\/li>\n\n\n\n<li><strong>Deck 8: <\/strong>Family Picnic (Familienrestaurant), Kinderspielbereich, Travel Superstore (Shop), Comfort Lounge, Business Lounge, Platinum Lounge*, Rezeption<\/li>\n\n\n\n<li><strong>Deck 9: <\/strong>Delight Buffet (Restaurant), Burger King, Fast Lane (Selbstbedienungsrestaurant), Nordic Bar (Bar), Sea Pub (Pub), Garden (Au\u00dfenterrasse), The Chef&#8217;s Kitchen (Restaurant)<\/li>\n\n\n\n<li><strong>Deck 10: <\/strong>Suite-Kabine (Luxuskabinen)<\/li>\n<\/ul>\n\n\n\n<p>M\u00f6chten Sie die Karte ansehen? <a href=\"https:\/\/en.tallink.com\/documents\/10192\/19634953\/MyStar+plan.pdf\" target=\"_blank\" rel=\"noreferrer noopener\">Sie k\u00f6nnen es hier im PDF-Format herunterladen<\/a>.<\/p>\n\n\n\n<h2 class=\"wp-block-heading\">MyStar-Live-Standort (auf der Karte verfolgen)<\/h2>\n\n\n\n<p>Neugierig, wo sich der MyStar jetzt befindet? Sie k\u00f6nnen den Live-Standort des MyStar auf der Karte unten verfolgen:<\/p>\n\n\n\n<script type=\"text\/javascript\">\n    \/\/ Map appearance\n    var width=\"100%\";         \/\/ width in pixels or percentage\n    var height=\"300\";         \/\/ height in pixels\n    var names=true;           \/\/ always show ship names (defaults to false)\n\n    \/\/ Single ship tracking\n    var imo=\"9892690\";        \/\/ display latest position (by IMO, overrides MMSI)\n    var show_track=true;      \/\/ display track line (last 24 hours)\n<\/script>\n<script type=\"text\/javascript\" src=\"https:\/\/www.vesselfinder.com\/aismap.js\"><\/script>\n\n\n\n<h2 class=\"wp-block-heading\">Video vom MyStar<\/h2>\n\n\n\n<p>Steigen Sie mit dem Video unten virtuell an Bord der MyStar und erhalten Sie einen guten Eindruck vom Schiff.<\/p>\n\n\n\n<figure class=\"wp-block-embed is-type-video is-provider-youtube wp-block-embed-youtube wp-embed-aspect-16-9 wp-has-aspect-ratio\"><div class=\"wp-block-embed__wrapper\">\n<iframe title=\"Ferry Ride from Helsinki To Tallinn - Inside Tallink Mystar Ferry - MyStar The MOST AMAZING Shuttle\" width=\"500\" height=\"281\" src=\"https:\/\/www.youtube.com\/embed\/dLTeBPOh3WI?feature=oembed\" frameborder=\"0\" allow=\"accelerometer; autoplay; clipboard-write; encrypted-media; gyroscope; picture-in-picture; web-share\" referrerpolicy=\"strict-origin-when-cross-origin\" allowfullscreen><\/iframe>\n<\/div><\/figure>\n\n\n\n<h2 class=\"wp-block-heading\">Weitere F\u00e4hrschiffe auf der Strecke<\/h2>\n\n\n\n<p>Die MyStar von Tallink Silja ist nicht das einzige F\u00e4hrschiff auf der Strecke: Auch die <a href=\"https:\/\/helsinki-tallinn.com\/de\/megastar\/\">Megastar<\/a> kommt zum Einsatz. Dar\u00fcber hinaus sind auf der \u00dcberfahrt auch Schiffe der <a href=\"https:\/\/helsinki-tallinn.com\/de\/viking-line\/\">Viking Line<\/a> und <a href=\"https:\/\/helsinki-tallinn.com\/de\/eckero-line\/\">Ecker\u00f6 Line<\/a> im Einsatz: die <a href=\"https:\/\/helsinki-tallinn.com\/de\/viking-xprs-ferry\/\">Viking XPRS<\/a> und die <a href=\"https:\/\/helsinki-tallinn.com\/de\/finlandia\/\">Finlandia<\/a>.<\/p>\n","protected":false},"excerpt":{"rendered":"<p>Eines der beiden F\u00e4hrschiffe, die Tallink Silja auf der \u00dcberfahrt zwischen Helsinki und Tallinn einsetzt, ist die MyStar. Auf dieser [&hellip;]<\/p>\n","protected":false},"author":1,"featured_media":201,"parent":0,"menu_order":0,"comment_status":"closed","ping_status":"closed","template":"","meta":{"_acf_changed":false,"inline_featured_image":false,"site-sidebar-layout":"default","site-content-layout":"","ast-site-content-layout":"default","site-content-style":"default","site-sidebar-style":"default","ast-global-header-display":"","ast-banner-title-visibility":"","ast-main-header-display":"","ast-hfb-above-header-display":"","ast-hfb-below-header-display":"","ast-hfb-mobile-header-display":"","site-post-title":"","ast-breadcrumbs-content":"","ast-featured-img":"","footer-sml-layout":"","ast-disable-related-posts":"","theme-transparent-header-meta":"","adv-header-id-meta":"","stick-header-meta":"","header-above-stick-meta":"","header-main-stick-meta":"","header-below-stick-meta":"","astra-migrate-meta-layouts":"default","ast-page-background-enabled":"default","ast-page-background-meta":{"desktop":{"background-color":"var(--ast-global-color-4)","background-image":"","background-repeat":"repeat","background-position":"center center","background-size":"auto","background-attachment":"scroll","background-type":"","background-media":"","overlay-type":"","overlay-color":"","overlay-opacity":"","overlay-gradient":""},"tablet":{"background-color":"","background-image":"","background-repeat":"repeat","background-position":"center center","background-size":"auto","background-attachment":"scroll","background-type":"","background-media":"","overlay-type":"","overlay-color":"","overlay-opacity":"","overlay-gradient":""},"mobile":{"background-color":"","background-image":"","background-repeat":"repeat","background-position":"center center","background-size":"auto","background-attachment":"scroll","background-type":"","background-media":"","overlay-type":"","overlay-color":"","overlay-opacity":"","overlay-gradient":""}},"ast-content-background-meta":{"desktop":{"background-color":"var(--ast-global-color-5)","background-image":"","background-repeat":"repeat","background-position":"center center","background-size":"auto","background-attachment":"scroll","background-type":"","background-media":"","overlay-type":"","overlay-color":"","overlay-opacity":"","overlay-gradient":""},"tablet":{"background-color":"var(--ast-global-color-5)","background-image":"","background-repeat":"repeat","background-position":"center center","background-size":"auto","background-attachment":"scroll","background-type":"","background-media":"","overlay-type":"","overlay-color":"","overlay-opacity":"","overlay-gradient":""},"mobile":{"background-color":"var(--ast-global-color-5)","background-image":"","background-repeat":"repeat","background-position":"center center","background-size":"auto","background-attachment":"scroll","background-type":"","background-media":"","overlay-type":"","overlay-color":"","overlay-opacity":"","overlay-gradient":""}},"footnotes":""},"class_list":["post-89","page","type-page","status-publish","has-post-thumbnail","hentry"],"acf":[],"yoast_head":"<!-- This site is optimized with the Yoast SEO plugin v27.2 - https:\/\/yoast.com\/product\/yoast-seo-wordpress\/ -->\n<title>MyStar (Tallink F\u00e4hre) - Helsinki Tallinn F\u00e4hre<\/title>\n<meta name=\"description\" content=\"Informationen zur MyStar-F\u00e4hre von Tallink Silja: F\u00e4hrkarte (Deckplan), \u00dcbersicht \u00fcber die Einrichtungen und Live-Standortverfolgung.\" \/>\n<meta name=\"robots\" content=\"index, follow, max-snippet:-1, max-image-preview:large, max-video-preview:-1\" \/>\n<link rel=\"canonical\" href=\"https:\/\/helsinki-tallinn.com\/de\/mystar\/\" \/>\n<meta property=\"og:locale\" content=\"de_DE\" \/>\n<meta property=\"og:type\" content=\"article\" \/>\n<meta property=\"og:title\" content=\"MyStar (Tallink F\u00e4hre) - Helsinki Tallinn F\u00e4hre\" \/>\n<meta property=\"og:description\" content=\"Informationen zur MyStar-F\u00e4hre von Tallink Silja: F\u00e4hrkarte (Deckplan), \u00dcbersicht \u00fcber die Einrichtungen und Live-Standortverfolgung.\" \/>\n<meta property=\"og:url\" content=\"https:\/\/helsinki-tallinn.com\/de\/mystar\/\" \/>\n<meta property=\"og:site_name\" content=\"Helsinki Tallinn F\u00e4hre\" \/>\n<meta property=\"article:modified_time\" content=\"2026-02-24T08:44:23+00:00\" \/>\n<meta property=\"og:image\" content=\"https:\/\/helsinki-tallinn.com\/de\/wp-content\/uploads\/sites\/2\/2026\/02\/talinn-arrival-ferry.jpg\" \/>\n\t<meta property=\"og:image:width\" content=\"1920\" \/>\n\t<meta property=\"og:image:height\" content=\"500\" \/>\n\t<meta property=\"og:image:type\" content=\"image\/jpeg\" \/>\n<meta name=\"twitter:card\" content=\"summary_large_image\" \/>\n<meta name=\"twitter:label1\" content=\"Gesch\u00e4tzte Lesezeit\" \/>\n\t<meta name=\"twitter:data1\" content=\"2\u00a0Minuten\" \/>\n<script type=\"application\/ld+json\" class=\"yoast-schema-graph\">{\"@context\":\"https:\/\/schema.org\",\"@graph\":[{\"@type\":\"WebPage\",\"@id\":\"https:\/\/helsinki-tallinn.com\/de\/mystar\/\",\"url\":\"https:\/\/helsinki-tallinn.com\/de\/mystar\/\",\"name\":\"MyStar (Tallink F\u00e4hre) - Helsinki Tallinn F\u00e4hre\",\"isPartOf\":{\"@id\":\"https:\/\/helsinki-tallinn.com\/de\/#website\"},\"primaryImageOfPage\":{\"@id\":\"https:\/\/helsinki-tallinn.com\/de\/mystar\/#primaryimage\"},\"image\":{\"@id\":\"https:\/\/helsinki-tallinn.com\/de\/mystar\/#primaryimage\"},\"thumbnailUrl\":\"https:\/\/helsinki-tallinn.com\/de\/wp-content\/uploads\/sites\/2\/2026\/02\/talinn-arrival-ferry.jpg\",\"datePublished\":\"2024-06-18T08:46:03+00:00\",\"dateModified\":\"2026-02-24T08:44:23+00:00\",\"description\":\"Informationen zur MyStar-F\u00e4hre von Tallink Silja: F\u00e4hrkarte (Deckplan), \u00dcbersicht \u00fcber die Einrichtungen und Live-Standortverfolgung.\",\"breadcrumb\":{\"@id\":\"https:\/\/helsinki-tallinn.com\/de\/mystar\/#breadcrumb\"},\"inLanguage\":\"de\",\"potentialAction\":[{\"@type\":\"ReadAction\",\"target\":[\"https:\/\/helsinki-tallinn.com\/de\/mystar\/\"]}]},{\"@type\":\"ImageObject\",\"inLanguage\":\"de\",\"@id\":\"https:\/\/helsinki-tallinn.com\/de\/mystar\/#primaryimage\",\"url\":\"https:\/\/helsinki-tallinn.com\/de\/wp-content\/uploads\/sites\/2\/2026\/02\/talinn-arrival-ferry.jpg\",\"contentUrl\":\"https:\/\/helsinki-tallinn.com\/de\/wp-content\/uploads\/sites\/2\/2026\/02\/talinn-arrival-ferry.jpg\",\"width\":1920,\"height\":500},{\"@type\":\"BreadcrumbList\",\"@id\":\"https:\/\/helsinki-tallinn.com\/de\/mystar\/#breadcrumb\",\"itemListElement\":[{\"@type\":\"ListItem\",\"position\":1,\"name\":\"Helsinki Tallinn\",\"item\":\"https:\/\/helsinki-tallinn.com\/de\/\"},{\"@type\":\"ListItem\",\"position\":2,\"name\":\"MyStar (Tallink F\u00e4hre)\"}]},{\"@type\":\"WebSite\",\"@id\":\"https:\/\/helsinki-tallinn.com\/de\/#website\",\"url\":\"https:\/\/helsinki-tallinn.com\/de\/\",\"name\":\"Helsinki Tallinn F\u00e4hre\",\"description\":\"\",\"publisher\":{\"@id\":\"https:\/\/helsinki-tallinn.com\/de\/#organization\"},\"potentialAction\":[{\"@type\":\"SearchAction\",\"target\":{\"@type\":\"EntryPoint\",\"urlTemplate\":\"https:\/\/helsinki-tallinn.com\/de\/?s={search_term_string}\"},\"query-input\":{\"@type\":\"PropertyValueSpecification\",\"valueRequired\":true,\"valueName\":\"search_term_string\"}}],\"inLanguage\":\"de\"},{\"@type\":\"Organization\",\"@id\":\"https:\/\/helsinki-tallinn.com\/de\/#organization\",\"name\":\"Helsinki Tallinn F\u00e4hre\",\"url\":\"https:\/\/helsinki-tallinn.com\/de\/\",\"logo\":{\"@type\":\"ImageObject\",\"inLanguage\":\"de\",\"@id\":\"https:\/\/helsinki-tallinn.com\/de\/#\/schema\/logo\/image\/\",\"url\":\"https:\/\/helsinki-tallinn.com\/de\/wp-content\/uploads\/sites\/2\/2026\/02\/Helsinki-Talinn-powered.png\",\"contentUrl\":\"https:\/\/helsinki-tallinn.com\/de\/wp-content\/uploads\/sites\/2\/2026\/02\/Helsinki-Talinn-powered.png\",\"width\":700,\"height\":200,\"caption\":\"Helsinki Tallinn F\u00e4hre\"},\"image\":{\"@id\":\"https:\/\/helsinki-tallinn.com\/de\/#\/schema\/logo\/image\/\"}}]}<\/script>\n<!-- \/ Yoast SEO plugin. -->","yoast_head_json":{"title":"MyStar (Tallink F\u00e4hre) - Helsinki Tallinn F\u00e4hre","description":"Informationen zur MyStar-F\u00e4hre von Tallink Silja: F\u00e4hrkarte (Deckplan), \u00dcbersicht \u00fcber die Einrichtungen und Live-Standortverfolgung.","robots":{"index":"index","follow":"follow","max-snippet":"max-snippet:-1","max-image-preview":"max-image-preview:large","max-video-preview":"max-video-preview:-1"},"canonical":"https:\/\/helsinki-tallinn.com\/de\/mystar\/","og_locale":"de_DE","og_type":"article","og_title":"MyStar (Tallink F\u00e4hre) - Helsinki Tallinn F\u00e4hre","og_description":"Informationen zur MyStar-F\u00e4hre von Tallink Silja: F\u00e4hrkarte (Deckplan), \u00dcbersicht \u00fcber die Einrichtungen und Live-Standortverfolgung.","og_url":"https:\/\/helsinki-tallinn.com\/de\/mystar\/","og_site_name":"Helsinki Tallinn F\u00e4hre","article_modified_time":"2026-02-24T08:44:23+00:00","og_image":[{"width":1920,"height":500,"url":"https:\/\/helsinki-tallinn.com\/de\/wp-content\/uploads\/sites\/2\/2026\/02\/talinn-arrival-ferry.jpg","type":"image\/jpeg"}],"twitter_card":"summary_large_image","twitter_misc":{"Gesch\u00e4tzte Lesezeit":"2\u00a0Minuten"},"schema":{"@context":"https:\/\/schema.org","@graph":[{"@type":"WebPage","@id":"https:\/\/helsinki-tallinn.com\/de\/mystar\/","url":"https:\/\/helsinki-tallinn.com\/de\/mystar\/","name":"MyStar (Tallink F\u00e4hre) - Helsinki Tallinn F\u00e4hre","isPartOf":{"@id":"https:\/\/helsinki-tallinn.com\/de\/#website"},"primaryImageOfPage":{"@id":"https:\/\/helsinki-tallinn.com\/de\/mystar\/#primaryimage"},"image":{"@id":"https:\/\/helsinki-tallinn.com\/de\/mystar\/#primaryimage"},"thumbnailUrl":"https:\/\/helsinki-tallinn.com\/de\/wp-content\/uploads\/sites\/2\/2026\/02\/talinn-arrival-ferry.jpg","datePublished":"2024-06-18T08:46:03+00:00","dateModified":"2026-02-24T08:44:23+00:00","description":"Informationen zur MyStar-F\u00e4hre von Tallink Silja: F\u00e4hrkarte (Deckplan), \u00dcbersicht \u00fcber die Einrichtungen und Live-Standortverfolgung.","breadcrumb":{"@id":"https:\/\/helsinki-tallinn.com\/de\/mystar\/#breadcrumb"},"inLanguage":"de","potentialAction":[{"@type":"ReadAction","target":["https:\/\/helsinki-tallinn.com\/de\/mystar\/"]}]},{"@type":"ImageObject","inLanguage":"de","@id":"https:\/\/helsinki-tallinn.com\/de\/mystar\/#primaryimage","url":"https:\/\/helsinki-tallinn.com\/de\/wp-content\/uploads\/sites\/2\/2026\/02\/talinn-arrival-ferry.jpg","contentUrl":"https:\/\/helsinki-tallinn.com\/de\/wp-content\/uploads\/sites\/2\/2026\/02\/talinn-arrival-ferry.jpg","width":1920,"height":500},{"@type":"BreadcrumbList","@id":"https:\/\/helsinki-tallinn.com\/de\/mystar\/#breadcrumb","itemListElement":[{"@type":"ListItem","position":1,"name":"Helsinki Tallinn","item":"https:\/\/helsinki-tallinn.com\/de\/"},{"@type":"ListItem","position":2,"name":"MyStar (Tallink F\u00e4hre)"}]},{"@type":"WebSite","@id":"https:\/\/helsinki-tallinn.com\/de\/#website","url":"https:\/\/helsinki-tallinn.com\/de\/","name":"Helsinki Tallinn F\u00e4hre","description":"","publisher":{"@id":"https:\/\/helsinki-tallinn.com\/de\/#organization"},"potentialAction":[{"@type":"SearchAction","target":{"@type":"EntryPoint","urlTemplate":"https:\/\/helsinki-tallinn.com\/de\/?s={search_term_string}"},"query-input":{"@type":"PropertyValueSpecification","valueRequired":true,"valueName":"search_term_string"}}],"inLanguage":"de"},{"@type":"Organization","@id":"https:\/\/helsinki-tallinn.com\/de\/#organization","name":"Helsinki Tallinn F\u00e4hre","url":"https:\/\/helsinki-tallinn.com\/de\/","logo":{"@type":"ImageObject","inLanguage":"de","@id":"https:\/\/helsinki-tallinn.com\/de\/#\/schema\/logo\/image\/","url":"https:\/\/helsinki-tallinn.com\/de\/wp-content\/uploads\/sites\/2\/2026\/02\/Helsinki-Talinn-powered.png","contentUrl":"https:\/\/helsinki-tallinn.com\/de\/wp-content\/uploads\/sites\/2\/2026\/02\/Helsinki-Talinn-powered.png","width":700,"height":200,"caption":"Helsinki Tallinn F\u00e4hre"},"image":{"@id":"https:\/\/helsinki-tallinn.com\/de\/#\/schema\/logo\/image\/"}}]}},"_links":{"self":[{"href":"https:\/\/helsinki-tallinn.com\/de\/wp-json\/wp\/v2\/pages\/89","targetHints":{"allow":["GET"]}}],"collection":[{"href":"https:\/\/helsinki-tallinn.com\/de\/wp-json\/wp\/v2\/pages"}],"about":[{"href":"https:\/\/helsinki-tallinn.com\/de\/wp-json\/wp\/v2\/types\/page"}],"author":[{"embeddable":true,"href":"https:\/\/helsinki-tallinn.com\/de\/wp-json\/wp\/v2\/users\/1"}],"replies":[{"embeddable":true,"href":"https:\/\/helsinki-tallinn.com\/de\/wp-json\/wp\/v2\/comments?post=89"}],"version-history":[{"count":2,"href":"https:\/\/helsinki-tallinn.com\/de\/wp-json\/wp\/v2\/pages\/89\/revisions"}],"predecessor-version":[{"id":125,"href":"https:\/\/helsinki-tallinn.com\/de\/wp-json\/wp\/v2\/pages\/89\/revisions\/125"}],"wp:featuredmedia":[{"embeddable":true,"href":"https:\/\/helsinki-tallinn.com\/de\/wp-json\/wp\/v2\/media\/201"}],"wp:attachment":[{"href":"https:\/\/helsinki-tallinn.com\/de\/wp-json\/wp\/v2\/media?parent=89"}],"curies":[{"name":"wp","href":"https:\/\/api.w.org\/{rel}","templated":true}]}}